{"id":883,"date":"2024-02-08T11:22:39","date_gmt":"2024-02-08T14:22:39","guid":{"rendered":"https:\/\/www.cca.ufpb.br\/db\/?page_id=883"},"modified":"2025-06-27T07:49:30","modified_gmt":"2025-06-27T10:49:30","slug":"documentos","status":"publish","type":"page","link":"https:\/\/www.cca.ufpb.br\/db\/documentos\/","title":{"rendered":"Documentos"},"content":{"rendered":"\n<p class=\"has-text-align-center has-black-color has-text-color has-background has-link-color has-medium-font-size wp-elements-b1c75ac23c06110c3f726ea1ffd5a902\" style=\"background-color:#d7d7de4d\"><strong>Afastamentos<\/strong><\/p>\n\n\n\n<h4 class=\"wp-block-heading has-black-color has-text-color has-link-color has-small-font-size wp-elements-d9b753ee6fc8af038ed640bce75d5490\"><a href=\"http:\/\/www.cca.ufpb.br\/db\/wp-content\/uploads\/sites\/128\/sites\/136\/2024\/11\/FORMULARIO-DOCENTES.docx\">Formul\u00e1rio de afastamento (docente)<\/a><\/h4>\n\n\n\n<h4 class=\"wp-block-heading has-black-color has-text-color has-link-color has-small-font-size wp-elements-b04111a33f0a636f38ce37cdd90c05ab\"><a href=\"http:\/\/www.cca.ufpb.br\/db\/wp-content\/uploads\/sites\/128\/sites\/136\/2024\/11\/Formulario-de-Afastamento-Acoes-de-Desenvolvimento-2024.doc\">Formul\u00e1rio de afastamento (servidores t\u00e9cnico-administrativos)<\/a><\/h4>\n\n\n\n<p><\/p>\n\n\n\n<p class=\"has-text-align-center has-black-color has-text-color has-background has-link-color has-medium-font-size wp-elements-4655cefda2b96b78dbe16f72591f8b94\" style=\"background-color:#d7d7de4d\"><strong>Di\u00e1rias e passagens<\/strong><\/p>\n\n\n\n<h4 class=\"wp-block-heading has-black-color has-text-color has-link-color has-small-font-size wp-elements-d039ffbd300fc51c1258c942ca099234\"><a href=\"http:\/\/www.cca.ufpb.br\/db\/wp-content\/uploads\/sites\/128\/sites\/136\/2025\/03\/Formulario-de-requerimento-de-diarias-e-passagens.docx\">Formul\u00e1rio de requerimento de di\u00e1rias e passagens (docentes)<\/a><\/h4>\n\n\n\n<h4 class=\"wp-block-heading has-black-color has-text-color has-link-color has-small-font-size wp-elements-b2aa050b9bc894526cd3394cd7bfbef3\"><a href=\"http:\/\/www.cca.ufpb.br\/db\/wp-content\/uploads\/sites\/128\/sites\/136\/2024\/11\/relatorio-de-viagem-in-2020.doc\">Relat\u00f3rio de viagem<\/a><\/h4>\n\n\n\n<h4 class=\"wp-block-heading has-black-color has-text-color has-link-color has-small-font-size wp-elements-fe06662a0afd1daccee255f94bbeca15\"><a href=\"http:\/\/www.cca.ufpb.br\/db\/wp-content\/uploads\/sites\/128\/sites\/136\/2024\/11\/justificativa-para-prestacao-de-contas-fora-do-prazo-legal.docx\">Justificativa de presta\u00e7\u00e3o de contas fora do prazo<\/a><\/h4>\n\n\n\n<h4 class=\"wp-block-heading has-black-color has-text-color has-link-color has-small-font-size wp-elements-beb2943e4cb35718ef64065453442a64\"><a href=\"http:\/\/www.cca.ufpb.br\/db\/wp-content\/uploads\/sites\/128\/sites\/136\/2024\/11\/04-justificativa-de-utilizacao-de-veiculo-proprio-vcsf.docx\">Justificativa de utiliza\u00e7\u00e3o de ve\u00edculo pr\u00f3prio<\/a><\/h4>\n\n\n\n<p><\/p>\n\n\n\n<p class=\"has-text-align-center has-black-color has-text-color has-background has-link-color has-medium-font-size wp-elements-d7b6bbb03c6faa60bdf8db800759ff55\" style=\"background-color:#d7d7de4d\"><strong>Requisi\u00e7\u00f5es<\/strong><\/p>\n\n\n\n<p class=\"has-black-color has-text-color has-link-color has-small-font-size wp-elements-106f4fbb5e0eb3fd84e600ebe57c04d0\"><a href=\"http:\/\/www.cca.ufpb.br\/db\/wp-content\/uploads\/sites\/128\/sites\/136\/2024\/11\/requisicao-de-transporte-2022-modelo.doc\">Requisi\u00e7\u00e3o de transporte<\/a><\/p>\n\n\n\n<p><\/p>\n\n\n\n<p class=\"has-text-align-center has-black-color has-text-color has-background has-link-color has-medium-font-size wp-elements-4221f096b41ebb835d832d06e23d6252\" style=\"background-color:#d7d7de4d\"><strong>Estatutos, regimentos e resolu\u00e7\u00f5es<\/strong><\/p>\n\n\n\n<h4 class=\"wp-block-heading has-black-color has-text-color has-link-color has-small-font-size wp-elements-078ffacd4bb5eee7536d4f339c46a11b\"><a href=\"https:\/\/www.ufpb.br\/cca\/contents\/documentos\/regimento-do-cca-80-pdf.pdf\">Estatuto do CCA<\/a><\/h4>\n\n\n\n<h2 class=\"wp-block-heading has-black-color has-text-color has-link-color has-small-font-size wp-elements-26a8a626cd1faeadd2e6c935ccad242c\"><a href=\"http:\/\/www.cca.ufpb.br\/db\/wp-content\/uploads\/sites\/128\/sites\/136\/2024\/11\/Resolucao-CONSEPE-07-2004-Afastamento-Docente.pdf\">Resolu\u00e7\u00e3o CONSEPE 07\/2004 &#8211; Afastamento de docente<\/a><\/h2>\n\n\n\n<h4 class=\"wp-block-heading has-black-color has-text-color has-link-color has-small-font-size wp-elements-c07932f37ac80c349decee2eb78dcc22\"><a href=\"http:\/\/www.ufpb.br\/concursoprofessor\/2014_eft-1\/Resolucao_CONSEPE_74_2013.pdf\">Resolu\u00e7\u00e3o CONSEPE 74\/2013 &#8211; Concurso para professor efetivo<\/a><\/h4>\n\n\n\n<h2 class=\"wp-block-heading has-black-color has-text-color has-link-color has-small-font-size wp-elements-c435df15bac547fc679b790145df54d8\"><a href=\"http:\/\/www.cca.ufpb.br\/db\/wp-content\/uploads\/sites\/128\/sites\/136\/2024\/11\/Resolucao-n\u00b0-25-2014-Afastamento-Qualificacao-e-Capacitacao-servidores-Tecnicos-Administrativos.pdf\">Resolu\u00e7\u00e3o CONSUNI 25\/2014 &#8211; Afastamento de servidor t\u00e9cnico-administrativo<\/a><\/h2>\n\n\n\n<h4 class=\"wp-block-heading has-black-color has-text-color has-link-color has-small-font-size wp-elements-d49031ee7606568a55a7d8e7a656620b\"><a href=\"http:\/\/www.cca.ufpb.br\/db\/wp-content\/uploads\/sites\/128\/sites\/136\/2024\/11\/RESOLUCAO-CONSEPE-07-2017.pdf\">Resolu\u00e7\u00e3o CONSEPE 07\/2017 &#8211; PSS para professor substituto<\/a><\/h4>\n\n\n\n<h2 class=\"wp-block-heading has-black-color has-text-color has-link-color has-small-font-size wp-elements-266872e61a8819603037c468142ae9ac\"><a href=\"http:\/\/www.cca.ufpb.br\/db\/wp-content\/uploads\/sites\/128\/sites\/136\/2025\/05\/Resolucao-52-2018.pdf\">Resolu\u00e7\u00e3o CONSEPE 52\/2018 &#8211; Regulamenta\u00e7\u00e3o dos encargos docentes<\/a><\/h2>\n\n\n\n<h4 class=\"wp-block-heading has-black-color has-text-color has-link-color has-small-font-size wp-elements-e71f647770168fa7be0ebbef567ba13e\"><a href=\"http:\/\/www.cca.ufpb.br\/db\/wp-content\/uploads\/sites\/128\/sites\/136\/2024\/11\/RESOLUCAO-29-2020.pdf\">Resolu\u00e7\u00e3o CONSEPE 29\/2020 &#8211; Regulamento Geral de Gradua\u00e7\u00e3o da UFPB<\/a><\/h4>\n\n\n\n<h2 class=\"wp-block-heading has-black-color has-text-color has-link-color has-small-font-size wp-elements-bd0d11b06bf69458e5da967644ea2e1d\"><a href=\"http:\/\/www.cca.ufpb.br\/db\/wp-content\/uploads\/sites\/128\/sites\/136\/2025\/05\/Resolucao-34-2020-CONSEPE.pdf\">Resolu\u00e7\u00e3o CONSEPE 34\/2020 &#8211; Credenciamento de professor volunt\u00e1rio<\/a><\/h2>\n\n\n\n<h2 class=\"wp-block-heading has-black-color has-text-color has-link-color has-small-font-size wp-elements-f48d2113c30f37a1d118708be01b2b64\"><a href=\"http:\/\/www.cca.ufpb.br\/db\/wp-content\/uploads\/sites\/128\/sites\/136\/2025\/06\/Resolucao-no-01-2023-chefes-e-coordenadores-aprovada-1.pdf\">Resolu\u00e7\u00e3o CCA 01\/2023 &#8211; Escolha de chefes e coordenadores de P\u00f3s-gradua\u00e7\u00e3o e de superintendente do HV<\/a><\/h2>\n\n\n\n<p class=\"has-text-align-center has-black-color has-text-color has-background has-link-color has-medium-font-size wp-elements-7b768163c738f8a6d3d578a033b79647\" style=\"background-color:#d7d7de4d\"><strong>Ordens de servi\u00e7o<\/strong><\/p>\n\n\n\n<h4 class=\"wp-block-heading has-black-color has-text-color has-link-color has-small-font-size wp-elements-514dfd54843c0738735e951c74ef43b0\"><a href=\"http:\/\/www.cca.ufpb.br\/db\/wp-content\/uploads\/sites\/128\/sites\/136\/2024\/11\/Ordem-de-servico-de-ar-condicionado.docx\">Ordem de servi\u00e7o para ar condicionado<\/a><\/h4>\n\n\n\n<h4 class=\"wp-block-heading has-black-color has-text-color has-link-color has-small-font-size wp-elements-3d4576551cfa87703889a01d2c100edc\"><a href=\"http:\/\/www.cca.ufpb.br\/db\/wp-content\/uploads\/sites\/128\/sites\/136\/2024\/11\/ORDEM-DE-SERVICO.doc\">Ordem de servi\u00e7o para servi\u00e7os diversos<\/a><\/h4>\n\n\n\n<p><\/p>\n","protected":false},"excerpt":{"rendered":"<p>Afastamentos Formul\u00e1rio de afastamento (docente) Formul\u00e1rio de afastamento (servidores t\u00e9cnico-administrativos) Di\u00e1rias e passagens Formul\u00e1rio de requerimento de di\u00e1rias e passagens (docentes) Relat\u00f3rio de viagem Justificativa de presta\u00e7\u00e3o de contas fora do prazo Justificativa de utiliza\u00e7\u00e3o de ve\u00edculo pr\u00f3prio Requisi\u00e7\u00f5es Requisi\u00e7\u00e3o de transporte Estatutos, regimentos e resolu\u00e7\u00f5es Estatuto do CCA Resolu\u00e7\u00e3o CONSEPE 07\/2004 &#8211; Afastamento de [&hellip;]<\/p>\n","protected":false},"author":73,"featured_media":0,"parent":0,"menu_order":0,"comment_status":"closed","ping_status":"closed","template":"","meta":{"_acf_changed":false,"footnotes":""},"class_list":["post-883","page","type-page","status-publish","hentry"],"acf":[],"_links":{"self":[{"href":"https:\/\/www.cca.ufpb.br\/db\/wp-json\/wp\/v2\/pages\/883","targetHints":{"allow":["GET"]}}],"collection":[{"href":"https:\/\/www.cca.ufpb.br\/db\/wp-json\/wp\/v2\/pages"}],"about":[{"href":"https:\/\/www.cca.ufpb.br\/db\/wp-json\/wp\/v2\/types\/page"}],"author":[{"embeddable":true,"href":"https:\/\/www.cca.ufpb.br\/db\/wp-json\/wp\/v2\/users\/73"}],"replies":[{"embeddable":true,"href":"https:\/\/www.cca.ufpb.br\/db\/wp-json\/wp\/v2\/comments?post=883"}],"version-history":[{"count":158,"href":"https:\/\/www.cca.ufpb.br\/db\/wp-json\/wp\/v2\/pages\/883\/revisions"}],"predecessor-version":[{"id":3441,"href":"https:\/\/www.cca.ufpb.br\/db\/wp-json\/wp\/v2\/pages\/883\/revisions\/3441"}],"wp:attachment":[{"href":"https:\/\/www.cca.ufpb.br\/db\/wp-json\/wp\/v2\/media?parent=883"}],"curies":[{"name":"wp","href":"https:\/\/api.w.org\/{rel}","templated":true}]}}