{"id":75,"date":"2024-01-31T13:01:06","date_gmt":"2024-01-31T16:01:06","guid":{"rendered":"https:\/\/www.cca.ufpb.br\/db\/?page_id=75"},"modified":"2026-03-10T11:00:59","modified_gmt":"2026-03-10T14:00:59","slug":"editais2024","status":"publish","type":"page","link":"https:\/\/www.cca.ufpb.br\/db\/editais2024\/","title":{"rendered":"Editais"},"content":{"rendered":"\n<p class=\"has-text-align-center has-black-color has-text-color has-background has-link-color has-medium-font-size wp-elements-27a90afd618d7bd4fa4e677611ee04a5\" style=\"background-color:#d7d7de4d\"><strong>Processo Seletivo para professor Volunt\u00e1rio<\/strong><\/p>\n\n\n\n<p class=\"has-black-color has-text-color has-link-color has-small-font-size wp-elements-97af2b7a6d96d6e18a2275fa6506887e\"><a href=\"https:\/\/www.cca.ufpb.br\/db\/processo-seletivo-para-professor-voluntario-na-area-de-genetica-biologia-molecular-e-biologia-celular\/\">Processo seletivo para professor volunt\u00e1rio na \u00e1rea de Gen\u00e9tica, Biologia Molecular e Biologia Celular<\/a><\/p>\n\n\n\n<p class=\"has-black-color has-text-color has-link-color has-small-font-size wp-elements-3507fa87df22d325b1ae7f44fe250adb\"><a href=\"https:\/\/www.cca.ufpb.br\/db\/processo-seletivo-para-professor-voluntario-na-area-de-biologia-vegetal\/\">Processo seletivo para professor volunt\u00e1rio na \u00e1rea de Biologia Vegetal<\/a><\/p>\n\n\n\n<p class=\"has-text-align-center has-black-color has-text-color has-background has-link-color has-medium-font-size wp-elements-9a4c6974767a45c2758e27b497b688ae\" style=\"background-color:#d7d7de4d\"><strong>Processo seletivo para professor substituto<\/strong><\/p>\n\n\n\n<p class=\"has-small-font-size\"><a href=\"https:\/\/www.cca.ufpb.br\/db\/processo-seletivo-para-professor-substituto-na-area-de-biologia-animal-e-biologia-vegetal\/\">Processo seletivo para professor substituto na \u00e1rea de Biologia Animal e Biologia Vegetal<\/a><\/p>\n\n\n\n<p class=\"has-black-color has-text-color has-link-color has-small-font-size wp-elements-04a1e959ed085e2e0dc3ebdb9a1f09b4\"><a href=\"https:\/\/www.cca.ufpb.br\/db\/processo-seletivo-para-professor-substituto-na-area-ciencias-biologicas-microbiologia-biologia-geral-morfologia-bioquimica-e-zoologia\/\">Processo seletivo para professor substituto na \u00e1rea de Ci\u00eancias Biol\u00f3gicas: Microbiologia, Biologia Geral, Morfologia, Bioqu\u00edmica e Zoologia<\/a><\/p>\n\n\n\n<p class=\"has-black-color has-text-color has-link-color has-small-font-size wp-elements-ed96a2d650d4590aa65cae49e8d2c0ac\"><a href=\"https:\/\/www.cca.ufpb.br\/db\/processo-seletivo-para-professor-de-biologia-celular-na-area-de-biologia-vegetal\/\">Processo seletivo para professor substituto na \u00e1rea de Biologia Vegetal<\/a><\/p>\n\n\n\n<p class=\"has-black-color has-text-color has-link-color has-small-font-size wp-elements-acb704e620c24210d8207c5151606e38\"><a href=\"https:\/\/www.cca.ufpb.br\/db\/1018-2\/\">Processo seletivo para professor substituto na \u00e1rea de Gen\u00e9tica-Biologia Celular-Biologia Molecular<\/a><\/p>\n\n\n\n<p class=\"has-text-align-center has-black-color has-text-color has-background has-link-color has-medium-font-size wp-elements-218baf8b88a9eb8174798b11ad10181e\" style=\"background-color:#d7d7de4d\"><strong>Concurso para <\/strong><strong>professor efetivo<\/strong><\/p>\n\n\n\n<p class=\"has-black-color has-text-color has-link-color has-small-font-size wp-elements-6e1df0d541a1b8f4f94325c3c65373a9\"><a href=\"https:\/\/www.cca.ufpb.br\/db\/concurso-publico-para-professor-do-magisterio-superior-na-area-de-microbiologia-micologia-biologia-celular\/\">Concurso P\u00fablico de Provas e T\u00edtulos para Professor do Magist\u00e9rio Superior na \u00e1rea de Microbiologia\/Micologia\/Biologia Celular<\/a><\/p>\n\n\n\n<p class=\"has-text-align-center has-black-color has-text-color has-background has-link-color has-medium-font-size wp-elements-97bf2d844ba33860a0c17e239d98050e\" style=\"background-color:#d7d7de4d\"><strong>Escolha de chefe e <\/strong><strong>vice-chefe departamental<\/strong><\/p>\n\n\n\n<p class=\"has-small-font-size\"><a href=\"https:\/\/www.cca.ufpb.br\/db\/editais2024\/escolha-de-vice-chefe-do-departamento-de-biociencias-db-cca-ufpb-2025-2027\/\">Escolha de vice-chefe do DB 2025-2027<\/a><\/p>\n\n\n\n<p class=\"has-black-color has-text-color has-link-color has-small-font-size wp-elements-6dcc57d443dbeababe9067b6d436dae3\"><a href=\"https:\/\/www.cca.ufpb.br\/db\/editais2024\/escolha-de-chefe-e-vice-chefe-do-departamento-de-biociencias-db-cca-ufpb\/\">Escolha de chefe e vice-chefe do DB 2025-2027<\/a><\/p>\n\n\n\n<p class=\"has-text-align-left has-black-color has-text-color has-link-color has-small-font-size wp-elements-3678fd10de73669a15d0d3cf5f186944\"><a href=\"https:\/\/www.cca.ufpb.br\/db\/escolha-de-chefe-e-vice-chefe-do-db\/\">Escolha de chefe e vice-chefe do DB 2023-2025<\/a><\/p>\n\n\n\n<p class=\"has-text-align-center has-background has-medium-font-size\" style=\"background-color:#d7d7de4d\"><strong>Escolha de coordenador e vice-coordenador do PPGBio<\/strong><\/p>\n\n\n\n<p class=\"has-small-font-size\"><a href=\"https:\/\/www.cca.ufpb.br\/db\/processo-seletivo-para-professor-voluntario-na-area-de-biologia-vegetal-2\/\">Escolha de coordenador e vice-coordenador do PPGBio 2025<\/a><\/p>\n\n\n\n<p class=\"has-text-align-center has-black-color has-text-color has-background has-link-color has-medium-font-size wp-elements-d775bcd976b7cfd225854860f1ed8ae7\" style=\"background-color:#d7d7de4d\"><strong>Monitoria<\/strong><\/p>\n\n\n\n<p class=\"has-black-color has-text-color has-link-color has-small-font-size wp-elements-fb86bd25aa4b5059718650b680ce3095\"><strong><a href=\"https:\/\/www.cca.ufpb.br\/db\/editais2024\/edital-de-monitoria-3-2025-db-cca-ufpb\/\">Edital de monitoria 03\/2025<\/a><\/strong><\/p>\n\n\n\n<p class=\"has-black-color has-text-color has-link-color has-small-font-size wp-elements-91d70a083df303f05efdf6e40efa222b\"><a href=\"https:\/\/www.cca.ufpb.br\/db\/edital-de-monitoria-04-2024\/\">Edital de monitoria 04\/2024<\/a><\/p>\n\n\n\n<p class=\"has-black-color has-text-color has-link-color has-small-font-size wp-elements-5aeed177d1801d07cfc39bedf167278f\"><a href=\"https:\/\/www.cca.ufpb.br\/db\/edital-01-2024-db-cca-ufpb-selecao-de-monitores\/\">Edital de monitoria 01\/2024<\/a><\/p>\n\n\n\n<p><\/p>\n","protected":false},"excerpt":{"rendered":"<p>Processo Seletivo para professor Volunt\u00e1rio Processo seletivo para professor volunt\u00e1rio na \u00e1rea de Gen\u00e9tica, Biologia Molecular e Biologia Celular Processo seletivo para professor volunt\u00e1rio na \u00e1rea de Biologia Vegetal Processo seletivo para professor substituto Processo seletivo para professor substituto na \u00e1rea de Biologia Animal e Biologia Vegetal Processo seletivo para professor substituto na \u00e1rea de [&hellip;]<\/p>\n","protected":false},"author":73,"featured_media":0,"parent":0,"menu_order":0,"comment_status":"closed","ping_status":"closed","template":"","meta":{"_acf_changed":false,"footnotes":""},"class_list":["post-75","page","type-page","status-publish","hentry"],"acf":[],"_links":{"self":[{"href":"https:\/\/www.cca.ufpb.br\/db\/wp-json\/wp\/v2\/pages\/75","targetHints":{"allow":["GET"]}}],"collection":[{"href":"https:\/\/www.cca.ufpb.br\/db\/wp-json\/wp\/v2\/pages"}],"about":[{"href":"https:\/\/www.cca.ufpb.br\/db\/wp-json\/wp\/v2\/types\/page"}],"author":[{"embeddable":true,"href":"https:\/\/www.cca.ufpb.br\/db\/wp-json\/wp\/v2\/users\/73"}],"replies":[{"embeddable":true,"href":"https:\/\/www.cca.ufpb.br\/db\/wp-json\/wp\/v2\/comments?post=75"}],"version-history":[{"count":126,"href":"https:\/\/www.cca.ufpb.br\/db\/wp-json\/wp\/v2\/pages\/75\/revisions"}],"predecessor-version":[{"id":3880,"href":"https:\/\/www.cca.ufpb.br\/db\/wp-json\/wp\/v2\/pages\/75\/revisions\/3880"}],"wp:attachment":[{"href":"https:\/\/www.cca.ufpb.br\/db\/wp-json\/wp\/v2\/media?parent=75"}],"curies":[{"name":"wp","href":"https:\/\/api.w.org\/{rel}","templated":true}]}}