{"id":636,"date":"2024-02-06T13:21:22","date_gmt":"2024-02-06T16:21:22","guid":{"rendered":"https:\/\/www.cca.ufpb.br\/db\/?page_id=636"},"modified":"2025-05-28T15:07:35","modified_gmt":"2025-05-28T18:07:35","slug":"servidores","status":"publish","type":"page","link":"https:\/\/www.cca.ufpb.br\/db\/servidores\/","title":{"rendered":"Servidores"},"content":{"rendered":"\n<div class=\"wp-block-columns is-not-stacked-on-mobile is-layout-flex wp-container-core-columns-is-layout-9d6595d7 wp-block-columns-is-layout-flex\">\n<div class=\"wp-block-column is-layout-flow wp-block-column-is-layout-flow\">\n<div class=\"wp-block-columns is-layout-flex wp-container-core-columns-is-layout-9d6595d7 wp-block-columns-is-layout-flex\">\n<div class=\"wp-block-column is-layout-flow wp-block-column-is-layout-flow\">\n<p class=\"has-text-align-center has-black-color has-text-color has-background has-link-color has-medium-font-size wp-elements-41c009c678f5e75604cb96a7e7cd5025\" style=\"background-color:#d7d7de4d\"><strong>Docentes efetivos<\/strong><\/p>\n\n\n\n<p class=\"has-text-align-left has-black-color has-text-color has-link-color has-small-font-size wp-elements-4110794e1c8f2d3cb7b4a4ad541b1d21\"><a href=\"https:\/\/sigaa.ufpb.br\/sigaa\/public\/docente\/portal.jsf?siape=1133651\">Ana Em\u00edlia Barros e Silva<\/a><\/p>\n\n\n\n<p class=\"has-text-align-left has-black-color has-text-color has-link-color has-medium-font-size wp-elements-92639f312cd377101b500faa066aa888\"><\/p>\n\n\n\n<p class=\"has-text-align-left has-black-color has-text-color has-link-color has-small-font-size wp-elements-1b97ffe384d23a247c848fed02492c16\"><a href=\"https:\/\/sigaa.ufpb.br\/sigaa\/public\/docente\/portal.jsf?siape=1716310\">Carlos Henrique de Brito<\/a><\/p>\n\n\n\n<p class=\"has-text-align-left has-black-color has-text-color has-link-color has-medium-font-size wp-elements-92639f312cd377101b500faa066aa888\"><\/p>\n\n\n\n<p class=\"has-text-align-left has-black-color has-text-color has-link-color has-small-font-size wp-elements-85a6775f18b207e525966faf82e68ec1\"><a href=\"https:\/\/sigaa.ufpb.br\/sigaa\/public\/docente\/portal.jsf?siape=1612120\">David Holanda de Oliveira<\/a><\/p>\n\n\n\n<p class=\"has-text-align-left has-black-color has-text-color has-link-color has-medium-font-size wp-elements-92639f312cd377101b500faa066aa888\"><\/p>\n\n\n\n<p class=\"has-text-align-left has-black-color has-text-color has-link-color has-small-font-size wp-elements-3c9c3189bdb1707731f230c2274bfeea\"><a href=\"https:\/\/sigaa.ufpb.br\/sigaa\/public\/docente\/portal.jsf?siape=3412147\">Felipe Camurugi Almeida Guimar\u00e3es<\/a><\/p>\n\n\n\n<p class=\"has-text-align-left has-black-color has-text-color has-link-color has-medium-font-size wp-elements-92639f312cd377101b500faa066aa888\"><\/p>\n\n\n\n<p class=\"has-text-align-left has-black-color has-text-color has-link-color has-small-font-size wp-elements-d519236ca041e833e583e85b90cb5e1b\"><a href=\"https:\/\/sigaa.ufpb.br\/sigaa\/public\/docente\/portal.jsf?siape=2677667\">Helder Farias Pereira de Araujo<\/a><\/p>\n\n\n\n<p class=\"has-text-align-left has-black-color has-text-color has-link-color has-medium-font-size wp-elements-92639f312cd377101b500faa066aa888\"><\/p>\n\n\n\n<p class=\"has-text-align-left has-black-color has-text-color has-link-color has-small-font-size wp-elements-0b1a189341a3ee9cbeab62436cab3414\"><a href=\"https:\/\/sigaa.ufpb.br\/sigaa\/public\/docente\/portal.jsf?siape=1856465\">La\u00eds Ang\u00e9lica de Andrade Pinheiro Borges<\/a><\/p>\n\n\n\n<p class=\"has-text-align-left has-black-color has-text-color has-link-color has-medium-font-size wp-elements-92639f312cd377101b500faa066aa888\"><\/p>\n\n\n\n<p class=\"has-text-align-left has-black-color has-text-color has-link-color has-small-font-size wp-elements-36de2b0e3893a2be87b3ddbbc78b72b7\"><a href=\"https:\/\/sigaa.ufpb.br\/sigaa\/public\/docente\/portal.jsf?siape=1711408\">Lenyneves Duarte Alvino de Ara\u00fajo<\/a><\/p>\n\n\n\n<p class=\"has-text-align-left has-black-color has-text-color has-link-color has-medium-font-size wp-elements-92639f312cd377101b500faa066aa888\"><\/p>\n\n\n\n<p class=\"has-text-align-left has-black-color has-text-color has-link-color has-small-font-size wp-elements-9aea0518ace61e170c75301f59e91751\"><a href=\"https:\/\/sigaa.ufpb.br\/sigaa\/public\/docente\/portal.jsf?siape=6335816\">Leonardo Pessoa Felix<\/a><\/p>\n\n\n\n<p class=\"has-text-align-left has-black-color has-text-color has-link-color has-small-font-size wp-elements-f8a5d5d43f501046b8cbe36066a8b904\"><a href=\"https:\/\/sigaa.ufpb.br\/sigaa\/public\/docente\/portal.jsf?siape=2332772\">Loise Araujo Costa<\/a><\/p>\n\n\n\n<p class=\"has-text-align-left has-black-color has-text-color has-link-color has-medium-font-size wp-elements-92639f312cd377101b500faa066aa888\"><\/p>\n\n\n\n<p class=\"has-text-align-left has-black-color has-text-color has-link-color has-small-font-size wp-elements-7727296cff11d9c41a62dcdfbef7a564\"><a href=\"https:\/\/sigaa.ufpb.br\/sigaa\/public\/docente\/portal.jsf?siape=388164\">Mailson Monteiro do R\u00eago<\/a><\/p>\n\n\n\n<p class=\"has-text-align-left has-medium-font-size\"><\/p>\n\n\n\n<p class=\"has-text-align-left has-black-color has-text-color has-link-color has-small-font-size wp-elements-41e05d03107ed31f87b7fc5ba7041591\"><a href=\"https:\/\/sigaa.ufpb.br\/sigaa\/public\/docente\/portal.jsf?siape=1657222\">M\u00e1rio Luiz Farias Cavalcanti<\/a><\/p>\n\n\n\n<p class=\"has-text-align-left has-black-color has-text-color has-link-color has-medium-font-size wp-elements-92639f312cd377101b500faa066aa888\"><\/p>\n\n\n\n<p class=\"has-text-align-left has-black-color has-text-color has-link-color has-small-font-size wp-elements-75f84ea4f0c31ac5a46aea73afabb621\"><a href=\"https:\/\/sigaa.ufpb.br\/sigaa\/public\/docente\/portal.jsf?siape=1717731\">N\u00fabia Pereira da Costa<\/a><\/p>\n\n\n\n<p class=\"has-text-align-left has-medium-font-size\"><\/p>\n\n\n\n<p class=\"has-text-align-left has-black-color has-text-color has-link-color has-small-font-size wp-elements-9df0b08ff3ba38ca3d18d87f44463559\"><a href=\"https:\/\/sigaa.ufpb.br\/sigaa\/public\/docente\/portal.jsf?siape=1259929\">Yirina Valdes Vazquez<\/a><\/p>\n\n\n\n<p class=\"has-text-align-left\"><\/p>\n\n\n\n<p class=\"has-text-align-left\"><\/p>\n\n\n\n<p class=\"has-text-align-center has-black-color has-text-color has-background has-link-color has-medium-font-size wp-elements-ca0980075ec1dedd79d0cacb332c1047\" style=\"background-color:#d7d7de4d\"><strong>Docentes substitutos<\/strong><\/p>\n\n\n\n<p class=\"has-text-align-left has-black-color has-text-color has-link-color has-small-font-size wp-elements-9e7a575b05d5d08953fc3843d0f61da3\"><a href=\"https:\/\/sigaa.ufpb.br\/sigaa\/public\/docente\/portal.jsf?siape=3362534\">La\u00eds Leite Barreto<\/a><\/p>\n\n\n\n<p class=\"has-black-color has-text-color has-link-color has-small-font-size wp-elements-c5594855701e215cd0639d2ed75a46a2\"><a href=\"https:\/\/sigaa.ufpb.br\/sigaa\/public\/docente\/portal.jsf?siape=3472688\">Gabriel Ginane Barreto<\/a><\/p>\n\n\n\n<p class=\"has-text-align-center has-background has-medium-font-size\" style=\"background-color:#d7d7de4d\"><strong>T\u00e9cnico-administrativos<\/strong><\/p>\n\n\n\n<p class=\"has-text-align-left has-black-color has-text-color has-link-color has-small-font-size wp-elements-48c944416a7821137f11c90d3ea32b4c\"><a href=\"https:\/\/buscatextual.cnpq.br\/buscatextual\/visualizacv.do?id=K4808434Y5&amp;tokenCaptchar=03AFcWeA58hUdDcWUcwrPsGix_xtJ3iM9bKqCzdesCiSGcL6SDeDkTHH805kLZCOK-k7IXU89arsCY-ubt9fJZg8LMT7pxehpeQ4sJUL9yBNS5nhCAvZYJP693Zetq6VDf5gkKwyr0JNQDvEQQq1JSBsYHfsAHa2a91puz9UQnkwNjX_KdQd97v6ImghPKhnp0cbZIFc1SXh1D2d9tH5r4umYay4i-uA4QP1J2Qybl3TvQNUIQQ_p5Q6fMYPPkOm18Bq3c9J2i7qvBTNamKywou5pbfw7D15zJiZkAFPnkh9cZQGlGqDlM9y4tULpE51Nl_5rcUzAHIe_qBIxnYb64qWxazIbeTVaYz5bMTedN8WAF_ANWDmq67i_o-JSLDIgdq3bF-Onp4N3hc6GVIWXYIRWaG7j72jRER7uPComnNmI09-_n8Ht85A0N_GB2PuJ5nXDj3dtB9F18E005Cyj9KA99G4L2Tkns7ZICvQ9tsTOTpq8aJi9zwgwTA-BsdVhzrV_NZZWim6Jl883caQ04wGCBYWCdEZ1kCeQtT9YnnJZsRImXp5rVHunwH6OWZObYqvEenIg7jjkWhO3tbA_rgMP4yIgoeBZQcyPtY9Y0u8JRBZpMJA1qNnyVy-_YvembndlVUaW6xZuVQRY5IgQIENQTzsCFakUo8XPDEMZLB1Ba3exzaNrJTwI\">Alexsandra Fraz\u00e3o de Andrade<\/a><\/p>\n\n\n\n<p class=\"has-text-align-left has-black-color has-text-color has-link-color has-small-font-size wp-elements-ed4c35b92871abe89c4be8da180f2dc1\"><\/p>\n\n\n\n<p class=\"has-text-align-left has-black-color has-text-color has-link-color has-small-font-size wp-elements-77ca9334507a43ad09f59a68e11d3842\"><a href=\"https:\/\/buscatextual.cnpq.br\/buscatextual\/visualizacv.do?id=K4761808U5&amp;tokenCaptchar=03AFcWeA5MWhrOI45a69ekMLHisE1uGQ6zIGJjybJYykKvFgJPgWHPn_PT5w6dCWiOTEvPhnNgTn6JyXFgMi1KQiO7x2rkXf6yTGpKsZALnxRvxinlc8GgmnBRLAkgWQ61UZmPNAOCGkfj0mHfcvyiMC5rFku2rScAfSgefSlkQaFPK-dah1WHYf4_xwmr0sIBPHDI1dSM9alD5Cx9dnqYhlS192yOZXN6-Pa5tsZ2p03SddUWsroiIxKKSowuHJ0okAxRuvvVM1i_L-vcMJrqyRxpt-E837IBcqoyN87-02hFLp4gSlMbGFnwTQ56MUUBjowV0EnhG92EhkCOOR2TdcwlRgq01-bCSQUH9E8jPb2R2x7EvAojhnDggXBx29e697TVFxwk8mKD9DS3GysXed-xYEzWPhicYY9EGmnEudECB6oq1peW2tCGKYbBPRVCy8oDPxeAUpw61eVUM6dkB6TissN1u1DEJcY6rLg21UFK2ItnZo57gZPhpRqCOPv1zWiobVDhyqwTlLRsk77FsrkNTQnUhyorbwXgQ9S9v4JHOCSPhbfhTCs20KH9x4-LlNJzX5FSdVkJgc_ob0sKEGcbOrg446nBw7ofFcQ-IbgPU_lSMlIWWYqZsg_dt7SPopYapdqBYi-RwvVjrgNUp92r876ecifdeSU6pq3IoJEIsKXNJ4wWaEA\">Aline Barreto dos Santos Coradin<\/a><\/p>\n\n\n\n<p class=\"has-text-align-left has-black-color has-text-color has-link-color has-small-font-size wp-elements-ed4c35b92871abe89c4be8da180f2dc1\"><\/p>\n\n\n\n<p class=\"has-text-align-left has-black-color has-text-color has-link-color has-small-font-size wp-elements-20d231e69872f714f04d6f55d90d08de\">Cl\u00e1udio Roberto de Vasconcelos<\/p>\n\n\n\n<p class=\"has-text-align-left has-black-color has-text-color has-link-color has-small-font-size wp-elements-ed4c35b92871abe89c4be8da180f2dc1\"><\/p>\n\n\n\n<p class=\"has-text-align-left has-black-color has-text-color has-link-color has-small-font-size wp-elements-989dbdbadc13e123c92425da13fe202f\">Cosmo Ribeiro Dantas<\/p>\n\n\n\n<p class=\"has-text-align-left has-black-color has-text-color has-link-color has-small-font-size wp-elements-ed4c35b92871abe89c4be8da180f2dc1\"><\/p>\n\n\n\n<p class=\"has-text-align-left has-black-color has-text-color has-link-color has-small-font-size wp-elements-24f00d91166b86b3437cfdb7cf6ac335\">Dam\u00e1sio da Costa Araujo<\/p>\n\n\n\n<p class=\"has-text-align-left has-black-color has-text-color has-link-color has-small-font-size wp-elements-ed4c35b92871abe89c4be8da180f2dc1\"><\/p>\n\n\n\n<p class=\"has-text-align-left has-black-color has-text-color has-link-color has-small-font-size wp-elements-83b7daf5ae5f6402a2badeec45667230\">Danilo Fernando Diniz de Sousa<\/p>\n\n\n\n<p class=\"has-text-align-left has-black-color has-text-color has-link-color has-small-font-size wp-elements-ed4c35b92871abe89c4be8da180f2dc1\"><\/p>\n\n\n\n<p class=\"has-text-align-left has-black-color has-text-color has-link-color has-small-font-size wp-elements-160e80244a074ebb3bfd07e555d8a83a\"><a href=\"https:\/\/buscatextual.cnpq.br\/buscatextual\/visualizacv.do?id=K4206445J0&amp;tokenCaptchar=03AFcWeA5iw69Ob5r3WX1TFlP5yBLNtHs9d_jR5FIpZhf12mv6trGUukTAsijI-eqwTazV_nnmi-JnLft-CSoZ50hQF4z4_2fRFqvTD-5Q3oG_QD3-yQfrGhl5I44poojpAa1wbDyQguY53Cy5v4x3eAQvJZ6Dt_ERd5eePf6XdJhCPZKYDSByM5sv43ULm83-aLO9BO8QYJg6hjGeFvP58aqO_jUSe9LgTI-VciNZrnZZF8SpOlAM3qVBgcXdnNy-9qXlfypoHP_x6N9MKcY5kr_nGYC6DVSsxzT8bJV7Fye5Zs3Ekjp5J10B6p19rOegzFmmJC7VnWWswm1uZkUouLSevjjzlzdaOLK2U-fHNjYmP2bknLCsxEkSzwwwiWVsqMMV83iRFLSvqQVFqTzWbnonHvwqFdLJvhn7ju2rs7c2hhTDg4l3wj-qFOFQhjCvcgOA4xY70Peswsw0f_eEIPjg5wXBZ__a3WXRJrcNqKnsRL-9-C5F-LrX1pE10GZmdhZWgGw1OpyacGTWKeiKSkPS-fcjOgicRYr-HBtRaF69F5PhTcW2vgFmGXIcpS4nDxSmBnySDKFK_zvjVMa774dwWtsmDZz67L8AIAqElcC49OQ9nJX5_F7y6mwICnuzVb_LzfyWR-XPiyr4DCuF7i2J708yeamZvwHfEmQshvYLMHjh8JV5Uts\">Edinaldo Leite Filho<\/a><\/p>\n\n\n\n<p class=\"has-text-align-left has-black-color has-text-color has-link-color has-small-font-size wp-elements-ed4c35b92871abe89c4be8da180f2dc1\"><\/p>\n\n\n\n<p class=\"has-text-align-left has-black-color has-text-color has-link-color has-small-font-size wp-elements-f4fbe69fbd8e2c0dacba615437702fa6\"><a href=\"https:\/\/buscatextual.cnpq.br\/buscatextual\/visualizacv.do?id=K4292277P6&amp;tokenCaptchar=03AFcWeA7gXhjsTYMwG0mRF8aQ2t3TC_gXuDwsziA1aB490wEjsa-gJw8z-sjyUKJ4FISxkhBZjv30lIjYOb2pSAjsbPQQ_c60wWvTKkLyFH9PF84K-bNoMrffxulW2QIUmW6g7gN9C8pkyuK91l3rhBkmgMHmWMRO0oMkHKMOA0bya6QF8HuA9Sdqsn3NuIRL-qE1Uj6zyn2EVuKzrfx4q8P6ioclSXPTTPTOdB68DShpi7RVPY0m7wSr92BrGuK5lYhAPGdnvgv_aA4VWrY7B8hLbFsRCrSgoQ-evQkJRglJ8x4i7cOocCy3ZxzfdAkTsC-mTdy8v1btyGhY-Jxnq8u71PY-Quw2K6pOTvREZLqSMal4DNRKUIFBSD_TQnTfd0Bn-FIkAhtt1lDdmSFElxbGABT7mVZbYhAPRSelZZ7KxH3cCj6ibWVNr-14BpvjQfLKZrQNuy56vXb6JkPNt_CiAy7HN4zVCoMLkiFow2LEcMauq3ktHCHbqDs5xEuArllZpaZw7IBmn4gE4xR6WuTkM30tXJNWaUwW1YFbTc6NTe0CjK6q0CWU3S7im-n4rEl8TKovHqVm8KyxlpyTSrHFmAJmhRDKAwZJoQmYjlEFdwR1S0P6jq3iiqr-Nx3Z-x7k4WLdgOCiObDa_t81AddBEflMXeyv8G5kR491ziWvUxRs0sPwMJY\">Eliane Cristina Arcelino<\/a><\/p>\n\n\n\n<p class=\"has-text-align-left has-black-color has-text-color has-link-color has-small-font-size wp-elements-ed4c35b92871abe89c4be8da180f2dc1\"><\/p>\n\n\n\n<p class=\"has-text-align-left has-black-color has-text-color has-link-color has-small-font-size wp-elements-265467cda7f183963947b3d4a0f3c610\"><a href=\"https:\/\/buscatextual.cnpq.br\/buscatextual\/visualizacv.do?id=K8313213H8&amp;tokenCaptchar=03AFcWeA6alHK3Axo99mLl5k6894qNiNBQz3EpbT8O7Tnc43vno0HcM11Q3ro37z_vJYs-m0IQ8tv_YETtKpW5wuaHIFO367kyjYrSOtSvq5b6AN9o5XNRFOsf3kkT0M6UzsxcjoHAzEXxWoeHXPSZmvyibZwGVxdYobBzGs2ZIpQivsWtlJ-HZi0difceNVEPq0qWt-cJVKhVxJg6sCIhmDEqrc1Iu8-T0Leo713Kjh8AYg2U6jihvibFMNxH6bvRMKVss52k5DrlMjYcJzHKY5PQg7Ohq-AZQwiw1Hgc4O0VnTMC5h3sdr7ciLhulcGvq7ZI37Kut3pCNo4dLS4o2uzII4iK2yPEcXvVIxlPYDNMO4d3v-pBCoCcMdjFE9WCHjk__Wd7qPRuUcD1zrDrjprnHEQiAhJwAGFy9dxFX5Ugxh94rC0BTWgPWlTTmmciBfHJfJ7LpQk_wNPKfprBqOLneW5ZSl3g-h-kF7Yt6YnT442L6qcScXd-31PGek7hW6zPFZn0WQzk0ynUCfIy_iYR68zzv4Jkix-tVnUqjuNh92qd2r88T_EaSMiAL1ayjZMScUGoC1ZNfngUhvUoCImksjYcc0TdgY49KWkMRHEyImXh9s1ZRoz8DgmSMZyKvRVyZQ68-v2TSRQxtroQ6UxZaZ993Mi9F1yFKFEVq-JaB6nQTBPZkos\">G\u00eaneses da Silva Ferreira<\/a><\/p>\n\n\n\n<p class=\"has-text-align-left has-black-color has-text-color has-link-color has-small-font-size wp-elements-ed4c35b92871abe89c4be8da180f2dc1\"><\/p>\n\n\n\n<p class=\"has-text-align-left has-black-color has-text-color has-link-color has-small-font-size wp-elements-f3b5a2341ca79f6c87f95721a2c8e290\">Joseando dos Santos Alves<\/p>\n\n\n\n<p class=\"has-text-align-left has-black-color has-text-color has-link-color has-small-font-size wp-elements-ed4c35b92871abe89c4be8da180f2dc1\"><\/p>\n\n\n\n<p class=\"has-text-align-left has-black-color has-text-color has-link-color has-small-font-size wp-elements-a61d8c2e62ee11719acd28862e1b599c\"><a href=\"https:\/\/buscatextual.cnpq.br\/buscatextual\/visualizacv.do?id=K4310580J1&amp;tokenCaptchar=03AFcWeA4Bs33m8QPYgHMksrdWINaSJ8pqB7DPNTz-OML7x7m-GhLLNdBUotODquqeD7Ed_9lWVqpaT_su7hZVEpYNoj1NuLIK3kZOQI-PHuPXawIFt5PiriJ1say-9Ub7GbXhWcpeaDkbMtGJ7diP3EdyLxt45BZjhjWvCX9TdNWp_QGHwypB2NlgPy0R0g-TmeHl_T5dNWW93ZjIQyL--_sV58jlazd18oppPmFfWgOKlpg3XqBsfWo_m9zqZZ3GpJsfAMjPdv9t8aJYhQSDyEMK89SCOsHd70aXvIxlN1G9GG1mcm7hQuKXURPdrlL_o9MiUyglrZ53Ri-jWJydC52AkzOfWNZTqQ4q6QT84nQMcTg_LkJR4Xfk-Dz5GF_IiNQe45-Tvnzpce_mupaakdrEIElR8Oy7Jo7Nk80IR0zj1iJUKq7wUiMQWkN1o5_0ORkokGv0cLSy5-GezFVFTm_mBZgehSnwWcWRVbkeYHAl44TG1nUQMm4_Qzs2iXP9ggYIEjvt_p7g2-Xryr54qjLaDvtAzasA3ljYpHNr1yPwPkyJSOlWMDWZ_EWIbrMfNVOjfjdAPxodUvHRO_2AFe-rfN36Z5g79k9y8p9_vks6DSUVf_8u1WZfDzCSDEnXaz4dMnMh5wT_5usGw8p4-U4_Kwk38ztmwiI1U9gnwcUxFQF7GoaT4rg\">Luciana Roseli Ledra de Azev\u00eado<\/a><\/p>\n\n\n\n<p class=\"has-text-align-left has-black-color has-text-color has-link-color has-small-font-size wp-elements-ed4c35b92871abe89c4be8da180f2dc1\"><\/p>\n\n\n\n<p class=\"has-text-align-left has-black-color has-text-color has-link-color has-small-font-size wp-elements-18279e6d7d4589a89b38e4129ef46f92\"><a href=\"https:\/\/buscatextual.cnpq.br\/buscatextual\/visualizacv.do?id=K4790311A2&amp;tokenCaptchar=03AFcWeA7d7o5y25O2-zjkba0_mJc1uvEymva6Da0Ibm--GIb2jKL8JsdteipKpQnkvAXrBvoRD_MpZ-f8QPk4nRvDbWnrHPExNibYpSicuutLnrrEv61Wd7Czz8oVSRtQ7a3aurSF_tUHDHZTrfXoo2NmVqqq0USUwY66osA1ixPFLC-CaTtomA0-SRi3mymuAgxzdbG0c-Tc-QhIyk-Z__-IBzz4SBUgZZtpztJG1RfLnwlAfpUtNZ2uR1SXVUFMmeA0O2T4N1dGK0Qxwo6LTBmS51dZ7kQGSMR_ddm9D4uizmhU24XtdrQ1fUlwXZ3tEbKBSiw3hh0iF9zZbdanpSdrfgfmTO5JFGExjn_sh60OMTvoBeskBIND2Qpd96P_PyekM6sU8Xi-q1u0ld7hA9PicgPOWZ0RSLBsCixJGuTyMSApfXThZta6sFTvEqMjWpJvNJhY7qWpDfERUxO0cw_TcGCxopiOKHWpKPL-0Syruo28WZnM2O5NuNDSaO9-JOAznWpeXrMt4ISLwkZBg-I0ncLqzM-dBFQjskJewLZ-5quZJYgONrat_jGzZ7128wlE4gu6LamVLdYzNkvyEG0pBGXKBnB5Oam50ZGw_iBl06ZkgYFhoKI6aoAgxnQOpBbMjJugfTcvtt2y6ypns-vB_zZXDbuF0iXUPANXNYWPLCTUP6u-hGU\">Pedro da Costa Gadelha Neto<\/a><\/p>\n\n\n\n<p class=\"has-text-align-left has-black-color has-text-color has-link-color has-small-font-size wp-elements-ed4c35b92871abe89c4be8da180f2dc1\"><\/p>\n\n\n\n<p class=\"has-text-align-left has-black-color has-text-color has-link-color has-small-font-size wp-elements-1cc3d30b1461d4c0ac12567f82c21036\"><a href=\"https:\/\/buscatextual.cnpq.br\/buscatextual\/visualizacv.do?id=K4270273T8&amp;tokenCaptchar=03AFcWeA7iCAf4i87NXMdv-cVO3LUmUM7tYrqnSBiq7ydz58mldZ1YTgma9fcYumvsyT0J7Vvl0Lhb87LOp5PtQ5ofTR0lA_cY2gqEJWzNiDequj5RbDNV_J_3PaWnbhum9jufzN9AmyKyVUtiOeM8VC8ykAhe4fpglbDJ8LDwnmheDb4cTm_WnVpLykvoj1-UyAXndKZejUlH3KZN4-qvHALC2KVggIFCCfTXs2-ImJ7s_XdPSNqka6VakQ54KFhB3eauGGcsTniF8IjZbGRjXty566FbmVx6ihO9lw1XGMb7s_7gwXL94dKs9kaQRx9vQW-3_rn55wekWJHpc0yaY628PV1mPZaCiYAUdkehB9jX3JOaOx7JC5yMDZdy7MtpM_3x-9F0pdzjZvViQaEEbk3aaMjuiUtjXc0fTgeRu-kbCU_y4lVxK6ubAWrZfZ2xk10kdDZaTAJnBPQibjHasfU4eD1_zW_vXHMwYLkLXmLEYS5GmNG5BqF1ddMhbE9hocegQ7a4FA8UVyAOi4XpBg2XfBIDb1tP4OuFsTKiWGiHdiCcKBOkEoVyOGs54anvnxwcobZ3-gliEpVL2Gs9QJayTvhttnmm6fHpGeJtq8LlydVYPkYNGcvZ6G9x7XcH0r1lXWjrA2mht4AVlgkqWEzxPTazCCGMykypp7DvSsHHE2C67ZTjxag\">Renato Nunes do Nascimento<\/a><\/p>\n\n\n\n<p class=\"has-text-align-left has-black-color has-text-color has-link-color has-small-font-size wp-elements-ed4c35b92871abe89c4be8da180f2dc1\"><\/p>\n\n\n\n<p class=\"has-text-align-left has-black-color has-text-color has-link-color has-small-font-size wp-elements-c8d62156d9b918b6b469c6f1cef10a14\"><a href=\"https:\/\/buscatextual.cnpq.br\/buscatextual\/visualizacv.do?id=K4403342H3&amp;tokenCaptchar=03AFcWeA5_Byj3u488-jL_eyBVS50EK-hPF3R64UjvmebNx5cwz5QRKqbPL9VWF17Obki0Olxayy5RZB-UFkXIIh8ZBW84KznamQL9qnRQ3Rm2TvgPuT99aSxLGOYg6MjFC2aS8_fvuVxWlpJDjG2T_UA_EmoBDQQY5bVAt4lSzMmE56ExgRnT7Pq280sSMBc0ch41WmvDIS_LjmXsQmWKWGAReoLsahm5tr47d6ZU92Sgor_fzHOon9D4mzh5tbrXipu6Srf3i9zKwsl09YB2o1V7wF8q_T4jpnaNWR6hPB6tMyQnvw4JzZZqxM3JR-Kpo_p4qyZyvbXGJMdeZTR44b88rBZLv8SUiN3zF5bujjQIihCwXdCuJLrvP0pBcalG8q-qA3TshxEqg3rUaBRyzpC0vpzPlhX_wrHlcMJ5VLr17YA0UPOCdzh6qK9VSoja0ne0gLFKHArgoxsXbchGA9CQQ1AqtzJAOJ3l_Y-LM_EEB0P2sp1apXjEokbcLjG2nEsAUQhJaQjU9ayul3iU_6ZBaKk9-NML1j3y5CmImIVpUw4aMeLu-py2rzUfpXDSfSvf925hdOKigtRgeXW2GgZVevlWMF7JBnHRbgSRlWl7XA4daeenOdt32mf3rSFzSjyQF5UOlyG-ArgvzuNiEYKOQPvx7gSKN20eJikDhtMKMzh8wlO6L0Y\">Rosemere dos Santos Silva<\/a><\/p>\n\n\n\n<p class=\"has-text-align-left has-black-color has-text-color has-link-color has-small-font-size wp-elements-ed4c35b92871abe89c4be8da180f2dc1\"><\/p>\n\n\n\n<p class=\"has-text-align-left has-black-color has-text-color has-link-color has-small-font-size wp-elements-fe39bcb82adc525ef8d6565711787511\"><a href=\"https:\/\/buscatextual.cnpq.br\/buscatextual\/visualizacv.do?id=K4893677T4&amp;tokenCaptchar=03AFcWeA6I6EO5tGAsoM7vZ7GL_ef_Q0h7O5Wymh4K4nNJABxX2K2Gr07oq1bwSZ0uwCnUjGNgeVMRh0FsfMq-ehKZnPtuEP9orIZxoTTX4822FgfQi1hOLph9_NoG91TWvE_lUKtov_2nf1Sy3izLm6Hq0K2mkLJQT97sJHyySMzM_bYEmem0a8R5DW2U9otoxM0Oxpk1I4wzcV5wHPOhRvi9BjsqNAnLNXaooT-93Q9KG26MdyRKFgqdYKiCitF-6tyBX8ZDPc1cx2E7EkDZ_ecfgldggIORxuPrAX9LfVe6mWyMZaxzHhpI_NFeJIVPb1kfCyVcRiGoQL9bszpFUYmdWkRlCSdxyn223kjBKbFrUE7Z-gzvcPtkh2zwu7V-jNR3Fqm80hSIfzxgezoUqd7wJ9_JZinjVibRFcMuBHpmKatoHeULr56eU8MhgzQODnZLQk9aG1jGPLzf4zIa7XIE-YTKb4kynK7LVCFvLAgJUmgXTNKSvE4G1oNST1nIH_iMrvRJUqz1DkmReiRJ_rDq4bIEsjUaLUO1zzPOAbhZtuh-zy6ZLCdY2tgsW8vay-SOtCs0cMsb-eiuePMPKLstFxgtJKcf0s1GrMG7RLZzb5tZg6nOYzC_7WqJvoVIlonT9Jfrtq2KaByhKEowQwrQJYObOZhb3juS1QFHMpb1yztS8LchN0CXbxzwwrQRcIArPC6Ygb_KM-DIf24SLeEw7efVM8bNHg\">Samara Sandy Jer\u00f4nimo Moreira<\/a><\/p>\n\n\n\n<p class=\"has-text-align-left has-black-color has-text-color has-link-color has-small-font-size wp-elements-ed4c35b92871abe89c4be8da180f2dc1\"><\/p>\n\n\n\n<p class=\"has-text-align-left has-black-color has-text-color has-link-color has-small-font-size wp-elements-e29b40282a6dd6ee672d3f97930e11f3\"><a href=\"https:\/\/buscatextual.cnpq.br\/buscatextual\/visualizacv.do?id=K8781661P6&amp;tokenCaptchar=03AFcWeA7VflSuiFMmqyzzu7Ty-ektN4RLDMLNmY034aOliEIn_5tp_BVcMCu8Nc5SgiVAm6KGuetFLj91n5THfB8hD0fHSq6C9qa_Cg14SaPXrazodXQAAksoOc41eW7rGdw_Od8SzjPCj93Erej-yh1UnflhpMDIbVC836OwT3drNdxrv_MDQjA0qpH4VDzc2fOI_ybSAM9Z8K4JlTw_WiafWSFYLlxN7HiEibhH2o0jLkPedbNT6BWwYPhWjvDjWMtcYpj9qLZEtkdKMHrkeL9iM3XRqW3fa4l5l-_edFLcGYxtRX7gAGjHE_7WeLgTPG3jhiE2FjIOIgtpKrbXFATm2iNsKB9gHJYJcJi8nC1kYMCc3KmEuRAQzo73snHwyg5rO_YYtGGO1RBXMwJnrE1bnbuv6oKzQcj1CyvOGbAXIV7foPe6jdF3gX5BfrqVmb-p2xU97H7kCNjo3KNhcaiWjZZEp8n-RWiLGRm5B3OXDgue5FPjE2LimyY55QoJ-sCvGJZk8TdJvo91M9dbrrsLktC9m4rlzKc_vEFDYizFn7T_9c3ATDN6X9gZi0nZf-IeY4GxNE4gp16wxvefh3kf9iXbG9lWyMxZKJdcuvSaFQBMY7jLNo-OcO20qHv8ZF0b6UoJ2WiZmJUZuE4W3qff8yPX_yIm4vtB4F-UnxZgEHnju7L_CMI\">Tha\u00eds Helena Chaves Batista<\/a><\/p>\n\n\n\n<p class=\"has-text-align-left has-black-color has-text-color has-link-color has-small-font-size wp-elements-ed4c35b92871abe89c4be8da180f2dc1\"><\/p>\n\n\n\n<p class=\"has-text-align-left has-black-color has-text-color has-link-color has-small-font-size wp-elements-b9ec638abf75a62db14b528a3e8903ee\"><a href=\"https:\/\/buscatextual.cnpq.br\/buscatextual\/visualizacv.do?id=K4387341P1&amp;tokenCaptchar=03AFcWeA4eFJxmySBkgHqGPr0YMRnuA26My0DGJrzhoGErrT7NzGBgsN7jlmUMtoRrVn06FTb4NmdXNlNLkwiLbzqgwAFBmevjjD8J0BC7GZhgLCc_K57T7wFp4K--5KXV7sqenT_doZytHnhkLsqXNu3JpoD_neOruU6DJyBG9ca4A4Yr4q2mvcNhUPYsYkium3BZggvblzP6EnL9hl48t-XUBtVcsL3OLHa2DPoVSg9sbbV4MKVwCkEQbQsDNZ_Bkk44QYD48iBwu8xx8RaMvhTb8KhdoOyAWyYN838B9hlTCTaX0wm3L6X8CWOdZgPoWHXxDZYOgSKAWx21squpmbWBXHmObyS0uXENJeu54oZVdnV90G9TgDdFsRN9PzvWcmZtV5-Xa1jAju3c188TPoWs112H7UfJjicnSFy78l6QJeou-fpxdZuex5B50UwYd-GCc4hd4ESzOUGjgLBKHzXUVDz5oRStFgtI0mqYuYIShr7goHnZe9OfCKjUPu8pyRLPX5xgEvaQR5nVmiaZlCGkmXMtZeClKAYwpDvT7H5jiCavtt15rRxsMomrldsjzLadnLpz-NypxcvzALi6a1KDxF5yvRucxgGNgCljLi2hLkY6s-lfYrndhrPiDmYF_y0QbTx4dZwaMvbpr9IZWr3j7zzhYYADkiUI7gNVQ7N0WEMsUDdsGuE\">Wellington Sena Lobato J\u00fanior<\/a><\/p>\n<\/div>\n<\/div>\n<\/div>\n<\/div>\n\n\n\n<p class=\"has-text-align-left has-medium-font-size\"><\/p>\n\n\n\n<p><\/p>\n\n\n\n<p class=\"has-text-align-center has-white-background-color has-text-color has-background has-link-color wp-elements-1a5dfc4de713ff154ef5c4e95f7174ce\" style=\"color:#004284;font-size:16px\"><\/p>\n\n\n\n<p class=\"has-text-align-center has-white-background-color has-text-color has-background has-link-color has-medium-font-size wp-elements-208fbc28384f0d2cd0348c0f5035ec14\" style=\"color:#004284\"><\/p>\n\n\n\n<p class=\"has-text-align-center has-white-background-color has-text-color has-background has-link-color has-medium-font-size wp-elements-208fbc28384f0d2cd0348c0f5035ec14\" style=\"color:#004284\"><\/p>\n\n\n\n<p class=\"has-text-align-center has-white-background-color has-text-color has-background has-link-color has-medium-font-size wp-elements-04bc9c1f48ddf835ac1e5d78566e904e\" style=\"color:#004284\"><\/p>\n\n\n\n\n\n<div class=\"wp-block-columns is-layout-flex wp-container-core-columns-is-layout-9d6595d7 wp-block-columns-is-layout-flex\">\n<div class=\"wp-block-column has-white-background-color has-background is-layout-flow wp-block-column-is-layout-flow\" style=\"flex-basis:600px\"><\/div>\n<\/div>\n\n\n\n<p><\/p>\n","protected":false},"excerpt":{"rendered":"<p>Docentes efetivos Ana Em\u00edlia Barros e Silva Carlos Henrique de Brito David Holanda de Oliveira Felipe Camurugi Almeida Guimar\u00e3es Helder Farias Pereira de Araujo La\u00eds Ang\u00e9lica de Andrade Pinheiro Borges Lenyneves Duarte Alvino de Ara\u00fajo Leonardo Pessoa Felix Loise Araujo Costa Mailson Monteiro do R\u00eago M\u00e1rio Luiz Farias Cavalcanti N\u00fabia Pereira da Costa Yirina Valdes [&hellip;]<\/p>\n","protected":false},"author":73,"featured_media":0,"parent":0,"menu_order":0,"comment_status":"closed","ping_status":"closed","template":"","meta":{"_acf_changed":false,"footnotes":""},"class_list":["post-636","page","type-page","status-publish","hentry"],"acf":[],"_links":{"self":[{"href":"https:\/\/www.cca.ufpb.br\/db\/wp-json\/wp\/v2\/pages\/636","targetHints":{"allow":["GET"]}}],"collection":[{"href":"https:\/\/www.cca.ufpb.br\/db\/wp-json\/wp\/v2\/pages"}],"about":[{"href":"https:\/\/www.cca.ufpb.br\/db\/wp-json\/wp\/v2\/types\/page"}],"author":[{"embeddable":true,"href":"https:\/\/www.cca.ufpb.br\/db\/wp-json\/wp\/v2\/users\/73"}],"replies":[{"embeddable":true,"href":"https:\/\/www.cca.ufpb.br\/db\/wp-json\/wp\/v2\/comments?post=636"}],"version-history":[{"count":92,"href":"https:\/\/www.cca.ufpb.br\/db\/wp-json\/wp\/v2\/pages\/636\/revisions"}],"predecessor-version":[{"id":3375,"href":"https:\/\/www.cca.ufpb.br\/db\/wp-json\/wp\/v2\/pages\/636\/revisions\/3375"}],"wp:attachment":[{"href":"https:\/\/www.cca.ufpb.br\/db\/wp-json\/wp\/v2\/media?parent=636"}],"curies":[{"name":"wp","href":"https:\/\/api.w.org\/{rel}","templated":true}]}}