{"id":3318,"date":"2025-05-27T07:33:49","date_gmt":"2025-05-27T10:33:49","guid":{"rendered":"https:\/\/www.cca.ufpb.br\/db\/?page_id=3318"},"modified":"2025-05-27T10:01:46","modified_gmt":"2025-05-27T13:01:46","slug":"colecao-cientifica-de-invertebrados","status":"publish","type":"page","link":"https:\/\/www.cca.ufpb.br\/db\/colecoes\/colecao-cientifica-de-invertebrados\/","title":{"rendered":"Cole\u00e7\u00e3o Cient\u00edfica de Invertebrados"},"content":{"rendered":"\n<p>Curador:<\/p>\n\n\n\n<p>Prof. Carlos Henrique de Brito<\/p>\n\n\n\n<p>Vice-curadora:<\/p>\n\n\n\n<p>Profa. Yirina Valdes Vazquez<\/p>\n\n\n\n<p><\/p>\n","protected":false},"excerpt":{"rendered":"<p>Curador: Prof. Carlos Henrique de Brito Vice-curadora: Profa. Yirina Valdes Vazquez<\/p>\n","protected":false},"author":73,"featured_media":0,"parent":2593,"menu_order":0,"comment_status":"closed","ping_status":"closed","template":"","meta":{"_acf_changed":false,"footnotes":""},"class_list":["post-3318","page","type-page","status-publish","hentry"],"acf":[],"_links":{"self":[{"href":"https:\/\/www.cca.ufpb.br\/db\/wp-json\/wp\/v2\/pages\/3318","targetHints":{"allow":["GET"]}}],"collection":[{"href":"https:\/\/www.cca.ufpb.br\/db\/wp-json\/wp\/v2\/pages"}],"about":[{"href":"https:\/\/www.cca.ufpb.br\/db\/wp-json\/wp\/v2\/types\/page"}],"author":[{"embeddable":true,"href":"https:\/\/www.cca.ufpb.br\/db\/wp-json\/wp\/v2\/users\/73"}],"replies":[{"embeddable":true,"href":"https:\/\/www.cca.ufpb.br\/db\/wp-json\/wp\/v2\/comments?post=3318"}],"version-history":[{"count":2,"href":"https:\/\/www.cca.ufpb.br\/db\/wp-json\/wp\/v2\/pages\/3318\/revisions"}],"predecessor-version":[{"id":3324,"href":"https:\/\/www.cca.ufpb.br\/db\/wp-json\/wp\/v2\/pages\/3318\/revisions\/3324"}],"up":[{"embeddable":true,"href":"https:\/\/www.cca.ufpb.br\/db\/wp-json\/wp\/v2\/pages\/2593"}],"wp:attachment":[{"href":"https:\/\/www.cca.ufpb.br\/db\/wp-json\/wp\/v2\/media?parent=3318"}],"curies":[{"name":"wp","href":"https:\/\/api.w.org\/{rel}","templated":true}]}}