{"id":279,"date":"2024-02-01T15:13:22","date_gmt":"2024-02-01T18:13:22","guid":{"rendered":"https:\/\/www.cca.ufpb.br\/db\/?page_id=279"},"modified":"2025-12-01T13:16:19","modified_gmt":"2025-12-01T16:16:19","slug":"assuntos","status":"publish","type":"page","link":"https:\/\/www.cca.ufpb.br\/db\/assuntos\/","title":{"rendered":"Setores"},"content":{"rendered":"\n<p class=\"has-text-align-center has-black-color has-text-color has-background has-link-color has-medium-font-size wp-elements-01b7e23bf9ca4e9faf48deb7de9f4836\" style=\"background-color:#d7d7de4d\"><strong><a href=\"https:\/\/www.cca.ufpb.br\/db\/assuntos\/setor-de-biologia-animal\/\">Biologia Animal<\/a><\/strong><\/p>\n\n\n\n<p class=\"has-text-align-center has-black-color has-text-color has-background has-link-color has-medium-font-size wp-elements-5f2080f40c740245ed06408a7d8e3c70\" style=\"background-color:#d7d7de4d\"><a href=\"https:\/\/www.cca.ufpb.br\/db\/assuntos\/setor-de-biologia-celular-e-cultura-de-tecidos-vegetais\/\"><strong>Biologia Celular e Cultura <\/strong><br><strong>de Tecidos Vegetais<\/strong><\/a><\/p>\n\n\n\n<p class=\"has-text-align-center has-black-color has-text-color has-background has-link-color has-medium-font-size wp-elements-0f5cb412fd8cea82c9d8e9127ffbf020\" style=\"background-color:#d7d7de4d\"><strong><a href=\"https:\/\/www.cca.ufpb.br\/db\/assuntos\/setor-de-biologia-vegetal\/\">Biologia Vegetal<\/a><\/strong><\/p>\n\n\n\n<p class=\"has-text-align-center has-black-color has-text-color has-background has-link-color has-medium-font-size wp-elements-2ab601663d8c9741251e0a5e0dac4204\" style=\"background-color:#d7d7de4d\"><a href=\"https:\/\/www.cca.ufpb.br\/db\/assuntos\/setor-de-biotecnologia-e-melhoramento-vegetal\/\"><strong>Biotecnologia e <\/strong><br><strong>Melhoramento Vegetal<\/strong><\/a><\/p>\n\n\n\n<p class=\"has-text-align-center has-black-color has-text-color has-background has-link-color has-medium-font-size wp-elements-4f90379947b157a2df2d538b130e3a58\" style=\"background-color:#d7d7de4d\"><strong><a href=\"https:\/\/www.cca.ufpb.br\/db\/assuntos\/setor-de-botanica-sistematica\/\">Bot\u00e2nica Sistem\u00e1tica e Citogen\u00e9tica<\/a><\/strong><\/p>\n\n\n\n<p class=\"has-text-align-center has-black-color has-text-color has-background has-link-color has-medium-font-size wp-elements-f58289d177a1107adf0cd3569183a536\" style=\"background-color:#d7d7de4d\"><strong><a href=\"https:\/\/www.cca.ufpb.br\/db\/assuntos\/setor-de-microbiologia-ambiental-e-aplicada\/\">Microbiologia Ambiental e Aplicada<\/a><\/strong><\/p>\n","protected":false},"excerpt":{"rendered":"<p>Biologia Animal Biologia Celular e Cultura de Tecidos Vegetais Biologia Vegetal Biotecnologia e Melhoramento Vegetal Bot\u00e2nica Sistem\u00e1tica e Citogen\u00e9tica Microbiologia Ambiental e Aplicada<\/p>\n","protected":false},"author":73,"featured_media":0,"parent":0,"menu_order":0,"comment_status":"closed","ping_status":"closed","template":"","meta":{"_acf_changed":false,"footnotes":""},"class_list":["post-279","page","type-page","status-publish","hentry"],"acf":[],"_links":{"self":[{"href":"https:\/\/www.cca.ufpb.br\/db\/wp-json\/wp\/v2\/pages\/279","targetHints":{"allow":["GET"]}}],"collection":[{"href":"https:\/\/www.cca.ufpb.br\/db\/wp-json\/wp\/v2\/pages"}],"about":[{"href":"https:\/\/www.cca.ufpb.br\/db\/wp-json\/wp\/v2\/types\/page"}],"author":[{"embeddable":true,"href":"https:\/\/www.cca.ufpb.br\/db\/wp-json\/wp\/v2\/users\/73"}],"replies":[{"embeddable":true,"href":"https:\/\/www.cca.ufpb.br\/db\/wp-json\/wp\/v2\/comments?post=279"}],"version-history":[{"count":308,"href":"https:\/\/www.cca.ufpb.br\/db\/wp-json\/wp\/v2\/pages\/279\/revisions"}],"predecessor-version":[{"id":3628,"href":"https:\/\/www.cca.ufpb.br\/db\/wp-json\/wp\/v2\/pages\/279\/revisions\/3628"}],"wp:attachment":[{"href":"https:\/\/www.cca.ufpb.br\/db\/wp-json\/wp\/v2\/media?parent=279"}],"curies":[{"name":"wp","href":"https:\/\/api.w.org\/{rel}","templated":true}]}}