{"id":2593,"date":"2025-02-21T08:10:37","date_gmt":"2025-02-21T11:10:37","guid":{"rendered":"https:\/\/www.cca.ufpb.br\/db\/?page_id=2593"},"modified":"2025-05-28T13:35:51","modified_gmt":"2025-05-28T16:35:51","slug":"colecoes","status":"publish","type":"page","link":"https:\/\/www.cca.ufpb.br\/db\/colecoes\/","title":{"rendered":"Cole\u00e7\u00f5es"},"content":{"rendered":"\n<p class=\"has-small-font-size\"><a href=\"https:\/\/www.cca.ufpb.br\/db\/colecoes\/colecao-cientifica-paleontologica\/\">Cole\u00e7\u00e3o Cient\u00edfica Paleontol\u00f3gica<\/a><\/p>\n\n\n\n<p class=\"has-small-font-size\"><a href=\"https:\/\/www.cca.ufpb.br\/db\/colecoes\/colecao-de-aves-heretiano-zenaide\/\">Cole\u00e7\u00e3o de Aves Heretiano Zenaide<\/a><\/p>\n\n\n\n<p class=\"has-small-font-size\"><a href=\"https:\/\/www.cca.ufpb.br\/db\/colecoes\/colecao-de-estruturas-reprodutivas-genaro-vianna-dornellas\/\" data-type=\"page\" data-id=\"2088\">Cole\u00e7\u00e3o de Estruturas Reprodutivas Genaro Vianna Dornellas<\/a><\/p>\n\n\n\n<p class=\"has-small-font-size\"><a href=\"https:\/\/www.cca.ufpb.br\/db\/colecoes\/herbario-jaime-coelho-de-moraes\/\">Herb\u00e1rio Jaime Coelho de Moraes<\/a><\/p>\n\n\n\n<p class=\"has-small-font-size\"><a href=\"https:\/\/www.cca.ufpb.br\/db\/colecoes\/colecao-cientifica-de-invertebrados\">Cole\u00e7\u00e3o Cient\u00edfica de Invertebrados<\/a><\/p>\n\n\n\n<p><\/p>\n","protected":false},"excerpt":{"rendered":"<p>Cole\u00e7\u00e3o Cient\u00edfica Paleontol\u00f3gica Cole\u00e7\u00e3o de Aves Heretiano Zenaide Cole\u00e7\u00e3o de Estruturas Reprodutivas Genaro Vianna Dornellas Herb\u00e1rio Jaime Coelho de Moraes Cole\u00e7\u00e3o Cient\u00edfica de Invertebrados<\/p>\n","protected":false},"author":47,"featured_media":0,"parent":0,"menu_order":0,"comment_status":"closed","ping_status":"closed","template":"","meta":{"_acf_changed":false,"footnotes":""},"class_list":["post-2593","page","type-page","status-publish","hentry"],"acf":[],"_links":{"self":[{"href":"https:\/\/www.cca.ufpb.br\/db\/wp-json\/wp\/v2\/pages\/2593","targetHints":{"allow":["GET"]}}],"collection":[{"href":"https:\/\/www.cca.ufpb.br\/db\/wp-json\/wp\/v2\/pages"}],"about":[{"href":"https:\/\/www.cca.ufpb.br\/db\/wp-json\/wp\/v2\/types\/page"}],"author":[{"embeddable":true,"href":"https:\/\/www.cca.ufpb.br\/db\/wp-json\/wp\/v2\/users\/47"}],"replies":[{"embeddable":true,"href":"https:\/\/www.cca.ufpb.br\/db\/wp-json\/wp\/v2\/comments?post=2593"}],"version-history":[{"count":7,"href":"https:\/\/www.cca.ufpb.br\/db\/wp-json\/wp\/v2\/pages\/2593\/revisions"}],"predecessor-version":[{"id":3361,"href":"https:\/\/www.cca.ufpb.br\/db\/wp-json\/wp\/v2\/pages\/2593\/revisions\/3361"}],"wp:attachment":[{"href":"https:\/\/www.cca.ufpb.br\/db\/wp-json\/wp\/v2\/media?parent=2593"}],"curies":[{"name":"wp","href":"https:\/\/api.w.org\/{rel}","templated":true}]}}