{"id":2561,"date":"2025-02-21T07:47:42","date_gmt":"2025-02-21T10:47:42","guid":{"rendered":"https:\/\/www.cca.ufpb.br\/db\/?page_id=2561"},"modified":"2026-04-16T07:46:05","modified_gmt":"2026-04-16T10:46:05","slug":"apresentacao-2","status":"publish","type":"page","link":"https:\/\/www.cca.ufpb.br\/db\/apresentacao-2\/","title":{"rendered":"Apresenta\u00e7\u00e3o"},"content":{"rendered":"\n<p>Criado em 2009, como Departamento de Ci\u00eancias Biol\u00f3gicas, teve seu nome alterado, em 2020, para Departamento de Bioci\u00eancias, nomenclatura que representa melhor as disciplinas por ele ministradas. Tem por finalidade viabilizar meios e condi\u00e7\u00f5es de ensino aos alunos dos cursos de gradua\u00e7\u00e3o e p\u00f3s-gradua\u00e7\u00e3o, em todas as atividades, prezando pela indissociabilidade entre ensino, pesquisa e extens\u00e3o.<\/p>\n\n\n\n<p class=\"has-medium-font-size\"><strong>Gest\u00e3o<\/strong> <strong>Atual<\/strong><\/p>\n\n\n\n<p class=\"has-text-align-left has-text-align-center has-medium-font-size\">M\u00e1rio Luiz Farias Cavalcanti \u2013 Chefe<\/p>\n\n\n\n<p class=\"has-text-align-left has-text-align-center has-medium-font-size\">Loise Araujo Costa \u2013 Vice-chefe<\/p>\n\n\n\n<p class=\"has-text-align-left has-text-align-center has-medium-font-size\">Joseando dos Santos Alves \u2013 Secret\u00e1rio<\/p>\n\n\n\n<p class=\"has-text-align-center has-white-color has-text-color has-background has-link-color wp-elements-637695577e6ef429aa6576e98c6a2603\"><strong>APRESENTA\u00c7\u00c3O<\/strong><\/p>\n\n\n\n\n\n<p><\/p>\n","protected":false},"excerpt":{"rendered":"<p>Criado em 2009, como Departamento de Ci\u00eancias Biol\u00f3gicas, teve seu nome alterado, em 2020, para Departamento de Bioci\u00eancias, nomenclatura que representa melhor as disciplinas por ele ministradas. Tem por finalidade viabilizar meios e condi\u00e7\u00f5es de ensino aos alunos dos cursos de gradua\u00e7\u00e3o e p\u00f3s-gradua\u00e7\u00e3o, em todas as atividades, prezando pela indissociabilidade entre ensino, pesquisa e extens\u00e3o<\/p>\n","protected":false},"author":47,"featured_media":3173,"parent":0,"menu_order":0,"comment_status":"closed","ping_status":"closed","template":"","meta":{"_acf_changed":false,"footnotes":""},"class_list":["post-2561","page","type-page","status-publish","has-post-thumbnail","hentry"],"acf":[],"_links":{"self":[{"href":"https:\/\/www.cca.ufpb.br\/db\/wp-json\/wp\/v2\/pages\/2561","targetHints":{"allow":["GET"]}}],"collection":[{"href":"https:\/\/www.cca.ufpb.br\/db\/wp-json\/wp\/v2\/pages"}],"about":[{"href":"https:\/\/www.cca.ufpb.br\/db\/wp-json\/wp\/v2\/types\/page"}],"author":[{"embeddable":true,"href":"https:\/\/www.cca.ufpb.br\/db\/wp-json\/wp\/v2\/users\/47"}],"replies":[{"embeddable":true,"href":"https:\/\/www.cca.ufpb.br\/db\/wp-json\/wp\/v2\/comments?post=2561"}],"version-history":[{"count":5,"href":"https:\/\/www.cca.ufpb.br\/db\/wp-json\/wp\/v2\/pages\/2561\/revisions"}],"predecessor-version":[{"id":3954,"href":"https:\/\/www.cca.ufpb.br\/db\/wp-json\/wp\/v2\/pages\/2561\/revisions\/3954"}],"wp:featuredmedia":[{"embeddable":true,"href":"https:\/\/www.cca.ufpb.br\/db\/wp-json\/wp\/v2\/media\/3173"}],"wp:attachment":[{"href":"https:\/\/www.cca.ufpb.br\/db\/wp-json\/wp\/v2\/media?parent=2561"}],"curies":[{"name":"wp","href":"https:\/\/api.w.org\/{rel}","templated":true}]}}