{"id":2043,"date":"2024-11-18T14:54:34","date_gmt":"2024-11-18T17:54:34","guid":{"rendered":"https:\/\/www.cca.ufpb.br\/db\/?page_id=2043"},"modified":"2025-02-21T08:00:43","modified_gmt":"2025-02-21T11:00:43","slug":"laboratorio-de-biologia-molecular-2","status":"publish","type":"page","link":"https:\/\/www.cca.ufpb.br\/db\/laboratorios\/laboratorio-de-biologia-molecular-2\/","title":{"rendered":"Laborat\u00f3rio de Biologia Molecular"},"content":{"rendered":"\n<p>Chefe:<\/p>\n\n\n\n<p>Prof. Mailson Monteiro do R\u00eago<\/p>\n\n\n\n<p>T\u00e9cnicos:<\/p>\n\n\n\n<p>Cl\u00e1udio Roberto de Vasconcelos<\/p>\n\n\n\n<p>Eliane Cristina Arcelino<\/p>\n\n\n\n<p>Wellington Sena Lobato J\u00fanior<\/p>\n","protected":false},"excerpt":{"rendered":"<p>Chefe: Prof. Mailson Monteiro do R\u00eago T\u00e9cnicos: Cl\u00e1udio Roberto de Vasconcelos Eliane Cristina Arcelino Wellington Sena Lobato J\u00fanior<\/p>\n","protected":false},"author":73,"featured_media":0,"parent":2578,"menu_order":0,"comment_status":"closed","ping_status":"closed","template":"","meta":{"_acf_changed":false,"footnotes":""},"class_list":["post-2043","page","type-page","status-publish","hentry"],"acf":[],"_links":{"self":[{"href":"https:\/\/www.cca.ufpb.br\/db\/wp-json\/wp\/v2\/pages\/2043","targetHints":{"allow":["GET"]}}],"collection":[{"href":"https:\/\/www.cca.ufpb.br\/db\/wp-json\/wp\/v2\/pages"}],"about":[{"href":"https:\/\/www.cca.ufpb.br\/db\/wp-json\/wp\/v2\/types\/page"}],"author":[{"embeddable":true,"href":"https:\/\/www.cca.ufpb.br\/db\/wp-json\/wp\/v2\/users\/73"}],"replies":[{"embeddable":true,"href":"https:\/\/www.cca.ufpb.br\/db\/wp-json\/wp\/v2\/comments?post=2043"}],"version-history":[{"count":12,"href":"https:\/\/www.cca.ufpb.br\/db\/wp-json\/wp\/v2\/pages\/2043\/revisions"}],"predecessor-version":[{"id":2164,"href":"https:\/\/www.cca.ufpb.br\/db\/wp-json\/wp\/v2\/pages\/2043\/revisions\/2164"}],"up":[{"embeddable":true,"href":"https:\/\/www.cca.ufpb.br\/db\/wp-json\/wp\/v2\/pages\/2578"}],"wp:attachment":[{"href":"https:\/\/www.cca.ufpb.br\/db\/wp-json\/wp\/v2\/media?parent=2043"}],"curies":[{"name":"wp","href":"https:\/\/api.w.org\/{rel}","templated":true}]}}