{"id":1981,"date":"2024-11-18T14:47:15","date_gmt":"2024-11-18T17:47:15","guid":{"rendered":"https:\/\/www.cca.ufpb.br\/db\/?page_id=1981"},"modified":"2025-02-21T09:08:20","modified_gmt":"2025-02-21T12:08:20","slug":"colecao-cientifica-paleontologica","status":"publish","type":"page","link":"https:\/\/www.cca.ufpb.br\/db\/colecoes\/colecao-cientifica-paleontologica\/","title":{"rendered":"Cole\u00e7\u00e3o Cient\u00edfica Paleontol\u00f3gica"},"content":{"rendered":"\n<p>Curador:<\/p>\n\n\n\n<p>Prof. David Holanda de Oliveira<\/p>\n\n\n\n<figure class=\"wp-block-gallery has-nested-images columns-default is-cropped wp-block-gallery-1 is-layout-flex wp-block-gallery-is-layout-flex\"><\/figure>\n\n\n\n<p><\/p>\n","protected":false},"excerpt":{"rendered":"<p>Curador: Prof. David Holanda de Oliveira<\/p>\n","protected":false},"author":73,"featured_media":0,"parent":2593,"menu_order":0,"comment_status":"closed","ping_status":"closed","template":"","meta":{"_acf_changed":false,"footnotes":""},"class_list":["post-1981","page","type-page","status-publish","hentry"],"acf":[],"_links":{"self":[{"href":"https:\/\/www.cca.ufpb.br\/db\/wp-json\/wp\/v2\/pages\/1981","targetHints":{"allow":["GET"]}}],"collection":[{"href":"https:\/\/www.cca.ufpb.br\/db\/wp-json\/wp\/v2\/pages"}],"about":[{"href":"https:\/\/www.cca.ufpb.br\/db\/wp-json\/wp\/v2\/types\/page"}],"author":[{"embeddable":true,"href":"https:\/\/www.cca.ufpb.br\/db\/wp-json\/wp\/v2\/users\/73"}],"replies":[{"embeddable":true,"href":"https:\/\/www.cca.ufpb.br\/db\/wp-json\/wp\/v2\/comments?post=1981"}],"version-history":[{"count":5,"href":"https:\/\/www.cca.ufpb.br\/db\/wp-json\/wp\/v2\/pages\/1981\/revisions"}],"predecessor-version":[{"id":2625,"href":"https:\/\/www.cca.ufpb.br\/db\/wp-json\/wp\/v2\/pages\/1981\/revisions\/2625"}],"up":[{"embeddable":true,"href":"https:\/\/www.cca.ufpb.br\/db\/wp-json\/wp\/v2\/pages\/2593"}],"wp:attachment":[{"href":"https:\/\/www.cca.ufpb.br\/db\/wp-json\/wp\/v2\/media?parent=1981"}],"curies":[{"name":"wp","href":"https:\/\/api.w.org\/{rel}","templated":true}]}}