{"id":1969,"date":"2024-11-18T14:45:30","date_gmt":"2024-11-18T17:45:30","guid":{"rendered":"https:\/\/www.cca.ufpb.br\/db\/?page_id=1969"},"modified":"2025-11-27T15:07:31","modified_gmt":"2025-11-27T18:07:31","slug":"laboratorio-de-paleontologia-e-evolucao","status":"publish","type":"page","link":"https:\/\/www.cca.ufpb.br\/db\/laboratorios\/laboratorio-de-paleontologia-e-evolucao\/","title":{"rendered":"Laborat\u00f3rio de Paleontologia e Evolu\u00e7\u00e3o"},"content":{"rendered":"\n<p>Chefe: Prof. David Holanda de Oliveira<\/p>\n\n\n\n<p><\/p>\n\n\n\n<p>O Laborat\u00f3rio de Paleontologia e Evolu\u00e7\u00e3o e <a href=\"https:\/\/www.cca.ufpb.br\/db\/colecoes\/colecao-cientifica-paleontologica\/\">Cole\u00e7\u00e3o Cient\u00edfica Paleontol\u00f3gica<\/a> \ud83e\udd96\u26cf\ufe0f\ud83e\udd95: coordenado pelo Prof. David Holanda e conta com o suporte da T\u00e9cnica de Laborat\u00f3rio Samara Moreira. \u00c9 \u00fanico no g\u00eanero na UFPB e um dos poucos no estado da Para\u00edba, e al\u00e9m de desenvolver pesquisas na \u00e1rea da paleontologia, realiza trabalhos de divulga\u00e7\u00e3o cient\u00edfica, ensino e extens\u00e3o. Ainda, o PALEOEVO possui um importante acervo de f\u00f3sseis oriundos de diferentes regi\u00f5es do Brasil que serve de refer\u00eancia para v\u00e1rios trabalhos.<br><a href=\"https:\/\/www.instagram.com\/paleoevo.ufpb\/\">@paleoevo.ufpb<\/a><\/p>\n\n\n\n\n\n<p><\/p>\n","protected":false},"excerpt":{"rendered":"<p>Chefe: Prof. David Holanda de Oliveira O Laborat\u00f3rio de Paleontologia e Evolu\u00e7\u00e3o e Cole\u00e7\u00e3o Cient\u00edfica Paleontol\u00f3gica \ud83e\udd96\u26cf\ufe0f\ud83e\udd95: coordenado pelo Prof. David Holanda e conta com o suporte da T\u00e9cnica de Laborat\u00f3rio Samara Moreira. \u00c9 \u00fanico no g\u00eanero na UFPB e um dos poucos no estado da Para\u00edba, e al\u00e9m de desenvolver pesquisas na \u00e1rea da [&hellip;]<\/p>\n","protected":false},"author":73,"featured_media":0,"parent":2578,"menu_order":0,"comment_status":"closed","ping_status":"closed","template":"","meta":{"_acf_changed":false,"footnotes":""},"class_list":["post-1969","page","type-page","status-publish","hentry"],"acf":[],"_links":{"self":[{"href":"https:\/\/www.cca.ufpb.br\/db\/wp-json\/wp\/v2\/pages\/1969","targetHints":{"allow":["GET"]}}],"collection":[{"href":"https:\/\/www.cca.ufpb.br\/db\/wp-json\/wp\/v2\/pages"}],"about":[{"href":"https:\/\/www.cca.ufpb.br\/db\/wp-json\/wp\/v2\/types\/page"}],"author":[{"embeddable":true,"href":"https:\/\/www.cca.ufpb.br\/db\/wp-json\/wp\/v2\/users\/73"}],"replies":[{"embeddable":true,"href":"https:\/\/www.cca.ufpb.br\/db\/wp-json\/wp\/v2\/comments?post=1969"}],"version-history":[{"count":8,"href":"https:\/\/www.cca.ufpb.br\/db\/wp-json\/wp\/v2\/pages\/1969\/revisions"}],"predecessor-version":[{"id":3621,"href":"https:\/\/www.cca.ufpb.br\/db\/wp-json\/wp\/v2\/pages\/1969\/revisions\/3621"}],"up":[{"embeddable":true,"href":"https:\/\/www.cca.ufpb.br\/db\/wp-json\/wp\/v2\/pages\/2578"}],"wp:attachment":[{"href":"https:\/\/www.cca.ufpb.br\/db\/wp-json\/wp\/v2\/media?parent=1969"}],"curies":[{"name":"wp","href":"https:\/\/api.w.org\/{rel}","templated":true}]}}