{"id":1963,"date":"2024-11-18T14:44:39","date_gmt":"2024-11-18T17:44:39","guid":{"rendered":"https:\/\/www.cca.ufpb.br\/db\/?page_id=1963"},"modified":"2025-06-05T09:37:03","modified_gmt":"2025-06-05T12:37:03","slug":"laboratorio-de-invertebrados","status":"publish","type":"page","link":"https:\/\/www.cca.ufpb.br\/db\/laboratorios\/laboratorio-de-invertebrados\/","title":{"rendered":"Laborat\u00f3rio de Invertebrados"},"content":{"rendered":"\n<p>Chefe: Prof. Carlos Henrique de Brito<\/p>\n\n\n\n<p>Vice-chefe: Yirina Valdes Vazquez<\/p>\n\n\n\n<p>T\u00e9cnico: Tha\u00eds Helena Chaves Batista<\/p>\n\n\n\n<p>O Laborat\u00f3rio de Invertebrados (LABIN) e <a href=\"https:\/\/www.cca.ufpb.br\/db\/colecoes\/colecao-cientifica-de-invertebrados\">Cole\u00e7\u00e3o Cient\u00edfica de Invertebrados<\/a>.\ud83d\udc0c\ud83e\udeb0\ud83e\udeb1\ud83d\udc1b: tem como coordenador\/chefe o prof. Carlos Henrique de Brito e vice-coordenadora a profa. Yirina Valdes, al\u00e9m de contar com o suporte da T\u00e9cnica de Laborat\u00f3rio Thais Helena. Neles, s\u00e3o desenvolvidos projetos de extens\u00e3o, al\u00e9m de pesquisas de gradua\u00e7\u00e3o e p\u00f3s-gradua\u00e7\u00e3o, nas \u00e1reas de Biologia e Agronomia, com foco em Bioecologia de Insetos, Controle Biol\u00f3gico de Insetos Praga e Manejo Integrado de Pragas; e Manejo e Controle de Nemat\u00f3ides. Al\u00e9m de contar com a Cole\u00e7\u00e3o Did\u00e1tica de Invertebrados.<br><a href=\"https:\/\/www.instagram.com\/labzooinvertebrados\/\">@labzooinvertebrados<\/a><\/p>\n\n\n\n\n\n<p><\/p>\n","protected":false},"excerpt":{"rendered":"<p>Chefe: Prof. Carlos Henrique de Brito Vice-chefe: Yirina Valdes Vazquez T\u00e9cnico: Tha\u00eds Helena Chaves Batista O Laborat\u00f3rio de Invertebrados (LABIN) e Cole\u00e7\u00e3o Cient\u00edfica de Invertebrados.\ud83d\udc0c\ud83e\udeb0\ud83e\udeb1\ud83d\udc1b: tem como coordenador\/chefe o prof. Carlos Henrique de Brito e vice-coordenadora a profa. Yirina Valdes, al\u00e9m de contar com o suporte da T\u00e9cnica de Laborat\u00f3rio Thais Helena. Neles, s\u00e3o desenvolvidos [&hellip;]<\/p>\n","protected":false},"author":73,"featured_media":0,"parent":2578,"menu_order":0,"comment_status":"closed","ping_status":"closed","template":"","meta":{"_acf_changed":false,"footnotes":""},"class_list":["post-1963","page","type-page","status-publish","hentry"],"acf":[],"_links":{"self":[{"href":"https:\/\/www.cca.ufpb.br\/db\/wp-json\/wp\/v2\/pages\/1963","targetHints":{"allow":["GET"]}}],"collection":[{"href":"https:\/\/www.cca.ufpb.br\/db\/wp-json\/wp\/v2\/pages"}],"about":[{"href":"https:\/\/www.cca.ufpb.br\/db\/wp-json\/wp\/v2\/types\/page"}],"author":[{"embeddable":true,"href":"https:\/\/www.cca.ufpb.br\/db\/wp-json\/wp\/v2\/users\/73"}],"replies":[{"embeddable":true,"href":"https:\/\/www.cca.ufpb.br\/db\/wp-json\/wp\/v2\/comments?post=1963"}],"version-history":[{"count":10,"href":"https:\/\/www.cca.ufpb.br\/db\/wp-json\/wp\/v2\/pages\/1963\/revisions"}],"predecessor-version":[{"id":3383,"href":"https:\/\/www.cca.ufpb.br\/db\/wp-json\/wp\/v2\/pages\/1963\/revisions\/3383"}],"up":[{"embeddable":true,"href":"https:\/\/www.cca.ufpb.br\/db\/wp-json\/wp\/v2\/pages\/2578"}],"wp:attachment":[{"href":"https:\/\/www.cca.ufpb.br\/db\/wp-json\/wp\/v2\/media?parent=1963"}],"curies":[{"name":"wp","href":"https:\/\/api.w.org\/{rel}","templated":true}]}}