{"id":1957,"date":"2024-11-18T14:43:34","date_gmt":"2024-11-18T17:43:34","guid":{"rendered":"https:\/\/www.cca.ufpb.br\/db\/?page_id=1957"},"modified":"2025-06-05T09:44:17","modified_gmt":"2025-06-05T12:44:17","slug":"laboratorio-de-biogeografia-e-servicos-ecossistemicos","status":"publish","type":"page","link":"https:\/\/www.cca.ufpb.br\/db\/laboratorios\/laboratorio-de-biogeografia-e-servicos-ecossistemicos\/","title":{"rendered":"Laborat\u00f3rio de Biogeografia e Servi\u00e7os Ecossist\u00eamicos"},"content":{"rendered":"\n<p class=\"has-text-align-left\">Chefe: Prof. Helder Farias Pereira de Araujo<\/p>\n\n\n\n<p>T\u00e9cnico: Alexsandra Fraz\u00e3o de Andrade<\/p>\n\n\n\n<p>O Laborat\u00f3rio de Biogeografia e Servi\u00e7os Ecossist\u00eamicos e <a href=\"https:\/\/www.cca.ufpb.br\/db\/colecoes\/colecao-de-aves-heretiano-zenaide\/\">Cole\u00e7\u00e3o Ornitol\u00f3gica Heretiano Zenaide<\/a> \ud83d\udc0d\ud83d\udc38\ud83e\udd85\ud83d\udc26: s\u00e3o coordenados pelo prof. Helder Farias, e neles atuam a biol\u00f3ga Alexsandra Fraz\u00e3o. S\u00e3o desenvolvidas pesquisas de gradu\u00e7\u00e3o e p\u00f3s-gradua\u00e7\u00e3o, com foco em Biogeografia, Zoologia de Vertebrados, Ecologia, Conserva\u00e7\u00e3o e Desenvolvimento Sustent\u00e1vel.<br><a href=\"https:\/\/www.instagram.com\/nexuscaatinga\/\">@nexuscaatinga<\/a><\/p>\n\n\n\n<p><\/p>\n","protected":false},"excerpt":{"rendered":"<p>Chefe: Prof. Helder Farias Pereira de Araujo T\u00e9cnico: Alexsandra Fraz\u00e3o de Andrade O Laborat\u00f3rio de Biogeografia e Servi\u00e7os Ecossist\u00eamicos e Cole\u00e7\u00e3o Ornitol\u00f3gica Heretiano Zenaide \ud83d\udc0d\ud83d\udc38\ud83e\udd85\ud83d\udc26: s\u00e3o coordenados pelo prof. Helder Farias, e neles atuam a biol\u00f3ga Alexsandra Fraz\u00e3o. S\u00e3o desenvolvidas pesquisas de gradu\u00e7\u00e3o e p\u00f3s-gradua\u00e7\u00e3o, com foco em Biogeografia, Zoologia de Vertebrados, Ecologia, Conserva\u00e7\u00e3o e [&hellip;]<\/p>\n","protected":false},"author":73,"featured_media":0,"parent":2578,"menu_order":0,"comment_status":"closed","ping_status":"closed","template":"","meta":{"_acf_changed":false,"footnotes":""},"class_list":["post-1957","page","type-page","status-publish","hentry"],"acf":[],"_links":{"self":[{"href":"https:\/\/www.cca.ufpb.br\/db\/wp-json\/wp\/v2\/pages\/1957","targetHints":{"allow":["GET"]}}],"collection":[{"href":"https:\/\/www.cca.ufpb.br\/db\/wp-json\/wp\/v2\/pages"}],"about":[{"href":"https:\/\/www.cca.ufpb.br\/db\/wp-json\/wp\/v2\/types\/page"}],"author":[{"embeddable":true,"href":"https:\/\/www.cca.ufpb.br\/db\/wp-json\/wp\/v2\/users\/73"}],"replies":[{"embeddable":true,"href":"https:\/\/www.cca.ufpb.br\/db\/wp-json\/wp\/v2\/comments?post=1957"}],"version-history":[{"count":4,"href":"https:\/\/www.cca.ufpb.br\/db\/wp-json\/wp\/v2\/pages\/1957\/revisions"}],"predecessor-version":[{"id":3385,"href":"https:\/\/www.cca.ufpb.br\/db\/wp-json\/wp\/v2\/pages\/1957\/revisions\/3385"}],"up":[{"embeddable":true,"href":"https:\/\/www.cca.ufpb.br\/db\/wp-json\/wp\/v2\/pages\/2578"}],"wp:attachment":[{"href":"https:\/\/www.cca.ufpb.br\/db\/wp-json\/wp\/v2\/media?parent=1957"}],"curies":[{"name":"wp","href":"https:\/\/api.w.org\/{rel}","templated":true}]}}