{"id":1468,"date":"2024-10-22T11:58:21","date_gmt":"2024-10-22T14:58:21","guid":{"rendered":"https:\/\/www.cca.ufpb.br\/db\/?page_id=1468"},"modified":"2025-03-24T14:04:37","modified_gmt":"2025-03-24T17:04:37","slug":"setor-de-botanica-sistematica","status":"publish","type":"page","link":"https:\/\/www.cca.ufpb.br\/db\/assuntos\/setor-de-botanica-sistematica\/","title":{"rendered":"Setor de Bot\u00e2nica Sistem\u00e1tica e Citogen\u00e9tica"},"content":{"rendered":"\n<p>Chefe: Prof. Leonardo Pessoa Felix<\/p>\n\n\n\n<ul id=\"menu-botanica-sistematica-e-citogenetica-setores\" class=\"wp-block-list\">\n<li><a href=\"https:\/\/www.cca.ufpb.br\/db\/herbario-jaime-coelho-de-moraes\/\">Herb\u00e1rio Jaime Coelho de Moraes<\/a><\/li>\n\n\n\n<li><a href=\"https:\/\/www.cca.ufpb.br\/db\/laboratorio-de-cinogenetica-vegetal\/\">Laborat\u00f3rio de Citogen\u00e9tica e Taxidermia Vegetal<\/a><\/li>\n<\/ul>\n\n\n\n<p><\/p>\n\n\n\n<p><\/p>\n\n\n\n<p><\/p>\n","protected":false},"excerpt":{"rendered":"<p>Chefe: Prof. Leonardo Pessoa Felix<\/p>\n","protected":false},"author":73,"featured_media":0,"parent":279,"menu_order":0,"comment_status":"closed","ping_status":"closed","template":"","meta":{"_acf_changed":false,"footnotes":""},"class_list":["post-1468","page","type-page","status-publish","hentry"],"acf":[],"_links":{"self":[{"href":"https:\/\/www.cca.ufpb.br\/db\/wp-json\/wp\/v2\/pages\/1468","targetHints":{"allow":["GET"]}}],"collection":[{"href":"https:\/\/www.cca.ufpb.br\/db\/wp-json\/wp\/v2\/pages"}],"about":[{"href":"https:\/\/www.cca.ufpb.br\/db\/wp-json\/wp\/v2\/types\/page"}],"author":[{"embeddable":true,"href":"https:\/\/www.cca.ufpb.br\/db\/wp-json\/wp\/v2\/users\/73"}],"replies":[{"embeddable":true,"href":"https:\/\/www.cca.ufpb.br\/db\/wp-json\/wp\/v2\/comments?post=1468"}],"version-history":[{"count":18,"href":"https:\/\/www.cca.ufpb.br\/db\/wp-json\/wp\/v2\/pages\/1468\/revisions"}],"predecessor-version":[{"id":3163,"href":"https:\/\/www.cca.ufpb.br\/db\/wp-json\/wp\/v2\/pages\/1468\/revisions\/3163"}],"up":[{"embeddable":true,"href":"https:\/\/www.cca.ufpb.br\/db\/wp-json\/wp\/v2\/pages\/279"}],"wp:attachment":[{"href":"https:\/\/www.cca.ufpb.br\/db\/wp-json\/wp\/v2\/media?parent=1468"}],"curies":[{"name":"wp","href":"https:\/\/api.w.org\/{rel}","templated":true}]}}