{"id":1460,"date":"2024-10-22T11:57:22","date_gmt":"2024-10-22T14:57:22","guid":{"rendered":"https:\/\/www.cca.ufpb.br\/db\/?page_id=1460"},"modified":"2025-03-24T14:04:05","modified_gmt":"2025-03-24T17:04:05","slug":"setor-de-biotecnologia-e-melhoramento-vegetal","status":"publish","type":"page","link":"https:\/\/www.cca.ufpb.br\/db\/assuntos\/setor-de-biotecnologia-e-melhoramento-vegetal\/","title":{"rendered":"Setor de Biotecnologia e Melhoramento Vegetal"},"content":{"rendered":"\n<p>Chefe: Prof. Mailson Monteiro do R\u00eago<\/p>\n\n\n\n<ul id=\"menu-biotecnologia-vegetal-setores\" class=\"wp-block-list\">\n<li><a href=\"https:\/\/www.cca.ufpb.br\/db\/laboratorio-de-melhoramento-vegetal\/\">Laborat\u00f3rio de Melhoramento Vegetal<\/a><\/li>\n\n\n\n<li><a href=\"https:\/\/www.cca.ufpb.br\/db\/laboratorio-de-morfogenese-e-melhoramento-vegetal\/\">Laborat\u00f3rio de Morfog\u00eanese e Micropropaga\u00e7\u00e3o Vegetal<\/a><\/li>\n\n\n\n<li><a href=\"https:\/\/www.cca.ufpb.br\/db\/laboratorio-de-biologia-molecular-2\/\">Laborat\u00f3rio de Biologia Molecular<\/a><\/li>\n<\/ul>\n","protected":false},"excerpt":{"rendered":"<p>Chefe: Prof. Mailson Monteiro do R\u00eago<\/p>\n","protected":false},"author":73,"featured_media":0,"parent":279,"menu_order":0,"comment_status":"closed","ping_status":"closed","template":"","meta":{"_acf_changed":false,"footnotes":""},"class_list":["post-1460","page","type-page","status-publish","hentry"],"acf":[],"_links":{"self":[{"href":"https:\/\/www.cca.ufpb.br\/db\/wp-json\/wp\/v2\/pages\/1460","targetHints":{"allow":["GET"]}}],"collection":[{"href":"https:\/\/www.cca.ufpb.br\/db\/wp-json\/wp\/v2\/pages"}],"about":[{"href":"https:\/\/www.cca.ufpb.br\/db\/wp-json\/wp\/v2\/types\/page"}],"author":[{"embeddable":true,"href":"https:\/\/www.cca.ufpb.br\/db\/wp-json\/wp\/v2\/users\/73"}],"replies":[{"embeddable":true,"href":"https:\/\/www.cca.ufpb.br\/db\/wp-json\/wp\/v2\/comments?post=1460"}],"version-history":[{"count":4,"href":"https:\/\/www.cca.ufpb.br\/db\/wp-json\/wp\/v2\/pages\/1460\/revisions"}],"predecessor-version":[{"id":3162,"href":"https:\/\/www.cca.ufpb.br\/db\/wp-json\/wp\/v2\/pages\/1460\/revisions\/3162"}],"up":[{"embeddable":true,"href":"https:\/\/www.cca.ufpb.br\/db\/wp-json\/wp\/v2\/pages\/279"}],"wp:attachment":[{"href":"https:\/\/www.cca.ufpb.br\/db\/wp-json\/wp\/v2\/media?parent=1460"}],"curies":[{"name":"wp","href":"https:\/\/api.w.org\/{rel}","templated":true}]}}