{"id":1452,"date":"2024-10-22T11:56:21","date_gmt":"2024-10-22T14:56:21","guid":{"rendered":"https:\/\/www.cca.ufpb.br\/db\/?page_id=1452"},"modified":"2025-04-10T10:18:24","modified_gmt":"2025-04-10T13:18:24","slug":"setor-de-biologia-vegetal","status":"publish","type":"page","link":"https:\/\/www.cca.ufpb.br\/db\/assuntos\/setor-de-biologia-vegetal\/","title":{"rendered":"Setor de Biologia Vegetal"},"content":{"rendered":"\n<ul id=\"menu-biologia-animal-setores\" class=\"wp-block-list\">\n<li><a href=\"https:\/\/www.cca.ufpb.br\/db\/laboratorios\/laboratorio-de-ecologia-e-reproducao-vegetal\/\">Laborat\u00f3rio de Ecologia e Reprodu\u00e7\u00e3o Vegetal<\/a><\/li>\n\n\n\n<li><a href=\"https:\/\/www.cca.ufpb.br\/db\/colecao-de-estruturas-reprodutivas-genaro-vianna-dornellas\/\">Cole\u00e7\u00e3o de Estruturas Reprodutivas Genaro Vianna Dornellas<\/a><\/li>\n<\/ul>\n\n\n\n<h2 class=\"wp-block-heading\" style=\"font-size:20px\">Aulas pr\u00e1ticas e de campo<\/h2>\n\n\n\n<p class=\"has-x-large-font-size\"><\/p>\n\n\n","protected":false},"excerpt":{"rendered":"<p>Aulas pr\u00e1ticas e de campo<\/p>\n","protected":false},"author":73,"featured_media":0,"parent":279,"menu_order":0,"comment_status":"closed","ping_status":"closed","template":"","meta":{"_acf_changed":false,"footnotes":""},"class_list":["post-1452","page","type-page","status-publish","hentry"],"acf":[],"_links":{"self":[{"href":"https:\/\/www.cca.ufpb.br\/db\/wp-json\/wp\/v2\/pages\/1452","targetHints":{"allow":["GET"]}}],"collection":[{"href":"https:\/\/www.cca.ufpb.br\/db\/wp-json\/wp\/v2\/pages"}],"about":[{"href":"https:\/\/www.cca.ufpb.br\/db\/wp-json\/wp\/v2\/types\/page"}],"author":[{"embeddable":true,"href":"https:\/\/www.cca.ufpb.br\/db\/wp-json\/wp\/v2\/users\/73"}],"replies":[{"embeddable":true,"href":"https:\/\/www.cca.ufpb.br\/db\/wp-json\/wp\/v2\/comments?post=1452"}],"version-history":[{"count":19,"href":"https:\/\/www.cca.ufpb.br\/db\/wp-json\/wp\/v2\/pages\/1452\/revisions"}],"predecessor-version":[{"id":3191,"href":"https:\/\/www.cca.ufpb.br\/db\/wp-json\/wp\/v2\/pages\/1452\/revisions\/3191"}],"up":[{"embeddable":true,"href":"https:\/\/www.cca.ufpb.br\/db\/wp-json\/wp\/v2\/pages\/279"}],"wp:attachment":[{"href":"https:\/\/www.cca.ufpb.br\/db\/wp-json\/wp\/v2\/media?parent=1452"}],"curies":[{"name":"wp","href":"https:\/\/api.w.org\/{rel}","templated":true}]}}