{"id":1448,"date":"2024-10-22T11:55:52","date_gmt":"2024-10-22T14:55:52","guid":{"rendered":"https:\/\/www.cca.ufpb.br\/db\/?page_id=1448"},"modified":"2025-11-27T12:20:44","modified_gmt":"2025-11-27T15:20:44","slug":"setor-de-biologia-animal","status":"publish","type":"page","link":"https:\/\/www.cca.ufpb.br\/db\/assuntos\/setor-de-biologia-animal\/","title":{"rendered":"Setor de Biologia Animal"},"content":{"rendered":"\n<p>Chefe: Carlos Henrique de Brito<\/p>\n\n\n\n<ul id=\"menu-biologia-animal-setores\" class=\"wp-block-list\">\n<li><a href=\"https:\/\/www.cca.ufpb.br\/db\/laboratorios\/laboratorio-de-biogeografia-e-servicos-ecossistemicos\/\">Laborat\u00f3rio de Biogeografia e Servi\u00e7os Ecossist\u00eamicos<\/a><\/li>\n\n\n\n<li><a href=\"https:\/\/www.cca.ufpb.br\/db\/laboratorios\/laboratorio-de-invertebrados\/\">Laborat\u00f3rio de Invertebrados<\/a><\/li>\n\n\n\n<li><a href=\"https:\/\/www.cca.ufpb.br\/db\/laboratorios\/laboratorio-de-paleontologia-e-evolucao\/\">Laborat\u00f3rio de Paleontologia e Evolu\u00e7\u00e3o<\/a><\/li>\n\n\n\n<li><a href=\"https:\/\/www.cca.ufpb.br\/db\/colecoes\/colecao-cientifica-paleontologica\/\">Cole\u00e7\u00e3o Cientifica Paleontol\u00f3gica<\/a><\/li>\n\n\n\n<li><a href=\"https:\/\/www.cca.ufpb.br\/db\/colecoes\/colecao-de-aves-heretiano-zenaide\/\">Cole\u00e7\u00e3o de Aves Heteriano Zenaide<\/a><\/li>\n\n\n\n<li><a href=\"https:\/\/www.cca.ufpb.br\/db\/colecoes\/colecao-cientifica-de-invertebrados\/\">Cole\u00e7\u00e3o Cient\u00edfica de Invertebrados<\/a><\/li>\n<\/ul>\n\n\n\n<p><\/p>\n","protected":false},"excerpt":{"rendered":"<p>Chefe: Carlos Henrique de Brito<\/p>\n","protected":false},"author":73,"featured_media":0,"parent":279,"menu_order":0,"comment_status":"closed","ping_status":"closed","template":"","meta":{"_acf_changed":false,"footnotes":""},"class_list":["post-1448","page","type-page","status-publish","hentry"],"acf":[],"_links":{"self":[{"href":"https:\/\/www.cca.ufpb.br\/db\/wp-json\/wp\/v2\/pages\/1448","targetHints":{"allow":["GET"]}}],"collection":[{"href":"https:\/\/www.cca.ufpb.br\/db\/wp-json\/wp\/v2\/pages"}],"about":[{"href":"https:\/\/www.cca.ufpb.br\/db\/wp-json\/wp\/v2\/types\/page"}],"author":[{"embeddable":true,"href":"https:\/\/www.cca.ufpb.br\/db\/wp-json\/wp\/v2\/users\/73"}],"replies":[{"embeddable":true,"href":"https:\/\/www.cca.ufpb.br\/db\/wp-json\/wp\/v2\/comments?post=1448"}],"version-history":[{"count":39,"href":"https:\/\/www.cca.ufpb.br\/db\/wp-json\/wp\/v2\/pages\/1448\/revisions"}],"predecessor-version":[{"id":3618,"href":"https:\/\/www.cca.ufpb.br\/db\/wp-json\/wp\/v2\/pages\/1448\/revisions\/3618"}],"up":[{"embeddable":true,"href":"https:\/\/www.cca.ufpb.br\/db\/wp-json\/wp\/v2\/pages\/279"}],"wp:attachment":[{"href":"https:\/\/www.cca.ufpb.br\/db\/wp-json\/wp\/v2\/media?parent=1448"}],"curies":[{"name":"wp","href":"https:\/\/api.w.org\/{rel}","templated":true}]}}