{"id":1076,"date":"2024-02-20T11:32:43","date_gmt":"2024-02-20T14:32:43","guid":{"rendered":"https:\/\/www.cca.ufpb.br\/db\/?page_id=1076"},"modified":"2025-06-10T08:08:24","modified_gmt":"2025-06-10T11:08:24","slug":"escolha-de-chefe-e-vice-chefe-do-db","status":"publish","type":"page","link":"https:\/\/www.cca.ufpb.br\/db\/editais2024\/escolha-de-chefe-e-vice-chefe-do-db\/","title":{"rendered":"Escolha de chefe e vice-chefe do DB 2023-2025"},"content":{"rendered":"\n<p><a href=\"http:\/\/www.cca.ufpb.br\/db\/wp-content\/uploads\/sites\/128\/sites\/136\/2025\/05\/Edital_Consulta_Chefia_e_Vice-Chefia_2023-2025_assinado.pdf\">Edital 02\/2023 &#8211; Escolha de chefia e vice-chefia do DB<\/a><\/p>\n\n\n\n<p><a href=\"https:\/\/www.ufpb.br\/db\/contents\/documentos\/divulgao_de_candidatos_inscritos_-_2023.pdf\">Homologa\u00e7\u00e3o de inscri\u00e7\u00f5es para chefia e vice-chefia do DB<\/a><\/p>\n\n\n\n<p><a href=\"http:\/\/www.cca.ufpb.br\/db\/wp-content\/uploads\/sites\/128\/sites\/136\/2024\/02\/Relatorio-da-eleicao-para-chefe-e-vice-chefe-do-DB-2023-2025.pdf\">Relat\u00f3rio final da elei\u00e7\u00e3o<\/a><\/p>\n\n\n\n<p><\/p>\n","protected":false},"excerpt":{"rendered":"<p>Edital 02\/2023 &#8211; Escolha de chefia e vice-chefia do DB Homologa\u00e7\u00e3o de inscri\u00e7\u00f5es para chefia e vice-chefia do DB Relat\u00f3rio final da elei\u00e7\u00e3o<\/p>\n","protected":false},"author":73,"featured_media":0,"parent":75,"menu_order":0,"comment_status":"closed","ping_status":"closed","template":"","meta":{"_acf_changed":false,"footnotes":""},"class_list":["post-1076","page","type-page","status-publish","hentry"],"acf":[],"_links":{"self":[{"href":"https:\/\/www.cca.ufpb.br\/db\/wp-json\/wp\/v2\/pages\/1076","targetHints":{"allow":["GET"]}}],"collection":[{"href":"https:\/\/www.cca.ufpb.br\/db\/wp-json\/wp\/v2\/pages"}],"about":[{"href":"https:\/\/www.cca.ufpb.br\/db\/wp-json\/wp\/v2\/types\/page"}],"author":[{"embeddable":true,"href":"https:\/\/www.cca.ufpb.br\/db\/wp-json\/wp\/v2\/users\/73"}],"replies":[{"embeddable":true,"href":"https:\/\/www.cca.ufpb.br\/db\/wp-json\/wp\/v2\/comments?post=1076"}],"version-history":[{"count":9,"href":"https:\/\/www.cca.ufpb.br\/db\/wp-json\/wp\/v2\/pages\/1076\/revisions"}],"predecessor-version":[{"id":3377,"href":"https:\/\/www.cca.ufpb.br\/db\/wp-json\/wp\/v2\/pages\/1076\/revisions\/3377"}],"up":[{"embeddable":true,"href":"https:\/\/www.cca.ufpb.br\/db\/wp-json\/wp\/v2\/pages\/75"}],"wp:attachment":[{"href":"https:\/\/www.cca.ufpb.br\/db\/wp-json\/wp\/v2\/media?parent=1076"}],"curies":[{"name":"wp","href":"https:\/\/api.w.org\/{rel}","templated":true}]}}