{"id":1018,"date":"2024-02-20T10:26:37","date_gmt":"2024-02-20T13:26:37","guid":{"rendered":"https:\/\/www.cca.ufpb.br\/db\/?page_id=1018"},"modified":"2025-03-12T16:06:39","modified_gmt":"2025-03-12T19:06:39","slug":"1018-2","status":"publish","type":"page","link":"https:\/\/www.cca.ufpb.br\/db\/1018-2\/","title":{"rendered":"Processo seletivo para professor substituto na \u00e1rea de Gen\u00e9tica-Biologia Celular- Biologia Molecular"},"content":{"rendered":"\n<p><a href=\"http:\/\/www.cca.ufpb.br\/db\/wp-content\/uploads\/sites\/128\/sites\/136\/2025\/03\/Edital-18-completo-processo-seletivo-simplificado-para-contratacao-de-professor-substituto.pdf\">Edital 18\/2023<\/a><\/p>\n\n\n\n<p><a href=\"https:\/\/progep.ufpb.br\/progep\/contents\/documentos\/resolucoes\/resolucao-consepe-07-2017.pdf\/view\">Resolu\u00e7\u00e3o Consepe 07\/2017<\/a><\/p>\n\n\n\n<p><a href=\"http:\/\/www.cca.ufpb.br\/db\/wp-content\/uploads\/sites\/128\/sites\/136\/2025\/03\/Conteudo-e-Banca-Examindora-do-Processo-Seletivo-para-professor-substituto-nas-areas-de-Genetica-Biologia-Molecular-e-Biologia-Celular.pdf\">Conte\u00fado program\u00e1tico<\/a><\/p>\n\n\n\n<p><a href=\"http:\/\/www.cca.ufpb.br\/db\/wp-content\/uploads\/sites\/128\/sites\/136\/2025\/03\/Requerimento-de-inscricao-geral.docx\">Requerimento de inscri\u00e7\u00e3o<\/a><\/p>\n\n\n\n<p><a href=\"http:\/\/www.cca.ufpb.br\/db\/wp-content\/uploads\/sites\/128\/sites\/136\/2025\/03\/termo-de-autodeclaracao.doc\">Termo de autodeclara\u00e7\u00e3o<\/a><\/p>\n\n\n\n<p><a href=\"http:\/\/www.cca.ufpb.br\/db\/wp-content\/uploads\/sites\/128\/sites\/136\/2025\/03\/Informacoes-complementares-Processo-seletivo-para-professor-de-Genetica-Biologia-Molecular-Biologa-Celular-2023.pdf\">Informa\u00e7\u00f5es complementares<\/a><\/p>\n\n\n\n<p><a href=\"http:\/\/www.cca.ufpb.br\/db\/wp-content\/uploads\/sites\/128\/sites\/136\/2025\/03\/RESULTADO-ISENCAO-DA-TAXA-DE-INSCRICAO.pdf\">Resultado dos pedidos de isen\u00e7\u00e3o da taxa de inscri\u00e7\u00e3o<\/a><\/p>\n\n\n\n<p><a href=\"http:\/\/www.cca.ufpb.br\/db\/wp-content\/uploads\/sites\/128\/sites\/136\/2025\/03\/RESULTADO-DOS-PEDIDOS-DE-INSCRICAO.pdf\">Resultado dos pedidos de inscri\u00e7\u00e3o <\/a><\/p>\n\n\n\n<p><a href=\"http:\/\/www.cca.ufpb.br\/db\/wp-content\/uploads\/sites\/128\/sites\/136\/2025\/03\/Nova-comissao-examinadora.pdf\">Nova banca examinadora<\/a><\/p>\n\n\n\n<p><a href=\"http:\/\/www.cca.ufpb.br\/db\/wp-content\/uploads\/sites\/128\/sites\/136\/2025\/03\/Errata-do-documento-resultado-dos-pedidos-de-inscricao-do-concurso-na-area-de-Genetica-Biologia-Molecular-Biologia-Celular.pdf\">Errata do documento <em>Resultado dos pedidos de inscri\u00e7\u00e3o<\/em><\/a><\/p>\n\n\n\n<p><a href=\"http:\/\/www.cca.ufpb.br\/db\/wp-content\/uploads\/sites\/128\/sites\/136\/2025\/03\/Cronograma-para-a-Prova-didatica.pdf\">Cronograma para a prova did\u00e1tica<\/a><\/p>\n\n\n\n<p><a href=\"http:\/\/www.cca.ufpb.br\/db\/wp-content\/uploads\/sites\/128\/sites\/136\/2025\/03\/MAPA-DO-LOCAL-DE-REALIZACAO-DO-PROCESSO-SELETIVO.pdf\">Mapa do local de realiza\u00e7\u00e3o da prova<\/a><\/p>\n\n\n\n<p><a href=\"http:\/\/www.cca.ufpb.br\/db\/wp-content\/uploads\/sites\/128\/sites\/136\/2025\/03\/FORMACAO-DOS-GRUPOS-PARA-A-PROVA-DIDATICA.pdf\">Forma\u00e7\u00e3o dos grupos para a prova did\u00e1tica<\/a><\/p>\n\n\n\n<p><a href=\"http:\/\/www.cca.ufpb.br\/db\/wp-content\/uploads\/sites\/128\/sites\/136\/2025\/03\/SORTEIO-DO-PONTO-PARA-A-PROVA-DIDATICA-DO-GRUPO-1.pdf\">Sorteio do ponto para a prova did\u00e1tica grupo 1<\/a><\/p>\n\n\n\n<p><a href=\"http:\/\/www.cca.ufpb.br\/db\/wp-content\/uploads\/sites\/128\/sites\/136\/2025\/03\/SORTEIO-DO-PONTO-PARA-A-PROVA-DIDATICA-DO-GRUPO-2.pdf\">Sorteio do ponto para a prova did\u00e1tica grupo 2<\/a><\/p>\n\n\n\n<p><a href=\"http:\/\/www.cca.ufpb.br\/db\/wp-content\/uploads\/sites\/128\/sites\/136\/2025\/03\/SORTEIO-DO-PONTO-PARA-A-PROVA-DIDATICA-DO-GRUPO-3.pdf\">Sorteio do ponto para a prova did\u00e1tica grupo 3<\/a><\/p>\n\n\n\n<p><a href=\"http:\/\/www.cca.ufpb.br\/db\/wp-content\/uploads\/sites\/128\/sites\/136\/2025\/03\/RESULTADO-PRELIMINAR-DA-PROVA-DIDATICA.pdf\">Resultado preliminar da prova did\u00e1tica<\/a><\/p>\n\n\n\n<p><a href=\"http:\/\/www.cca.ufpb.br\/db\/wp-content\/uploads\/sites\/128\/sites\/136\/2025\/03\/RESULTADO-DEFINITIVO-DA-PROVA-DIDATICA.pdf\">Resultado definitivo da prova did\u00e1tica<\/a><\/p>\n\n\n\n<p><a href=\"http:\/\/www.cca.ufpb.br\/db\/wp-content\/uploads\/sites\/128\/sites\/136\/2025\/03\/RESULTADO-PRELIMINAR-DA-PROVA-DE-TITULOS.pdf\">Resultado preliminar da prova de t\u00edtulos<\/a><\/p>\n\n\n\n<p><a href=\"http:\/\/www.cca.ufpb.br\/db\/wp-content\/uploads\/sites\/128\/sites\/136\/2025\/03\/RESULTADO-DEFINITIVO-DA-PROVA-DE-TITULOS.pdf\">Resultado definitivo da prova de t\u00edtulos<\/a><\/p>\n\n\n\n<p><a href=\"http:\/\/www.cca.ufpb.br\/db\/wp-content\/uploads\/sites\/128\/sites\/136\/2025\/03\/RESULTADO-FINAL-DO-PROCESSO-SELETIVO.pdf\">Resultado final do processo seletivo<\/a><\/p>\n\n\n\n<p><a href=\"http:\/\/www.cca.ufpb.br\/db\/wp-content\/uploads\/sites\/128\/sites\/136\/2025\/03\/certidao-de-aprovacao-resultado-final-do-processo-seletivo.pdf\">Certid\u00e3o de aprova\u00e7\u00e3o do processo seletivo<\/a><\/p>\n\n\n\n<p><a href=\"http:\/\/www.cca.ufpb.br\/db\/wp-content\/uploads\/sites\/128\/sites\/136\/2025\/03\/resultado_definitivo-01-concurso-18-2023_Atualizada-Comissao-de-heteroidentificacao.pdf\">Resultado definitivo da Comiss\u00e3o de Heteroidentifica\u00e7\u00e3o<\/a><\/p>\n\n\n\n<p><a href=\"http:\/\/www.cca.ufpb.br\/db\/wp-content\/uploads\/sites\/128\/sites\/136\/2025\/03\/Publicacao-do-resultado-final-do-PSS-Genetica-Biologia-Molecular-Biologia-Celular.pdf\">Homologa\u00e7\u00e3o do resultado final publicado no DOU<\/a><\/p>\n\n\n\n<p><\/p>\n","protected":false},"excerpt":{"rendered":"<p>Edital 18\/2023 Resolu\u00e7\u00e3o Consepe 07\/2017 Conte\u00fado program\u00e1tico Requerimento de inscri\u00e7\u00e3o Termo de autodeclara\u00e7\u00e3o Informa\u00e7\u00f5es complementares Resultado dos pedidos de isen\u00e7\u00e3o da taxa de inscri\u00e7\u00e3o Resultado dos pedidos de inscri\u00e7\u00e3o Nova banca examinadora Errata do documento Resultado dos pedidos de inscri\u00e7\u00e3o Cronograma para a prova did\u00e1tica Mapa do local de realiza\u00e7\u00e3o da prova Forma\u00e7\u00e3o dos grupos [&hellip;]<\/p>\n","protected":false},"author":73,"featured_media":0,"parent":0,"menu_order":0,"comment_status":"closed","ping_status":"closed","template":"","meta":{"_acf_changed":false,"footnotes":""},"class_list":["post-1018","page","type-page","status-publish","hentry"],"acf":[],"_links":{"self":[{"href":"https:\/\/www.cca.ufpb.br\/db\/wp-json\/wp\/v2\/pages\/1018","targetHints":{"allow":["GET"]}}],"collection":[{"href":"https:\/\/www.cca.ufpb.br\/db\/wp-json\/wp\/v2\/pages"}],"about":[{"href":"https:\/\/www.cca.ufpb.br\/db\/wp-json\/wp\/v2\/types\/page"}],"author":[{"embeddable":true,"href":"https:\/\/www.cca.ufpb.br\/db\/wp-json\/wp\/v2\/users\/73"}],"replies":[{"embeddable":true,"href":"https:\/\/www.cca.ufpb.br\/db\/wp-json\/wp\/v2\/comments?post=1018"}],"version-history":[{"count":55,"href":"https:\/\/www.cca.ufpb.br\/db\/wp-json\/wp\/v2\/pages\/1018\/revisions"}],"predecessor-version":[{"id":3001,"href":"https:\/\/www.cca.ufpb.br\/db\/wp-json\/wp\/v2\/pages\/1018\/revisions\/3001"}],"wp:attachment":[{"href":"https:\/\/www.cca.ufpb.br\/db\/wp-json\/wp\/v2\/media?parent=1018"}],"curies":[{"name":"wp","href":"https:\/\/api.w.org\/{rel}","templated":true}]}}