{"id":45,"date":"2024-09-30T20:42:47","date_gmt":"2024-09-30T23:42:47","guid":{"rendered":"https:\/\/www.cca.ufpb.br\/camops\/?page_id=45"},"modified":"2025-04-28T11:52:50","modified_gmt":"2025-04-28T14:52:50","slug":"odontologia","status":"publish","type":"page","link":"https:\/\/www.cca.ufpb.br\/camops\/servicos\/odontologia\/","title":{"rendered":"Odontologia"},"content":{"rendered":"\n<p><strong>Descri\u00e7\u00e3o:<\/strong><\/p>\n\n\n\n<p>Atendimento cl\u00ednico-odontol\u00f3gico, de car\u00e1ter preventivo e curativo. a estudantes e servidores da comunidade acad\u00eamica do CCA. Manter o registro de pacientes atendidos, anotando a conclus\u00e3o do diagn\u00f3stico, tratamento e evolu\u00e7\u00e3o da afec\u00e7\u00e3o para orienta\u00e7\u00e3o terap\u00eautica adequada.<\/p>\n\n\n\n<p><strong>Discrimina\u00e7\u00e3o dos procedimentos executados:<\/strong><\/p>\n\n\n\n<ul class=\"wp-block-list\">\n<li>Examinar, identificar e tratar cl\u00ednica e\/ou cirurgicamente afec\u00e7\u00f5es dos dentes e tecidos de suporte;<\/li>\n\n\n\n<li>Analisar e interpretar resultados de exames radiol\u00f3gicos e laboratoriais para complementa\u00e7\u00e3o de diagn\u00f3stico;<\/li>\n\n\n\n<li>Prescrever e administrar medicamentos, orientando e encaminhando para tratamento especializado quando necess\u00e1rio;<\/li>\n\n\n\n<li>Orientar sobre sa\u00fade, higiene e profilaxia oral, preven\u00e7\u00e3o de c\u00e1rie dental e doen\u00e7as periodontais;<\/li>\n\n\n\n<li>Atender e orientar pacientes e executar tratamento odontol\u00f3gico, realizando restaura\u00e7\u00f5es, extra\u00e7\u00e3o de dentes, tratamento de doen\u00e7as gengivais, cirurgias orais de menor complexidade.<\/li>\n<\/ul>\n\n\n\n<p><strong>P\u00fablico-alvo:<\/strong><\/p>\n\n\n\n<ul class=\"wp-block-list\">\n<li>Discentes de Cursos (T\u00e9cnicos, Gradua\u00e7\u00e3o, P\u00f3s-Gradua\u00e7\u00e3o)<\/li>\n\n\n\n<li>Servidores Docentes e T\u00e9cnicos-administrativos.<\/li>\n<\/ul>\n\n\n\n<p><strong>Hor\u00e1rios:<\/strong><\/p>\n\n\n\n<ul class=\"wp-block-list\">\n<li>Segunda a sexta-feira, das 07:00 \u00e0s 13:00.<\/li>\n<\/ul>\n\n\n\n<p><\/p>\n","protected":false},"excerpt":{"rendered":"<p>Descri\u00e7\u00e3o: Atendimento cl\u00ednico-odontol\u00f3gico, de car\u00e1ter preventivo e curativo. a estudantes e servidores da comunidade acad\u00eamica do CCA. Manter o registro de pacientes atendidos, anotando a conclus\u00e3o do diagn\u00f3stico, tratamento e evolu\u00e7\u00e3o da afec\u00e7\u00e3o para orienta\u00e7\u00e3o terap\u00eautica adequada. Discrimina\u00e7\u00e3o dos procedimentos executados: P\u00fablico-alvo: Hor\u00e1rios:<\/p>\n","protected":false},"author":47,"featured_media":0,"parent":37,"menu_order":0,"comment_status":"closed","ping_status":"closed","template":"","meta":{"_acf_changed":false,"footnotes":""},"class_list":["post-45","page","type-page","status-publish","hentry"],"acf":[],"_links":{"self":[{"href":"https:\/\/www.cca.ufpb.br\/camops\/wp-json\/wp\/v2\/pages\/45","targetHints":{"allow":["GET"]}}],"collection":[{"href":"https:\/\/www.cca.ufpb.br\/camops\/wp-json\/wp\/v2\/pages"}],"about":[{"href":"https:\/\/www.cca.ufpb.br\/camops\/wp-json\/wp\/v2\/types\/page"}],"author":[{"embeddable":true,"href":"https:\/\/www.cca.ufpb.br\/camops\/wp-json\/wp\/v2\/users\/47"}],"replies":[{"embeddable":true,"href":"https:\/\/www.cca.ufpb.br\/camops\/wp-json\/wp\/v2\/comments?post=45"}],"version-history":[{"count":2,"href":"https:\/\/www.cca.ufpb.br\/camops\/wp-json\/wp\/v2\/pages\/45\/revisions"}],"predecessor-version":[{"id":117,"href":"https:\/\/www.cca.ufpb.br\/camops\/wp-json\/wp\/v2\/pages\/45\/revisions\/117"}],"up":[{"embeddable":true,"href":"https:\/\/www.cca.ufpb.br\/camops\/wp-json\/wp\/v2\/pages\/37"}],"wp:attachment":[{"href":"https:\/\/www.cca.ufpb.br\/camops\/wp-json\/wp\/v2\/media?parent=45"}],"curies":[{"name":"wp","href":"https:\/\/api.w.org\/{rel}","templated":true}]}}