{"id":43,"date":"2024-09-30T20:42:10","date_gmt":"2024-09-30T23:42:10","guid":{"rendered":"https:\/\/www.cca.ufpb.br\/camops\/?page_id=43"},"modified":"2025-04-28T11:55:19","modified_gmt":"2025-04-28T14:55:19","slug":"psicologia","status":"publish","type":"page","link":"https:\/\/www.cca.ufpb.br\/camops\/servicos\/psicologia\/","title":{"rendered":"Psicologia"},"content":{"rendered":"\n<p>O Servi\u00e7o de Psicologia no CAMOPS integra a Pol\u00edtica Nacional de Assist\u00eancia Estudantil (Lei Federal n\u00ba 14.914\/2024), tendo por objetivo atuar de forma multi e interdisciplinar sobre o conjunto de vari\u00e1veis que interferem na sa\u00fade mental da comunidade acad\u00eamica, minimizando os fatores de risco e potencializando os fatores de prote\u00e7\u00e3o identificados no Centro de Ci\u00eancias Agr\u00e1rias (CCA) da Universidade Federal da Para\u00edba. Atualmente, o CAMOPS possui 02 (dois) psic\u00f3logos em sua equipe multiprofissional, atendendo demandas agendadas pelo e-mail&nbsp;<a href=\"mailto:psicologia.camops@gmail.com\" target=\"_blank\" rel=\"noreferrer noopener\">psicologia.camops@gmail.com<\/a>.&nbsp;&nbsp;&nbsp;<\/p>\n\n\n\n<p>S\u00e3o atribui\u00e7\u00f5es do servi\u00e7o de psicologia no CAMOPS:<\/p>\n\n\n\n<ul class=\"wp-block-list\">\n<li>Realizar a\u00e7\u00f5es sistem\u00e1ticas de acolhimento, orienta\u00e7\u00e3o, aconselhamento e suporte psicol\u00f3gico (individual ou em grupo) visando \u00e0 preven\u00e7\u00e3o e promo\u00e7\u00e3o da sa\u00fade no ambiente acad\u00eamico;<\/li>\n\n\n\n<li>Promover junto \u00e0 comunidade acad\u00eamica, campanhas de sa\u00fade, palestras, oficinas, rodas de conversa com tem\u00e1ticas variadas, em conjunto com outros profissionais, enfocando os aspectos psicol\u00f3gicos;<\/li>\n\n\n\n<li>Identificar os casos e situa\u00e7\u00f5es que exigem atendimento especializado e cont\u00ednuo, encaminhando-os para outros setores da UFPB e\/ou para a Rede de Aten\u00e7\u00e3o Psicossocial (RAPS) competente;<\/li>\n\n\n\n<li>Desenvolver atividades que visem contribuir para melhoria da qualidade e efici\u00eancia do processo educacional, seja no processo de ensino aprendizagem, nas rela\u00e7\u00f5es interpessoais e nos processos intrapessoais, considerando sempre as dimens\u00f5es social, pol\u00edtica, econ\u00f4mica etc.;<\/li>\n\n\n\n<li>Participar das reuni\u00f5es da Equipe Multiprofissional da Assist\u00eancia Estudantil do campus e da UFPB para discuss\u00e3o de casos, programa\u00e7\u00e3o e avalia\u00e7\u00e3o das a\u00e7\u00f5es;<\/li>\n\n\n\n<li>Elaborar documentos psicol\u00f3gicos referentes aos atendimentos realizados, quando solicitado.<\/li>\n<\/ul>\n\n\n\n<p><strong>Hor\u00e1rio:<\/strong><\/p>\n\n\n\n<p>Segunda a sexta-feira das 8h \u00e0s 16h<\/p>\n\n\n\n<p><\/p>\n","protected":false},"excerpt":{"rendered":"<p>O Servi\u00e7o de Psicologia no CAMOPS integra a Pol\u00edtica Nacional de Assist\u00eancia Estudantil (Lei Federal n\u00ba 14.914\/2024), tendo por objetivo atuar de forma multi e interdisciplinar sobre o conjunto de vari\u00e1veis que interferem na sa\u00fade mental da comunidade acad\u00eamica, minimizando os fatores de risco e potencializando os fatores de prote\u00e7\u00e3o identificados no Centro de Ci\u00eancias [&hellip;]<\/p>\n","protected":false},"author":47,"featured_media":0,"parent":37,"menu_order":0,"comment_status":"closed","ping_status":"closed","template":"","meta":{"_acf_changed":false,"footnotes":""},"class_list":["post-43","page","type-page","status-publish","hentry"],"acf":[],"_links":{"self":[{"href":"https:\/\/www.cca.ufpb.br\/camops\/wp-json\/wp\/v2\/pages\/43","targetHints":{"allow":["GET"]}}],"collection":[{"href":"https:\/\/www.cca.ufpb.br\/camops\/wp-json\/wp\/v2\/pages"}],"about":[{"href":"https:\/\/www.cca.ufpb.br\/camops\/wp-json\/wp\/v2\/types\/page"}],"author":[{"embeddable":true,"href":"https:\/\/www.cca.ufpb.br\/camops\/wp-json\/wp\/v2\/users\/47"}],"replies":[{"embeddable":true,"href":"https:\/\/www.cca.ufpb.br\/camops\/wp-json\/wp\/v2\/comments?post=43"}],"version-history":[{"count":3,"href":"https:\/\/www.cca.ufpb.br\/camops\/wp-json\/wp\/v2\/pages\/43\/revisions"}],"predecessor-version":[{"id":119,"href":"https:\/\/www.cca.ufpb.br\/camops\/wp-json\/wp\/v2\/pages\/43\/revisions\/119"}],"up":[{"embeddable":true,"href":"https:\/\/www.cca.ufpb.br\/camops\/wp-json\/wp\/v2\/pages\/37"}],"wp:attachment":[{"href":"https:\/\/www.cca.ufpb.br\/camops\/wp-json\/wp\/v2\/media?parent=43"}],"curies":[{"name":"wp","href":"https:\/\/api.w.org\/{rel}","templated":true}]}}