{"id":41,"date":"2024-09-30T20:41:53","date_gmt":"2024-09-30T23:41:53","guid":{"rendered":"https:\/\/www.cca.ufpb.br\/camops\/?page_id=41"},"modified":"2025-06-05T11:36:45","modified_gmt":"2025-06-05T14:36:45","slug":"medicina","status":"publish","type":"page","link":"https:\/\/www.cca.ufpb.br\/camops\/servicos\/medicina\/","title":{"rendered":"Medicina"},"content":{"rendered":"\n<p class=\"has-text-align-left\">O CAMOPS disp\u00f5e de atendimento com m\u00e9dico cl\u00ednico generalista de segunda a sexta-feira.<br>Esse profissional realiza consultas e atendimentos m\u00e9dicos, diagn\u00f3stico e tratamento de doen\u00e7as, prescri\u00e7\u00e3o de medicamentos, solicita\u00e7\u00e3o de exames e encaminhamentos. Tamb\u00e9m atua na implementa\u00e7\u00e3o de a\u00e7\u00f5es de preven\u00e7\u00e3o e promo\u00e7\u00e3o \u00e0 sa\u00fade, elabora documentos\/relat\u00f3rios m\u00e9dicos e difunde conhecimentos da \u00e1rea m\u00e9dica.<\/p>\n\n\n\n<p class=\"has-text-align-left\"><strong>Hor\u00e1rio:<\/strong><\/p>\n\n\n\n<p> Segunda a sexta-feira das 8h \u00e0s 12h e das 13h \u00e0s 15h.<\/p>\n\n\n\n<p><\/p>\n","protected":false},"excerpt":{"rendered":"<p>O CAMOPS disp\u00f5e de atendimento com m\u00e9dico cl\u00ednico generalista de segunda a sexta-feira.Esse profissional realiza consultas e atendimentos m\u00e9dicos, diagn\u00f3stico e tratamento de doen\u00e7as, prescri\u00e7\u00e3o de medicamentos, solicita\u00e7\u00e3o de exames e encaminhamentos. Tamb\u00e9m atua na implementa\u00e7\u00e3o de a\u00e7\u00f5es de preven\u00e7\u00e3o e promo\u00e7\u00e3o \u00e0 sa\u00fade, elabora documentos\/relat\u00f3rios m\u00e9dicos e difunde conhecimentos da \u00e1rea m\u00e9dica. Hor\u00e1rio: Segunda [&hellip;]<\/p>\n","protected":false},"author":47,"featured_media":0,"parent":37,"menu_order":0,"comment_status":"closed","ping_status":"closed","template":"","meta":{"_acf_changed":false,"footnotes":""},"class_list":["post-41","page","type-page","status-publish","hentry"],"acf":[],"_links":{"self":[{"href":"https:\/\/www.cca.ufpb.br\/camops\/wp-json\/wp\/v2\/pages\/41","targetHints":{"allow":["GET"]}}],"collection":[{"href":"https:\/\/www.cca.ufpb.br\/camops\/wp-json\/wp\/v2\/pages"}],"about":[{"href":"https:\/\/www.cca.ufpb.br\/camops\/wp-json\/wp\/v2\/types\/page"}],"author":[{"embeddable":true,"href":"https:\/\/www.cca.ufpb.br\/camops\/wp-json\/wp\/v2\/users\/47"}],"replies":[{"embeddable":true,"href":"https:\/\/www.cca.ufpb.br\/camops\/wp-json\/wp\/v2\/comments?post=41"}],"version-history":[{"count":6,"href":"https:\/\/www.cca.ufpb.br\/camops\/wp-json\/wp\/v2\/pages\/41\/revisions"}],"predecessor-version":[{"id":148,"href":"https:\/\/www.cca.ufpb.br\/camops\/wp-json\/wp\/v2\/pages\/41\/revisions\/148"}],"up":[{"embeddable":true,"href":"https:\/\/www.cca.ufpb.br\/camops\/wp-json\/wp\/v2\/pages\/37"}],"wp:attachment":[{"href":"https:\/\/www.cca.ufpb.br\/camops\/wp-json\/wp\/v2\/media?parent=41"}],"curies":[{"name":"wp","href":"https:\/\/api.w.org\/{rel}","templated":true}]}}