{"id":39,"date":"2024-09-30T20:41:38","date_gmt":"2024-09-30T23:41:38","guid":{"rendered":"https:\/\/www.cca.ufpb.br\/camops\/?page_id=39"},"modified":"2025-04-28T14:40:19","modified_gmt":"2025-04-28T17:40:19","slug":"enfermagem","status":"publish","type":"page","link":"https:\/\/www.cca.ufpb.br\/camops\/servicos\/enfermagem\/","title":{"rendered":"Enfermagem"},"content":{"rendered":"\n<p class=\"has-text-align-left\">O Servi\u00e7o de Enfermagem do Camops \u00e9 composto por uma enfermeira e duas auxiliares de enfermagem e presta assist\u00eancia de sa\u00fade ambulatorial, pautada em princ\u00edpios \u00e9ticos, profissionais e cient\u00edficos, primando pelo respeito ao usu\u00e1rio, mediante um cuidado humanizado e integral.&nbsp;<\/p>\n\n\n\n<p>S\u00e3o atribui\u00e7\u00f5es\/atividades desenvolvidas pela equipe de enfermagem do Camops, sempre que houver disponibilidade de material adequado para execu\u00e7\u00e3o<strong>:<\/strong>&nbsp;<\/p>\n\n\n\n<p>1. Recep\u00e7\u00e3o e acolhimento de alunos\/servidores;<\/p>\n\n\n\n<p>2. Aferi\u00e7\u00e3o de sinais vitais e medidas antropom\u00e9tricas;<\/p>\n\n\n\n<p>3. Controle de glicemia;&nbsp;<\/p>\n\n\n\n<p>4. Limpeza e\/ou curativos de les\u00f5es;<\/p>\n\n\n\n<p>5. Administra\u00e7\u00e3o de medica\u00e7\u00f5es conforme prescri\u00e7\u00e3o m\u00e9dica;&nbsp;<\/p>\n\n\n\n<p>6. Testagens para ISTs,&nbsp;<\/p>\n\n\n\n<p>7. Participa\u00e7\u00e3o em atividades junto \u00e0 equipe multidisciplinar do setor (a\u00e7\u00f5es, palestras, campanhas e eventos);<\/p>\n\n\n\n<p>8. Prestar atendimento de primeiros socorros;<\/p>\n\n\n\n<p>9. Encaminhar pacientes para rede p\u00fablica e suplementar de sa\u00fade nos casos necess\u00e1rios.<\/p>\n\n\n\n<p>Ressalta-se que a equipe de enfermagem do setor n\u00e3o tem como finalidade atender demandas de urg\u00eancia, por n\u00e3o possuir estrutura para isto. Esses casos devem ser direcionados imediatamente ao pronto-atendimento mais pr\u00f3ximo. O objetivo principal dos atendimentos est\u00e1 na preven\u00e7\u00e3o e promo\u00e7\u00e3o de sa\u00fade.<\/p>\n\n\n\n<p><strong>Hor\u00e1rio:<\/strong><\/p>\n\n\n\n<p><strong> <\/strong>Segunda a sexta-feira das 7h \u00e0s 19h.<\/p>\n\n\n\n<p><\/p>\n","protected":false},"excerpt":{"rendered":"<p>O Servi\u00e7o de Enfermagem do Camops \u00e9 composto por uma enfermeira e duas auxiliares de enfermagem e presta assist\u00eancia de sa\u00fade ambulatorial, pautada em princ\u00edpios \u00e9ticos, profissionais e cient\u00edficos, primando pelo respeito ao usu\u00e1rio, mediante um cuidado humanizado e integral.&nbsp; S\u00e3o atribui\u00e7\u00f5es\/atividades desenvolvidas pela equipe de enfermagem do Camops, sempre que houver disponibilidade de material [&hellip;]<\/p>\n","protected":false},"author":47,"featured_media":0,"parent":37,"menu_order":0,"comment_status":"closed","ping_status":"closed","template":"","meta":{"_acf_changed":false,"footnotes":""},"class_list":["post-39","page","type-page","status-publish","hentry"],"acf":[],"_links":{"self":[{"href":"https:\/\/www.cca.ufpb.br\/camops\/wp-json\/wp\/v2\/pages\/39","targetHints":{"allow":["GET"]}}],"collection":[{"href":"https:\/\/www.cca.ufpb.br\/camops\/wp-json\/wp\/v2\/pages"}],"about":[{"href":"https:\/\/www.cca.ufpb.br\/camops\/wp-json\/wp\/v2\/types\/page"}],"author":[{"embeddable":true,"href":"https:\/\/www.cca.ufpb.br\/camops\/wp-json\/wp\/v2\/users\/47"}],"replies":[{"embeddable":true,"href":"https:\/\/www.cca.ufpb.br\/camops\/wp-json\/wp\/v2\/comments?post=39"}],"version-history":[{"count":9,"href":"https:\/\/www.cca.ufpb.br\/camops\/wp-json\/wp\/v2\/pages\/39\/revisions"}],"predecessor-version":[{"id":124,"href":"https:\/\/www.cca.ufpb.br\/camops\/wp-json\/wp\/v2\/pages\/39\/revisions\/124"}],"up":[{"embeddable":true,"href":"https:\/\/www.cca.ufpb.br\/camops\/wp-json\/wp\/v2\/pages\/37"}],"wp:attachment":[{"href":"https:\/\/www.cca.ufpb.br\/camops\/wp-json\/wp\/v2\/media?parent=39"}],"curies":[{"name":"wp","href":"https:\/\/api.w.org\/{rel}","templated":true}]}}