{"id":33,"date":"2024-09-30T20:40:49","date_gmt":"2024-09-30T23:40:49","guid":{"rendered":"https:\/\/www.cca.ufpb.br\/camops\/?page_id=33"},"modified":"2025-05-06T08:16:17","modified_gmt":"2025-05-06T11:16:17","slug":"campanhas","status":"publish","type":"page","link":"https:\/\/www.cca.ufpb.br\/camops\/campanhas\/","title":{"rendered":"Campanhas"},"content":{"rendered":"\n<p><strong>A\u00c7\u00c3O SA\u00daDE NO CARNAVAL<\/strong><\/p>\n\n\n\n<p>Aconteceu no dia 20\/02\/2025, no Centro de Atendimento M\u00e9dico, Odontol\u00f3gico e Psicossocial- Ana Nere de Ara\u00fajo, mais uma a\u00e7\u00e3o intitulada &#8220;Sa\u00fade no Carnaval&#8221; para toda a comunidade acad\u00eamica, trazendo em sua programa\u00e7\u00e3o:<br>\u2022Vacina\u00e7\u00e3o<br>\u2022Testes r\u00e1pidos (HIV, s\u00edfilis e hepatite B e C)<br>\u2022Aferi\u00e7\u00e3o de Press\u00e3o                                                                                                                                        \u2022Atendimento M\u00e9dico e                                                                                                                                                       \u2022Roda de conversa: &#8220;A sa\u00fade bucal contribuindo para a preven\u00e7\u00e3o de ISTs&#8221; facilitada pelo Odont\u00f3logo En\u00e9as Pereira.<br>Agradecemos a todos que se fizeram presentes nesta manh\u00e3: estudantes e servidores, usu\u00e1rios dos nossos servi\u00e7os, profissionais que estiveram conosco nesta a\u00e7\u00e3o, a parceria da Prefeitura Municipal de Areia\/ Secretaria de Sa\u00fade, bem como da PROGEP\/CQVSST.<\/p>\n\n\n\n<p>Os cuidados com a sa\u00fade devem ser prioridade e a preven\u00e7\u00e3o \u00e9 a garantia para uma vida longa e saud\u00e1vel.<\/p>\n\n\n\n<p><strong>\ud83c\udfad &#8220;Informar para proteger, cuidar para viver!&#8221; \ud83c\udfad<\/strong><\/p>\n\n\n\n<figure class=\"wp-block-image size-large\"><img loading=\"lazy\" decoding=\"async\" width=\"759\" height=\"1024\" src=\"https:\/\/www.cca.ufpb.br\/camops\/wp-content\/uploads\/sites\/128\/sites\/213\/2025\/05\/WhatsApp-Image-2025-05-05-at-16.38.01-759x1024.jpeg\" alt=\"\" class=\"wp-image-129\" srcset=\"https:\/\/www.cca.ufpb.br\/camops\/wp-content\/uploads\/sites\/128\/sites\/213\/2025\/05\/WhatsApp-Image-2025-05-05-at-16.38.01-759x1024.jpeg 759w, https:\/\/www.cca.ufpb.br\/camops\/wp-content\/uploads\/sites\/128\/sites\/213\/2025\/05\/WhatsApp-Image-2025-05-05-at-16.38.01-222x300.jpeg 222w, https:\/\/www.cca.ufpb.br\/camops\/wp-content\/uploads\/sites\/128\/sites\/213\/2025\/05\/WhatsApp-Image-2025-05-05-at-16.38.01-768x1036.jpeg 768w, https:\/\/www.cca.ufpb.br\/camops\/wp-content\/uploads\/sites\/128\/sites\/213\/2025\/05\/WhatsApp-Image-2025-05-05-at-16.38.01.jpeg 780w\" sizes=\"auto, (max-width: 759px) 100vw, 759px\" \/><\/figure>\n\n\n\n<figure class=\"wp-block-gallery has-nested-images columns-default is-cropped wp-block-gallery-1 is-layout-flex wp-block-gallery-is-layout-flex\">\n<figure class=\"wp-block-image size-large\"><img loading=\"lazy\" decoding=\"async\" width=\"766\" height=\"1024\" data-id=\"130\" src=\"https:\/\/www.cca.ufpb.br\/camops\/wp-content\/uploads\/sites\/128\/sites\/213\/2025\/05\/WhatsApp-Image-2025-05-05-at-16.38.02-1-766x1024.jpeg\" alt=\"\" class=\"wp-image-130\" srcset=\"https:\/\/www.cca.ufpb.br\/camops\/wp-content\/uploads\/sites\/128\/sites\/213\/2025\/05\/WhatsApp-Image-2025-05-05-at-16.38.02-1-766x1024.jpeg 766w, https:\/\/www.cca.ufpb.br\/camops\/wp-content\/uploads\/sites\/128\/sites\/213\/2025\/05\/WhatsApp-Image-2025-05-05-at-16.38.02-1-224x300.jpeg 224w, https:\/\/www.cca.ufpb.br\/camops\/wp-content\/uploads\/sites\/128\/sites\/213\/2025\/05\/WhatsApp-Image-2025-05-05-at-16.38.02-1-768x1026.jpeg 768w, https:\/\/www.cca.ufpb.br\/camops\/wp-content\/uploads\/sites\/128\/sites\/213\/2025\/05\/WhatsApp-Image-2025-05-05-at-16.38.02-1.jpeg 868w\" sizes=\"auto, (max-width: 766px) 100vw, 766px\" \/><\/figure>\n\n\n\n<figure class=\"wp-block-image size-large\"><img loading=\"lazy\" decoding=\"async\" width=\"766\" height=\"1024\" data-id=\"131\" src=\"https:\/\/www.cca.ufpb.br\/camops\/wp-content\/uploads\/sites\/128\/sites\/213\/2025\/05\/WhatsApp-Image-2025-05-05-at-16.38.02-2-766x1024.jpeg\" alt=\"\" class=\"wp-image-131\" srcset=\"https:\/\/www.cca.ufpb.br\/camops\/wp-content\/uploads\/sites\/128\/sites\/213\/2025\/05\/WhatsApp-Image-2025-05-05-at-16.38.02-2-766x1024.jpeg 766w, https:\/\/www.cca.ufpb.br\/camops\/wp-content\/uploads\/sites\/128\/sites\/213\/2025\/05\/WhatsApp-Image-2025-05-05-at-16.38.02-2-224x300.jpeg 224w, https:\/\/www.cca.ufpb.br\/camops\/wp-content\/uploads\/sites\/128\/sites\/213\/2025\/05\/WhatsApp-Image-2025-05-05-at-16.38.02-2-768x1026.jpeg 768w, https:\/\/www.cca.ufpb.br\/camops\/wp-content\/uploads\/sites\/128\/sites\/213\/2025\/05\/WhatsApp-Image-2025-05-05-at-16.38.02-2.jpeg 868w\" sizes=\"auto, (max-width: 766px) 100vw, 766px\" \/><\/figure>\n\n\n\n<figure class=\"wp-block-image size-large\"><img loading=\"lazy\" decoding=\"async\" width=\"766\" height=\"1024\" data-id=\"132\" src=\"https:\/\/www.cca.ufpb.br\/camops\/wp-content\/uploads\/sites\/128\/sites\/213\/2025\/05\/WhatsApp-Image-2025-05-05-at-16.38.02-3-766x1024.jpeg\" alt=\"\" class=\"wp-image-132\" srcset=\"https:\/\/www.cca.ufpb.br\/camops\/wp-content\/uploads\/sites\/128\/sites\/213\/2025\/05\/WhatsApp-Image-2025-05-05-at-16.38.02-3-766x1024.jpeg 766w, https:\/\/www.cca.ufpb.br\/camops\/wp-content\/uploads\/sites\/128\/sites\/213\/2025\/05\/WhatsApp-Image-2025-05-05-at-16.38.02-3-224x300.jpeg 224w, https:\/\/www.cca.ufpb.br\/camops\/wp-content\/uploads\/sites\/128\/sites\/213\/2025\/05\/WhatsApp-Image-2025-05-05-at-16.38.02-3-768x1026.jpeg 768w, https:\/\/www.cca.ufpb.br\/camops\/wp-content\/uploads\/sites\/128\/sites\/213\/2025\/05\/WhatsApp-Image-2025-05-05-at-16.38.02-3.jpeg 868w\" sizes=\"auto, (max-width: 766px) 100vw, 766px\" \/><\/figure>\n\n\n\n<figure class=\"wp-block-image size-large\"><img loading=\"lazy\" decoding=\"async\" width=\"766\" height=\"1024\" data-id=\"135\" src=\"https:\/\/www.cca.ufpb.br\/camops\/wp-content\/uploads\/sites\/128\/sites\/213\/2025\/05\/WhatsApp-Image-2025-05-05-at-16.38.02-766x1024.jpeg\" alt=\"\" class=\"wp-image-135\" srcset=\"https:\/\/www.cca.ufpb.br\/camops\/wp-content\/uploads\/sites\/128\/sites\/213\/2025\/05\/WhatsApp-Image-2025-05-05-at-16.38.02-766x1024.jpeg 766w, https:\/\/www.cca.ufpb.br\/camops\/wp-content\/uploads\/sites\/128\/sites\/213\/2025\/05\/WhatsApp-Image-2025-05-05-at-16.38.02-224x300.jpeg 224w, https:\/\/www.cca.ufpb.br\/camops\/wp-content\/uploads\/sites\/128\/sites\/213\/2025\/05\/WhatsApp-Image-2025-05-05-at-16.38.02-768x1027.jpeg 768w, https:\/\/www.cca.ufpb.br\/camops\/wp-content\/uploads\/sites\/128\/sites\/213\/2025\/05\/WhatsApp-Image-2025-05-05-at-16.38.02-1149x1536.jpeg 1149w, https:\/\/www.cca.ufpb.br\/camops\/wp-content\/uploads\/sites\/128\/sites\/213\/2025\/05\/WhatsApp-Image-2025-05-05-at-16.38.02.jpeg 1197w\" sizes=\"auto, (max-width: 766px) 100vw, 766px\" \/><\/figure>\n\n\n\n<figure class=\"wp-block-image size-large\"><img loading=\"lazy\" decoding=\"async\" width=\"766\" height=\"1024\" data-id=\"133\" src=\"https:\/\/www.cca.ufpb.br\/camops\/wp-content\/uploads\/sites\/128\/sites\/213\/2025\/05\/WhatsApp-Image-2025-05-05-at-16.38.03-2-766x1024.jpeg\" alt=\"\" class=\"wp-image-133\" srcset=\"https:\/\/www.cca.ufpb.br\/camops\/wp-content\/uploads\/sites\/128\/sites\/213\/2025\/05\/WhatsApp-Image-2025-05-05-at-16.38.03-2-766x1024.jpeg 766w, https:\/\/www.cca.ufpb.br\/camops\/wp-content\/uploads\/sites\/128\/sites\/213\/2025\/05\/WhatsApp-Image-2025-05-05-at-16.38.03-2-224x300.jpeg 224w, https:\/\/www.cca.ufpb.br\/camops\/wp-content\/uploads\/sites\/128\/sites\/213\/2025\/05\/WhatsApp-Image-2025-05-05-at-16.38.03-2-768x1026.jpeg 768w, https:\/\/www.cca.ufpb.br\/camops\/wp-content\/uploads\/sites\/128\/sites\/213\/2025\/05\/WhatsApp-Image-2025-05-05-at-16.38.03-2.jpeg 868w\" sizes=\"auto, (max-width: 766px) 100vw, 766px\" \/><\/figure>\n\n\n\n<figure class=\"wp-block-image size-large\"><img loading=\"lazy\" decoding=\"async\" width=\"766\" height=\"1024\" data-id=\"138\" src=\"https:\/\/www.cca.ufpb.br\/camops\/wp-content\/uploads\/sites\/128\/sites\/213\/2025\/05\/WhatsApp-Image-2025-05-05-at-16.38.03-766x1024.jpeg\" alt=\"\" class=\"wp-image-138\" srcset=\"https:\/\/www.cca.ufpb.br\/camops\/wp-content\/uploads\/sites\/128\/sites\/213\/2025\/05\/WhatsApp-Image-2025-05-05-at-16.38.03-766x1024.jpeg 766w, https:\/\/www.cca.ufpb.br\/camops\/wp-content\/uploads\/sites\/128\/sites\/213\/2025\/05\/WhatsApp-Image-2025-05-05-at-16.38.03-224x300.jpeg 224w, https:\/\/www.cca.ufpb.br\/camops\/wp-content\/uploads\/sites\/128\/sites\/213\/2025\/05\/WhatsApp-Image-2025-05-05-at-16.38.03-768x1026.jpeg 768w, https:\/\/www.cca.ufpb.br\/camops\/wp-content\/uploads\/sites\/128\/sites\/213\/2025\/05\/WhatsApp-Image-2025-05-05-at-16.38.03.jpeg 868w\" sizes=\"auto, (max-width: 766px) 100vw, 766px\" \/><\/figure>\n<\/figure>\n\n\n\n<p><\/p>\n\n\n\n<p><\/p>\n\n\n\n<p><\/p>\n","protected":false},"excerpt":{"rendered":"<p>A\u00c7\u00c3O SA\u00daDE NO CARNAVAL Aconteceu no dia 20\/02\/2025, no Centro de Atendimento M\u00e9dico, Odontol\u00f3gico e Psicossocial- Ana Nere de Ara\u00fajo, mais uma a\u00e7\u00e3o intitulada &#8220;Sa\u00fade no Carnaval&#8221; para toda a comunidade acad\u00eamica, trazendo em sua programa\u00e7\u00e3o:\u2022Vacina\u00e7\u00e3o\u2022Testes r\u00e1pidos (HIV, s\u00edfilis e hepatite B e C)\u2022Aferi\u00e7\u00e3o de Press\u00e3o \u2022Atendimento M\u00e9dico e \u2022Roda de conversa: &#8220;A sa\u00fade bucal [&hellip;]<\/p>\n","protected":false},"author":47,"featured_media":0,"parent":0,"menu_order":0,"comment_status":"closed","ping_status":"closed","template":"","meta":{"_acf_changed":false,"footnotes":""},"class_list":["post-33","page","type-page","status-publish","hentry"],"acf":[],"_links":{"self":[{"href":"https:\/\/www.cca.ufpb.br\/camops\/wp-json\/wp\/v2\/pages\/33","targetHints":{"allow":["GET"]}}],"collection":[{"href":"https:\/\/www.cca.ufpb.br\/camops\/wp-json\/wp\/v2\/pages"}],"about":[{"href":"https:\/\/www.cca.ufpb.br\/camops\/wp-json\/wp\/v2\/types\/page"}],"author":[{"embeddable":true,"href":"https:\/\/www.cca.ufpb.br\/camops\/wp-json\/wp\/v2\/users\/47"}],"replies":[{"embeddable":true,"href":"https:\/\/www.cca.ufpb.br\/camops\/wp-json\/wp\/v2\/comments?post=33"}],"version-history":[{"count":5,"href":"https:\/\/www.cca.ufpb.br\/camops\/wp-json\/wp\/v2\/pages\/33\/revisions"}],"predecessor-version":[{"id":145,"href":"https:\/\/www.cca.ufpb.br\/camops\/wp-json\/wp\/v2\/pages\/33\/revisions\/145"}],"wp:attachment":[{"href":"https:\/\/www.cca.ufpb.br\/camops\/wp-json\/wp\/v2\/media?parent=33"}],"curies":[{"name":"wp","href":"https:\/\/api.w.org\/{rel}","templated":true}]}}