{"id":27,"date":"2024-09-30T20:40:09","date_gmt":"2024-09-30T23:40:09","guid":{"rendered":"https:\/\/www.cca.ufpb.br\/camops\/?page_id=27"},"modified":"2025-04-28T11:31:49","modified_gmt":"2025-04-28T14:31:49","slug":"equipe-tecnica","status":"publish","type":"page","link":"https:\/\/www.cca.ufpb.br\/camops\/equipe-tecnica\/","title":{"rendered":"Equipe T\u00e9cnica"},"content":{"rendered":"\n<p><strong>M\u00e9dico Cl\u00ednico:<\/strong> Jos\u00e9 K\u00edldere<\/p>\n\n\n\n<p><strong>Psic\u00f3logos:<\/strong> Camylla Ten\u00f3rio e Izak Alves<\/p>\n\n\n\n<p><strong>Odont\u00f3logo:<\/strong> En\u00e9as Pereira Junior<\/p>\n\n\n\n<p><strong>Assistentes Sociais:<\/strong> Rociane Trajano e Andr\u00e9ia Eust\u00e1quio<\/p>\n\n\n\n<p><strong>Auxiliares de Enfermagem:<\/strong> Cristiane Ribeiro e M\u00aa Jos\u00e9 Cardoso<\/p>\n\n\n\n<p><\/p>\n","protected":false},"excerpt":{"rendered":"<p>M\u00e9dico Cl\u00ednico: Jos\u00e9 K\u00edldere Psic\u00f3logos: Camylla Ten\u00f3rio e Izak Alves Odont\u00f3logo: En\u00e9as Pereira Junior Assistentes Sociais: Rociane Trajano e Andr\u00e9ia Eust\u00e1quio Auxiliares de Enfermagem: Cristiane Ribeiro e M\u00aa Jos\u00e9 Cardoso<\/p>\n","protected":false},"author":47,"featured_media":0,"parent":0,"menu_order":0,"comment_status":"closed","ping_status":"closed","template":"","meta":{"_acf_changed":false,"footnotes":""},"class_list":["post-27","page","type-page","status-publish","hentry"],"acf":[],"_links":{"self":[{"href":"https:\/\/www.cca.ufpb.br\/camops\/wp-json\/wp\/v2\/pages\/27","targetHints":{"allow":["GET"]}}],"collection":[{"href":"https:\/\/www.cca.ufpb.br\/camops\/wp-json\/wp\/v2\/pages"}],"about":[{"href":"https:\/\/www.cca.ufpb.br\/camops\/wp-json\/wp\/v2\/types\/page"}],"author":[{"embeddable":true,"href":"https:\/\/www.cca.ufpb.br\/camops\/wp-json\/wp\/v2\/users\/47"}],"replies":[{"embeddable":true,"href":"https:\/\/www.cca.ufpb.br\/camops\/wp-json\/wp\/v2\/comments?post=27"}],"version-history":[{"count":3,"href":"https:\/\/www.cca.ufpb.br\/camops\/wp-json\/wp\/v2\/pages\/27\/revisions"}],"predecessor-version":[{"id":113,"href":"https:\/\/www.cca.ufpb.br\/camops\/wp-json\/wp\/v2\/pages\/27\/revisions\/113"}],"wp:attachment":[{"href":"https:\/\/www.cca.ufpb.br\/camops\/wp-json\/wp\/v2\/media?parent=27"}],"curies":[{"name":"wp","href":"https:\/\/api.w.org\/{rel}","templated":true}]}}