{"id":25,"date":"2024-09-30T20:39:47","date_gmt":"2024-09-30T23:39:47","guid":{"rendered":"https:\/\/www.cca.ufpb.br\/camops\/?page_id=25"},"modified":"2024-11-26T14:03:05","modified_gmt":"2024-11-26T17:03:05","slug":"apresentacao","status":"publish","type":"page","link":"https:\/\/www.cca.ufpb.br\/camops\/apresentacao\/","title":{"rendered":"Apresenta\u00e7\u00e3o"},"content":{"rendered":"\n<p class=\"has-text-align-left\">O Centro de Atendimento M\u00e9dico, Odontol\u00f3gico e Psicossocial (CAMOPS), localizado no Campus II da UFPB \u00e9 um setor de assist\u00eancia social e de sa\u00fade, composto por uma equipe multiprofissional, sendo duas assistentes sociais, dois psic\u00f3logos, duas auxiliares de enfermagem, um odont\u00f3logo, uma enfermeira e um m\u00e9dico. Para al\u00e9m da assist\u00eancia, o CAMOPS \u00e9 um setor que contribui com atividades de ensino, pesquisa e extens\u00e3o, auxiliando entidades p\u00fablicas no planejamento e execu\u00e7\u00e3o de programas de sa\u00fade e educa\u00e7\u00e3o. \u00c9, ainda, respons\u00e1vel pela assist\u00eancia social aos alunos e de sa\u00fade a toda comunidade acad\u00eamica, assist\u00eancia essa pautada nos princ\u00edpios da sa\u00fade p\u00fablica de qualidade.<\/p>\n\n\n\n<p><\/p>\n","protected":false},"excerpt":{"rendered":"<p>O Centro de Atendimento M\u00e9dico, Odontol\u00f3gico e Psicossocial (CAMOPS), localizado no Campus II da UFPB \u00e9 um setor de assist\u00eancia social e de sa\u00fade, composto por uma equipe multiprofissional, sendo duas assistentes sociais, dois psic\u00f3logos, duas auxiliares de enfermagem, um odont\u00f3logo, uma enfermeira e um m\u00e9dico. Para al\u00e9m da assist\u00eancia, o CAMOPS \u00e9 um setor [&hellip;]<\/p>\n","protected":false},"author":47,"featured_media":0,"parent":0,"menu_order":0,"comment_status":"closed","ping_status":"closed","template":"","meta":{"_acf_changed":false,"footnotes":""},"class_list":["post-25","page","type-page","status-publish","hentry"],"acf":[],"_links":{"self":[{"href":"https:\/\/www.cca.ufpb.br\/camops\/wp-json\/wp\/v2\/pages\/25","targetHints":{"allow":["GET"]}}],"collection":[{"href":"https:\/\/www.cca.ufpb.br\/camops\/wp-json\/wp\/v2\/pages"}],"about":[{"href":"https:\/\/www.cca.ufpb.br\/camops\/wp-json\/wp\/v2\/types\/page"}],"author":[{"embeddable":true,"href":"https:\/\/www.cca.ufpb.br\/camops\/wp-json\/wp\/v2\/users\/47"}],"replies":[{"embeddable":true,"href":"https:\/\/www.cca.ufpb.br\/camops\/wp-json\/wp\/v2\/comments?post=25"}],"version-history":[{"count":4,"href":"https:\/\/www.cca.ufpb.br\/camops\/wp-json\/wp\/v2\/pages\/25\/revisions"}],"predecessor-version":[{"id":104,"href":"https:\/\/www.cca.ufpb.br\/camops\/wp-json\/wp\/v2\/pages\/25\/revisions\/104"}],"wp:attachment":[{"href":"https:\/\/www.cca.ufpb.br\/camops\/wp-json\/wp\/v2\/media?parent=25"}],"curies":[{"name":"wp","href":"https:\/\/api.w.org\/{rel}","templated":true}]}}