{"id":32,"date":"2025-03-27T12:07:27","date_gmt":"2025-03-27T15:07:27","guid":{"rendered":"https:\/\/www.cca.ufpb.br\/bscca2\/?page_id=32"},"modified":"2025-03-27T12:13:48","modified_gmt":"2025-03-27T15:13:48","slug":"reservar-auditorio","status":"publish","type":"page","link":"https:\/\/www.cca.ufpb.br\/bscca\/reservar-auditorio\/","title":{"rendered":"Agendamento Audit\u00f3rio"},"content":{"rendered":"\n<p>A Biblioteca Setorial do CCA\/UFPB disponibiliza um audit\u00f3rio com capacidade para 50 pessoas, destinado a palestras, aulas, treinamentos, grupos de estudos.<\/p>\n\n\n\n<p>Para reservar o audit\u00f3rio, o respons\u00e1vel dever\u00e1 ler e seguir as normas de utiliza\u00e7\u00e3o do espa\u00e7o, verificar disponibilidade, preencher o formul\u00e1rio abaixo com seus dados, data, hor\u00e1rio, motivo, e aguardar confirma\u00e7\u00e3o no e-mail.<\/p>\n\n\n\n<p>O preenchimento desse formul\u00e1rio n\u00e3o garante ao proponente a reserva de qualquer espa\u00e7o ou equipamento na Biblioteca.<\/p>\n\n\n\n<p>A Biblioteca encaminhar\u00e1 ao solicitante, a confirma\u00e7\u00e3o do agendamento por e-mail.<\/p>\n\n\n\n<p>Antes de solicitar uma reserva, consulte a agenda e o nosso regulamento.<\/p>\n\n\n\n<p><a href=\"https:\/\/calendar.google.com\/calendar\/u\/0\/embed?src=bibccaufpb@gmail.com&amp;ctz=America\/Fortaleza\" target=\"_blank\" rel=\"noopener\">Agenda<\/a><\/p>\n\n\n\n<p><a href=\"http:\/\/www.cca.ufpb.br\/bscca\/wp-content\/uploads\/sites\/128\/sites\/275\/2025\/03\/normasdeutilizacaodoauditorio-1.pdf\" target=\"_blank\" rel=\"noopener\">Regulamento de Utiliza\u00e7\u00e3o do Audit\u00f3rio<\/a><\/p>\n\n\n\n<p><a href=\"https:\/\/docs.google.com\/forms\/d\/e\/1FAIpQLSfmK5W656F1VKz3hpB8tfuIi-dmE-JqiMhFGTriEinWCCzUxA\/viewform\" target=\"_blank\" rel=\"noreferrer noopener\">Formul\u00e1rio de Agendamento<\/a><\/p>\n\n\n\n<p><\/p>\n","protected":false},"excerpt":{"rendered":"<p>A Biblioteca Setorial do CCA\/UFPB disponibiliza um audit\u00f3rio com capacidade para 50 pessoas, destinado a palestras, aulas, treinamentos, grupos de estudos. Para reservar o audit\u00f3rio, o respons\u00e1vel dever\u00e1 ler e seguir as normas de utiliza\u00e7\u00e3o do espa\u00e7o, verificar disponibilidade, preencher o formul\u00e1rio abaixo com seus dados, data, hor\u00e1rio, motivo, e aguardar confirma\u00e7\u00e3o no e-mail. O [&hellip;]<\/p>\n","protected":false},"author":63,"featured_media":0,"parent":0,"menu_order":0,"comment_status":"closed","ping_status":"closed","template":"","meta":{"_acf_changed":false,"footnotes":""},"class_list":["post-32","page","type-page","status-publish","hentry"],"acf":[],"_links":{"self":[{"href":"https:\/\/www.cca.ufpb.br\/bscca\/wp-json\/wp\/v2\/pages\/32","targetHints":{"allow":["GET"]}}],"collection":[{"href":"https:\/\/www.cca.ufpb.br\/bscca\/wp-json\/wp\/v2\/pages"}],"about":[{"href":"https:\/\/www.cca.ufpb.br\/bscca\/wp-json\/wp\/v2\/types\/page"}],"author":[{"embeddable":true,"href":"https:\/\/www.cca.ufpb.br\/bscca\/wp-json\/wp\/v2\/users\/63"}],"replies":[{"embeddable":true,"href":"https:\/\/www.cca.ufpb.br\/bscca\/wp-json\/wp\/v2\/comments?post=32"}],"version-history":[{"count":6,"href":"https:\/\/www.cca.ufpb.br\/bscca\/wp-json\/wp\/v2\/pages\/32\/revisions"}],"predecessor-version":[{"id":43,"href":"https:\/\/www.cca.ufpb.br\/bscca\/wp-json\/wp\/v2\/pages\/32\/revisions\/43"}],"wp:attachment":[{"href":"https:\/\/www.cca.ufpb.br\/bscca\/wp-json\/wp\/v2\/media?parent=32"}],"curies":[{"name":"wp","href":"https:\/\/api.w.org\/{rel}","templated":true}]}}