{"id":292,"date":"2025-04-16T14:25:58","date_gmt":"2025-04-16T17:25:58","guid":{"rendered":"https:\/\/www.cca.ufpb.br\/bscca2\/?page_id=292"},"modified":"2025-04-16T14:25:58","modified_gmt":"2025-04-16T17:25:58","slug":"estrutura-organizacional","status":"publish","type":"page","link":"https:\/\/www.cca.ufpb.br\/bscca\/estrutura-organizacional\/","title":{"rendered":"Estrutura Organizacional"},"content":{"rendered":"<p><img loading=\"lazy\" decoding=\"async\" class=\"alignleft wp-image-293 size-large\" src=\"http:\/\/www.cca.ufpb.br\/bscca\/wp-content\/uploads\/sites\/128\/sites\/275\/2025\/04\/1-1-724x1024.png\" alt=\"Imagem com fundo verde claro e detalhes em verde. T\u00edtulo: estrutura organizacional. Logo abaixo est\u00e1 escrito o texto: A Biblioteca Setorial Francisco Tancredo Torres, est\u00e1 localizada no Centro de Ci\u00eancias Agr\u00e1rias, Campus II, da Universidade Federal da Para\u00edba. A Biblioteca \u00e9 vinculada administrativamente \u00e0 Dire\u00e7\u00e3o do Centro de Ci\u00eancias Agr\u00e1rias e comp\u00f5e o Sistema de Bibliotecas da Universidade Federal da Para\u00edba. Tem como objetivo promover a unidade e harmonia das atividades de coleta, tratamento, armazenamento, recupera\u00e7\u00e3o e dissemina\u00e7\u00e3o de informa\u00e7\u00f5es para o apoio aos programas de ensino, pesquisa, extens\u00e3o e inova\u00e7\u00e3o tecnol\u00f3gica do CCA\/UFPB. Possui tr\u00eas se\u00e7\u00f5es de apoio administrativo: Se\u00e7\u00e3o de Processos T\u00e9cnicos, Se\u00e7\u00e3o de Desenvolvimento de Cole\u00e7\u00f5es e Se\u00e7\u00e3o de Servi\u00e7os ao Usu\u00e1rio, cada se\u00e7\u00e3o \u00e9 composta por subdivis\u00f5es que completam o organograma da Biblioteca Setorial, conforme pode ser observado na Figura 1. O centro: Figura 1 - Organograma Biblioteca Setorial Francisco Tancredo Torres.\" width=\"724\" height=\"1024\" srcset=\"https:\/\/www.cca.ufpb.br\/bscca\/wp-content\/uploads\/sites\/128\/sites\/275\/2025\/04\/1-1-724x1024.png 724w, https:\/\/www.cca.ufpb.br\/bscca\/wp-content\/uploads\/sites\/128\/sites\/275\/2025\/04\/1-1-212x300.png 212w, https:\/\/www.cca.ufpb.br\/bscca\/wp-content\/uploads\/sites\/128\/sites\/275\/2025\/04\/1-1-768x1086.png 768w, https:\/\/www.cca.ufpb.br\/bscca\/wp-content\/uploads\/sites\/128\/sites\/275\/2025\/04\/1-1-1086x1536.png 1086w\" sizes=\"auto, (max-width: 724px) 100vw, 724px\" \/> <img loading=\"lazy\" decoding=\"async\" class=\"alignleft wp-image-294 size-large\" src=\"http:\/\/www.cca.ufpb.br\/bscca\/wp-content\/uploads\/sites\/128\/sites\/275\/2025\/04\/2-1-724x1024.png\" alt=\"Imagem com fundo verde claro e detalhes em verde. T\u00edtulo: estrutura organizacional. Logo abaixo est\u00e1 escrito o texto: Objetivo - Promover a unidade e harmonia das atividades de coleta, tratamento, armazenamento, recupera\u00e7\u00e3o e dissemina\u00e7\u00e3o de informa\u00e7\u00f5es para o apoio aos programas de ensino, pesquisa, extens\u00e3o e inova\u00e7\u00e3o tecnol\u00f3gica do CCA\/UFPB. Miss\u00e3o - Prestar servi\u00e7os de informa\u00e7\u00e3o \u00e0 comunidade acad\u00eamica e \u00e0 sociedade em geral para contribuir com a constru\u00e7\u00e3o do conhecimento e o progresso da ci\u00eancia. Vis\u00e3o - Ser reconhecida como biblioteca de excel\u00eancia na gest\u00e3o, na presta\u00e7\u00e3o de servi\u00e7os e na oferta de produtos de informa\u00e7\u00e3o para a comunidade universit\u00e1ria e sociedade em geral, tornando-se refer\u00eancia no Estado da Para\u00edba, na Regi\u00e3o Nordeste e no Brasil. Valores - Excel\u00eancia; \u00c9tica; Gest\u00e3o democr\u00e1tica; Inclus\u00e3o social; Inova\u00e7\u00e3o; Respeito \u00e0 diversidade; Responsabilidade socioinformacional; Sustentabilidade social; Transpar\u00eancia; Valoriza\u00e7\u00e3o das pessoas.\" width=\"724\" height=\"1024\" srcset=\"https:\/\/www.cca.ufpb.br\/bscca\/wp-content\/uploads\/sites\/128\/sites\/275\/2025\/04\/2-1-724x1024.png 724w, https:\/\/www.cca.ufpb.br\/bscca\/wp-content\/uploads\/sites\/128\/sites\/275\/2025\/04\/2-1-212x300.png 212w, https:\/\/www.cca.ufpb.br\/bscca\/wp-content\/uploads\/sites\/128\/sites\/275\/2025\/04\/2-1-768x1086.png 768w, https:\/\/www.cca.ufpb.br\/bscca\/wp-content\/uploads\/sites\/128\/sites\/275\/2025\/04\/2-1-1086x1536.png 1086w\" sizes=\"auto, (max-width: 724px) 100vw, 724px\" \/><\/p>\n","protected":false},"excerpt":{"rendered":"","protected":false},"author":71,"featured_media":0,"parent":0,"menu_order":0,"comment_status":"closed","ping_status":"closed","template":"","meta":{"_acf_changed":false,"footnotes":""},"class_list":["post-292","page","type-page","status-publish","hentry"],"acf":[],"_links":{"self":[{"href":"https:\/\/www.cca.ufpb.br\/bscca\/wp-json\/wp\/v2\/pages\/292","targetHints":{"allow":["GET"]}}],"collection":[{"href":"https:\/\/www.cca.ufpb.br\/bscca\/wp-json\/wp\/v2\/pages"}],"about":[{"href":"https:\/\/www.cca.ufpb.br\/bscca\/wp-json\/wp\/v2\/types\/page"}],"author":[{"embeddable":true,"href":"https:\/\/www.cca.ufpb.br\/bscca\/wp-json\/wp\/v2\/users\/71"}],"replies":[{"embeddable":true,"href":"https:\/\/www.cca.ufpb.br\/bscca\/wp-json\/wp\/v2\/comments?post=292"}],"version-history":[{"count":1,"href":"https:\/\/www.cca.ufpb.br\/bscca\/wp-json\/wp\/v2\/pages\/292\/revisions"}],"predecessor-version":[{"id":295,"href":"https:\/\/www.cca.ufpb.br\/bscca\/wp-json\/wp\/v2\/pages\/292\/revisions\/295"}],"wp:attachment":[{"href":"https:\/\/www.cca.ufpb.br\/bscca\/wp-json\/wp\/v2\/media?parent=292"}],"curies":[{"name":"wp","href":"https:\/\/api.w.org\/{rel}","templated":true}]}}