{"id":205,"date":"2025-04-01T10:47:42","date_gmt":"2025-04-01T13:47:42","guid":{"rendered":"https:\/\/www.cca.ufpb.br\/bscca2\/?page_id=205"},"modified":"2025-04-01T10:48:14","modified_gmt":"2025-04-01T13:48:14","slug":"jose-americo-de-almeida","status":"publish","type":"page","link":"https:\/\/www.cca.ufpb.br\/bscca\/jose-americo-de-almeida\/","title":{"rendered":"Jos\u00e9 Am\u00e9rico de Almeida"},"content":{"rendered":"\n<p><\/p>\n\n\n<div class=\"wp-block-image\">\n<figure class=\"aligncenter size-full\"><img loading=\"lazy\" decoding=\"async\" width=\"400\" height=\"400\" src=\"https:\/\/www.cca.ufpb.br\/bscca\/wp-content\/uploads\/sites\/128\/sites\/275\/2025\/04\/fef6aff3-6e01-44e0-8e48-3687227e5d0a.jpeg\" alt=\"\" class=\"wp-image-207\" srcset=\"https:\/\/www.cca.ufpb.br\/bscca\/wp-content\/uploads\/sites\/128\/sites\/275\/2025\/04\/fef6aff3-6e01-44e0-8e48-3687227e5d0a.jpeg 400w, https:\/\/www.cca.ufpb.br\/bscca\/wp-content\/uploads\/sites\/128\/sites\/275\/2025\/04\/fef6aff3-6e01-44e0-8e48-3687227e5d0a-300x300.jpeg 300w, https:\/\/www.cca.ufpb.br\/bscca\/wp-content\/uploads\/sites\/128\/sites\/275\/2025\/04\/fef6aff3-6e01-44e0-8e48-3687227e5d0a-150x150.jpeg 150w\" sizes=\"auto, (max-width: 400px) 100vw, 400px\" \/><\/figure>\n<\/div>\n\n<p>\u00a0<\/p>\n<p>Jos\u00e9 Am\u00e9rico de Almeida nasceu na cidade de Areia no estado da Para\u00edba, em meados do ano de 1887. O filho de In\u00e1cio Augusto de Almeida e Josefa Leopoldina Leal de Almeida, formou-se em direito na Faculdade de Direito de Recife em 1908. Em 1911, foi nomeado promotor geral do estado da Para\u00edba, onde ficou at\u00e9 1922, quando se tornou consultor geral do Estado. Um \u00f3timo escritor, escreveu grandes obras como &#8220;Reflex\u00f5es de uma cabra&#8221; (1922) e mais tarde, em 1923, &#8220;A Para\u00edba e seus problemas&#8221;.<\/p>\n<p>Em 1928, Jos\u00e9 Am\u00e9rico lan\u00e7ou o livro A Bagaceira, considerado um grande cl\u00e1ssico do romance regional brasileiro. \u201cZ\u00e9 Am\u00e9rico\u201d, como era conhecido, teve participa\u00e7\u00e3o ass\u00eddua nos meios pol\u00edticos. Esteve presente na gest\u00e3o de Jo\u00e3o Pessoa, sendo governador, secret\u00e1rio estadual, e ainda nas elei\u00e7\u00f5es presidenciais de 1930, ele apoiou a candidatura de Get\u00falio Vargas, tendo Jo\u00e3o Pessoa como vice em sua chapa. Ap\u00f3s a posse de Vargas \u00e0 frente do governo federal, foi nomeado ministro da Via\u00e7\u00e3o e Obras P\u00fablicas.<\/p>\n<p>Em 1950 elegeu-se governador do Estado da Para\u00edba. Ao terminar sua gest\u00e3o \u00e0 frente do Executivo paraibano, afastou-se dos cargos p\u00fablicos. Manteve, por\u00e9m, forte influ\u00eancia sobre a pol\u00edtica da Para\u00edba ainda por muitos anos. Em 1956 ele funda a Universidade Federal da Para\u00edba e no ano seguinte assume como reitor da mesma, que n\u00e3o durou muito tempo pois ele deixou o cargo meses depois. Em 1967, foi eleito para a Academia Brasileira de Letras. Em, 10 de maio de 1980, veio a falecer na capital do estado Paraibano.<\/p>\n<p>REFER\u00caNCIAS<\/p>\n<p>RABELLO, Adylla. Jos\u00e9 Am\u00e9rico de Almeida &#8211; Cronologia. Somos todos Para\u00edba Governo do Estado, 2 ago. 2020. Dispon\u00edvel em: https:\/\/fcja.pb.gov.br\/cronologia . Acesso em: 20 ago. 2020.<br \/>.<br \/>SILVA, B\u00e1rbara Bezerra Siqueira. O poder pol\u00edtico de Jos\u00e9 Am\u00e9rico de Almeida: a constru\u00e7\u00e3o do americismo (1928-1935). Orientador: Serioja Rodrigues Cordeiro Mariano. 2015. 158 f. Mestrado (Mestrado em Hist\u00f3ria) &#8211; UFPB, Jo\u00e3o Pessoa, 2015. Dispon\u00edvel em: https:\/\/repositorio.ufpb.br\/jspui\/bitstream\/tede\/8098\/2\/arquivo%20total.pdf . Acesso em: 20 ago. 2020.<br \/>.<br \/>Texto: Jhonatan do Nascimento Silva<\/p>","protected":false},"excerpt":{"rendered":"<p>\u00a0 Jos\u00e9 Am\u00e9rico de Almeida nasceu na cidade de Areia no estado da Para\u00edba, em meados do ano de 1887. O filho de In\u00e1cio Augusto de Almeida e Josefa Leopoldina Leal de Almeida, formou-se em direito na Faculdade de Direito de Recife em 1908. Em 1911, foi nomeado promotor geral do estado da Para\u00edba, onde [&hellip;]<\/p>\n","protected":false},"author":63,"featured_media":0,"parent":0,"menu_order":0,"comment_status":"closed","ping_status":"closed","template":"","meta":{"_acf_changed":false,"footnotes":""},"class_list":["post-205","page","type-page","status-publish","hentry"],"acf":[],"_links":{"self":[{"href":"https:\/\/www.cca.ufpb.br\/bscca\/wp-json\/wp\/v2\/pages\/205","targetHints":{"allow":["GET"]}}],"collection":[{"href":"https:\/\/www.cca.ufpb.br\/bscca\/wp-json\/wp\/v2\/pages"}],"about":[{"href":"https:\/\/www.cca.ufpb.br\/bscca\/wp-json\/wp\/v2\/types\/page"}],"author":[{"embeddable":true,"href":"https:\/\/www.cca.ufpb.br\/bscca\/wp-json\/wp\/v2\/users\/63"}],"replies":[{"embeddable":true,"href":"https:\/\/www.cca.ufpb.br\/bscca\/wp-json\/wp\/v2\/comments?post=205"}],"version-history":[{"count":2,"href":"https:\/\/www.cca.ufpb.br\/bscca\/wp-json\/wp\/v2\/pages\/205\/revisions"}],"predecessor-version":[{"id":208,"href":"https:\/\/www.cca.ufpb.br\/bscca\/wp-json\/wp\/v2\/pages\/205\/revisions\/208"}],"wp:attachment":[{"href":"https:\/\/www.cca.ufpb.br\/bscca\/wp-json\/wp\/v2\/media?parent=205"}],"curies":[{"name":"wp","href":"https:\/\/api.w.org\/{rel}","templated":true}]}}