{"id":201,"date":"2025-04-01T10:46:31","date_gmt":"2025-04-01T13:46:31","guid":{"rendered":"https:\/\/www.cca.ufpb.br\/bscca2\/?page_id=201"},"modified":"2025-04-01T10:47:04","modified_gmt":"2025-04-01T13:47:04","slug":"comunidade-cha-de-jardim","status":"publish","type":"page","link":"https:\/\/www.cca.ufpb.br\/bscca\/comunidade-cha-de-jardim\/","title":{"rendered":"Comunidade Ch\u00e3 de Jardim"},"content":{"rendered":"\n<p><\/p>\n\n\n<div class=\"wp-block-image\">\n<figure class=\"aligncenter size-full is-resized\"><img loading=\"lazy\" decoding=\"async\" width=\"230\" height=\"230\" src=\"https:\/\/www.cca.ufpb.br\/bscca\/wp-content\/uploads\/sites\/128\/sites\/275\/2025\/04\/91702151-9424-41d3-9864-98299f773ac7.jpeg\" alt=\"\" class=\"wp-image-203\" style=\"width:317px;height:auto\" srcset=\"https:\/\/www.cca.ufpb.br\/bscca\/wp-content\/uploads\/sites\/128\/sites\/275\/2025\/04\/91702151-9424-41d3-9864-98299f773ac7.jpeg 230w, https:\/\/www.cca.ufpb.br\/bscca\/wp-content\/uploads\/sites\/128\/sites\/275\/2025\/04\/91702151-9424-41d3-9864-98299f773ac7-150x150.jpeg 150w\" sizes=\"auto, (max-width: 230px) 100vw, 230px\" \/><\/figure>\n<\/div>\n\n<p>\u00a0<\/p>\n<p>A comunidade Ch\u00e3 de Jardim se apresenta na cidade de Areia, dentro de uma hist\u00f3ria de muita luta e criatividade, em meio ao empreendedorismo, sustentabilidade e principalmente, amor, como uma refer\u00eancia nacional em gastronomia, turismo e desenvolvimento sustent\u00e1vel. Localizada na PB \u2013079 em Areia na Para\u00edba, mais especificamente em frente ao Parque Estadual Mata Pau-ferro, a Comunidade \u00e9 uma das respons\u00e1veis pelo aumento do fluxo de pessoas e turismo na cidade de Areia.<\/p>\n<p>Ela desenvolve in\u00fameras atividades e projetos como a venda de polpas de fruta org\u00e2nicas e livre de agrot\u00f3xicos (produzidas pela f\u00e1brica na pr\u00f3pria comunidade), Arte na M\u00e3o (projeto de artesanato feito com palha seca de bananeira e produzido por mulheres da comunidade); Restaurante V\u00f3 Maria (empreendimento que, se utilizando produtos produzidos pela comunidade, serve comida caseira com pratos t\u00edpicos da culin\u00e1ria regional); Piquenique na Mata (um lanche servido com comidas t\u00edpicas \u00e9 oferecido aos turistas que optam por fazer a caminhada guiada na trilha no Parque Mata Pau Ferro), Camping e trilha no Parque da Mata do Pau-ferro, entre muitas outras atividades desenvolvidas pela comunidade.<\/p>\n<p>A ADESCO (Associa\u00e7\u00e3o de Desenvolvimento da Comunidade Ch\u00e3 de Jardim) gera uma renda anual para a Comunidade como um todo, al\u00e9m da gera\u00e7\u00e3o de mais de 40 empregos e o aumento do fluxo de pessoas devido as atividades tur\u00edsticas e ao restaurante. E tamb\u00e9m, estimula a agricultura local e o empreendedorismo, j\u00e1 que o Restaurante V\u00f3 Maria se utiliza dos produtos produzidos pela comunidade, e tamb\u00e9m disponibiliza o mercado local para que moradores fa\u00e7am a venda de seus produtos.<\/p>\n<p>Devido a esses fatores, a Comunidade ganhou os pr\u00eamios de Melhores do Turismo da Para\u00edba, o pr\u00eamio Braztoa de Sustentabilidade, e tamb\u00e9m de Refer\u00eancia Nacional em Gastronomia do Brasil. E \u00e9 assim, levando amor e renda pra os moradores da pr\u00f3pria Comunidade, e experi\u00eancias incr\u00edveis e comida boa para os turistas, que, a Comunidade Ch\u00e3 de Jardim segue sua hist\u00f3ria.<\/p>\n<p>Texto: Arthur Yvisson Mendon\u00e7a Silva<br \/>Revis\u00e3o: Jhonatan do Nascimento Silva<\/p>","protected":false},"excerpt":{"rendered":"<p>\u00a0 A comunidade Ch\u00e3 de Jardim se apresenta na cidade de Areia, dentro de uma hist\u00f3ria de muita luta e criatividade, em meio ao empreendedorismo, sustentabilidade e principalmente, amor, como uma refer\u00eancia nacional em gastronomia, turismo e desenvolvimento sustent\u00e1vel. Localizada na PB \u2013079 em Areia na Para\u00edba, mais especificamente em frente ao Parque Estadual Mata [&hellip;]<\/p>\n","protected":false},"author":63,"featured_media":0,"parent":0,"menu_order":0,"comment_status":"closed","ping_status":"closed","template":"","meta":{"_acf_changed":false,"footnotes":""},"class_list":["post-201","page","type-page","status-publish","hentry"],"acf":[],"_links":{"self":[{"href":"https:\/\/www.cca.ufpb.br\/bscca\/wp-json\/wp\/v2\/pages\/201","targetHints":{"allow":["GET"]}}],"collection":[{"href":"https:\/\/www.cca.ufpb.br\/bscca\/wp-json\/wp\/v2\/pages"}],"about":[{"href":"https:\/\/www.cca.ufpb.br\/bscca\/wp-json\/wp\/v2\/types\/page"}],"author":[{"embeddable":true,"href":"https:\/\/www.cca.ufpb.br\/bscca\/wp-json\/wp\/v2\/users\/63"}],"replies":[{"embeddable":true,"href":"https:\/\/www.cca.ufpb.br\/bscca\/wp-json\/wp\/v2\/comments?post=201"}],"version-history":[{"count":2,"href":"https:\/\/www.cca.ufpb.br\/bscca\/wp-json\/wp\/v2\/pages\/201\/revisions"}],"predecessor-version":[{"id":204,"href":"https:\/\/www.cca.ufpb.br\/bscca\/wp-json\/wp\/v2\/pages\/201\/revisions\/204"}],"wp:attachment":[{"href":"https:\/\/www.cca.ufpb.br\/bscca\/wp-json\/wp\/v2\/media?parent=201"}],"curies":[{"name":"wp","href":"https:\/\/api.w.org\/{rel}","templated":true}]}}