{"id":189,"date":"2025-04-01T10:39:39","date_gmt":"2025-04-01T13:39:39","guid":{"rendered":"https:\/\/www.cca.ufpb.br\/bscca2\/?page_id=189"},"modified":"2025-04-01T10:45:51","modified_gmt":"2025-04-01T13:45:51","slug":"mata-do-pau-ferro","status":"publish","type":"page","link":"https:\/\/www.cca.ufpb.br\/bscca\/mata-do-pau-ferro\/","title":{"rendered":"Mata do Pau-ferro"},"content":{"rendered":"\n<p><\/p>\n\n\n<div class=\"wp-block-image\">\n<figure class=\"aligncenter\"><img loading=\"lazy\" decoding=\"async\" width=\"230\" height=\"230\" src=\"http:\/\/www.cca.ufpb.br\/bscca\/wp-content\/uploads\/sites\/128\/sites\/275\/2025\/04\/a9e4a132-a9c7-464a-a8b4-9d74b861ebe0.jpeg\" alt=\"\" class=\"wp-image-190\" srcset=\"https:\/\/www.cca.ufpb.br\/bscca\/wp-content\/uploads\/sites\/128\/sites\/275\/2025\/04\/a9e4a132-a9c7-464a-a8b4-9d74b861ebe0.jpeg 230w, https:\/\/www.cca.ufpb.br\/bscca\/wp-content\/uploads\/sites\/128\/sites\/275\/2025\/04\/a9e4a132-a9c7-464a-a8b4-9d74b861ebe0-150x150.jpeg 150w\" sizes=\"auto, (max-width: 230px) 100vw, 230px\" \/><\/figure>\n<\/div>\n\n\n<p>&nbsp;<\/p>\n\n\n\n<p>O Parque Estadual Mata do Pau-Ferro \u00e9 um patrim\u00f4nio ecol\u00f3gico paraibano, localizado no munic\u00edpio de Areia, ocupando cerca de 600 hectares do S\u00edtio Vaca Brava. Apresenta caracter\u00edsticas clim\u00e1ticas tipicamente do brejo paraibano, com temperatura m\u00e9dia de 22\u00baC e umidade relativa em torno de 85%. Possui grande biodiversidade vegetal e animal, visto que \u00e9 um resqu\u00edcio da mata atl\u00e2ntica no Nordeste. A sua hidrografia \u00e9 representada principalmente pela represa de Vaca Brava, reservat\u00f3rio que abastece alguns munic\u00edpios da Microrregi\u00e3o do brejo paraibano.<\/p>\n\n\n<div class=\"wp-block-image\">\n<figure class=\"aligncenter size-full is-resized\"><img loading=\"lazy\" decoding=\"async\" width=\"200\" height=\"150\" src=\"https:\/\/www.cca.ufpb.br\/bscca\/wp-content\/uploads\/sites\/128\/sites\/275\/2025\/04\/cf986d6a-fa66-4dae-992b-335371089ab6.jpeg\" alt=\"\" class=\"wp-image-195\" style=\"width:351px;height:auto\"\/><\/figure>\n<\/div>\n\n\n<p><\/p>\n\n\n\n<p>Como j\u00e1 citado, a mata do Pau-Ferro era pertencente a mata atl\u00e2ntica, mas devido \u00e0 crescente influ\u00eancia antr\u00f3pica, a \u00e1rea foi constantemente desmatada e ocupada para atividades agr\u00edcolas para produ\u00e7\u00e3o de cana-dea\u00e7\u00facar.&nbsp;<img decoding=\"async\" src=\"http:\/\/plone.ufpb.br\/bscca\/contents\/imagens\/MataPauferro.jpg\/@@images\/cf986d6a-fa66-4dae-992b-335371089ab6.jpeg\" alt=\"\">Apenas em 1937 a \u00e1rea foi adquirida pelo Estado da Para\u00edba, desapropriando dos engenhos. Em 1992, atrav\u00e9s do decreto 14.842, a \u00e1rea passa&nbsp;ser considerada como reserva ecol\u00f3gica e administrada pela Superintend\u00eancia de Administra\u00e7\u00e3o do Meio Ambiente (SUDEMA), com o objetivo de:<\/p>\n\n\n\n<p>a) Preservar a Diversidade Biol\u00f3gica dos Ecossistemas no estado de evolu\u00e7\u00e3o livre, com um m\u00ednimo de interfer\u00eancia direta ou indireta do homem;<\/p>\n\n\n\n<p>b) Incentivar a obten\u00e7\u00e3o de conhecimentos, mediante pesquisas e estudos de car\u00e1ter biol\u00f3gico ou ecol\u00f3gico;<\/p>\n\n\n\n<p>c) Proteger esp\u00e9cies raras, end\u00eamicas, vulner\u00e1veis ou em perigo de extin\u00e7\u00e3o;<\/p>\n\n\n\n<p>d) Preservar os recursos da biota*;<\/p>\n\n\n\n<p>e) Contribuir para o monitoramento ambiental, fornecendo par\u00e2metros relativos a uma \u00e1rea pouco ou nada afetada por a\u00e7\u00f5es antr\u00f3picas;<\/p>\n\n\n\n<p>f) Proteger a bacia e os recursos h\u00eddricos da \u00e1rea;<\/p>\n\n\n\n<p>g) Promover a educa\u00e7\u00e3o ambiental da comunidade local, a fim de compatibilizar o manejo com as finalidades da Reserva (Para\u00edba, 1992).<\/p>\n\n\n\n<p><\/p>\n\n\n<div class=\"wp-block-image\">\n<figure class=\"aligncenter size-full is-resized\"><img loading=\"lazy\" decoding=\"async\" width=\"172\" height=\"230\" src=\"https:\/\/www.cca.ufpb.br\/bscca\/wp-content\/uploads\/sites\/128\/sites\/275\/2025\/04\/22a2af0d-578b-4569-b42a-89350ff7baaf.jpeg\" alt=\"\" class=\"wp-image-197\" style=\"width:238px;height:auto\"\/><\/figure>\n<\/div>\n\n\n<p><\/p>\n\n\n\n<p class=\" \">Atrav\u00e9s do decreto n\u00ba 26.098, de 4 de agosto de 2005, o governo da Para\u00edba categorizou a reserva ecol\u00f3gica como parque estadual.&nbsp;A mata do Pau-Ferro representa 1% da floresta dos brejos de altitude e apresenta uma grande biodiversidade, sendo reconhecida por institui\u00e7\u00f5es nacionais e internacionais como uma \u00e1rea de conserva\u00e7\u00e3o de esp\u00e9cies amea\u00e7adas, por apresentar esp\u00e9cies end\u00eamicas, como a BirdLife International e a SAVE Brasil., institui\u00e7\u00f5es focadas da preserva\u00e7\u00e3o de aves. Tamb\u00e9m \u00e9 uma \u00e1rea de conserva\u00e7\u00e3o de afluentes da bacia do Rio Mamanguape, a represa Vaca Brava.<\/p>\n\n\n\n<p>&nbsp; &nbsp; &nbsp;Apresenta tamb\u00e9m import\u00e2ncias econ\u00f4micas para a comunidade Ch\u00e3 de Jardim, que conseguem remunera\u00e7\u00e3o desenvolvendo atividades de turismo rural no parque para os visitantes. Tamb\u00e9m \u00e9 usada como fonte de pesquisa de trabalhos cient\u00edficos e atividades educativas.<\/p>\n\n\n\n<p>&nbsp;* S\u00e3o todas as esp\u00e9cies de plantas e animais existentes dentro de uma determinada \u00e1rea.<\/p>\n\n\n<div class=\"wp-block-image\">\n<figure class=\"aligncenter size-full\"><img loading=\"lazy\" decoding=\"async\" width=\"1024\" height=\"768\" src=\"https:\/\/www.cca.ufpb.br\/bscca\/wp-content\/uploads\/sites\/128\/sites\/275\/2025\/04\/WhatsAppImage20200922at11.53.03.jpeg\" alt=\"\" class=\"wp-image-199\" srcset=\"https:\/\/www.cca.ufpb.br\/bscca\/wp-content\/uploads\/sites\/128\/sites\/275\/2025\/04\/WhatsAppImage20200922at11.53.03.jpeg 1024w, https:\/\/www.cca.ufpb.br\/bscca\/wp-content\/uploads\/sites\/128\/sites\/275\/2025\/04\/WhatsAppImage20200922at11.53.03-300x225.jpeg 300w, https:\/\/www.cca.ufpb.br\/bscca\/wp-content\/uploads\/sites\/128\/sites\/275\/2025\/04\/WhatsAppImage20200922at11.53.03-768x576.jpeg 768w\" sizes=\"auto, (max-width: 1024px) 100vw, 1024px\" \/><\/figure>\n<\/div>\n\n\n<p><\/p>\n\n\n\n<p><\/p>\n\n\n\n<p><strong>REFER\u00caNCIAS<\/strong><\/p>\n\n\n\n<p>ARA\u00cdBA, Decreto n.\u00ba 14.832, de 19 de outubro de 1992. Dispon\u00edvel em: &lt; https:\/\/documentacao.socioambiental.org\/ato_normativo\/UC\/4431_20200510_192819.pdf &gt;. Acesso em: 13 de agosto de 2020.<\/p>\n\n\n\n<p>.<\/p>\n\n\n\n<p>BARBOSA, Maria Regina de V., et. Al. Diversidade Flor\u00edstica na Mata do Pau-Ferro, Areia, PB. Dispon\u00edvel em: &lt; https:\/\/www.mma.gov.br\/estruturas\/chm\/_arquivos\/parte4_brejos.pdf &gt;. Acesso em: 13 de agosto de 2020.<\/p>\n\n\n\n<p>.<\/p>\n\n\n\n<p>GASTRONOMIA e turismo sustentam comunidade no Brejo da Para\u00edba. Globo.com. Dispon\u00edvel em: &lt; http:\/\/g1.globo.com\/pb\/paraiba\/noticia\/2014\/07\/gastronomia-e-turismo-sustentamcomunidade-nobrejo-da-paraiba.html &gt;. Acesso em: 13 de agosto de 2020.<\/p>\n\n\n\n<p>.<\/p>\n\n\n\n<p>Parque estadual mata do pau de ferro. Blog do professor Valnir. Dispon\u00edvel em: &lt; http:\/\/professorvalnir.blogspot.com\/2017\/02\/parque-estadual-mata-do-pau-ferro.html &gt;. Acesso em: 13 de agosto de 2020.<\/p>\n\n\n\n<p>.<\/p>\n\n\n\n<p>Parque estadual mata do pau de ferro. Para\u00edba criativa. Dispon\u00edvel em: &lt; https:\/\/www.paraibacriativa.com.br\/artista\/parque-estadual-mata-do-pau-ferro\/ &gt;. Acesso em: 13 de agosto de 2020.<\/p>\n\n\n\n<p>Texto: Aline Feliciano Martins<\/p>\n\n\n\n<p>Revis\u00e3o: Jhonatan do Nascimento Silva<\/p>\n","protected":false},"excerpt":{"rendered":"<p>&nbsp; O Parque Estadual Mata do Pau-Ferro \u00e9 um patrim\u00f4nio ecol\u00f3gico paraibano, localizado no munic\u00edpio de Areia, ocupando cerca de 600 hectares do S\u00edtio Vaca Brava. Apresenta caracter\u00edsticas clim\u00e1ticas tipicamente do brejo paraibano, com temperatura m\u00e9dia de 22\u00baC e umidade relativa em torno de 85%. Possui grande biodiversidade vegetal e animal, visto que \u00e9 um [&hellip;]<\/p>\n","protected":false},"author":63,"featured_media":0,"parent":0,"menu_order":0,"comment_status":"closed","ping_status":"closed","template":"","meta":{"_acf_changed":false,"footnotes":""},"class_list":["post-189","page","type-page","status-publish","hentry"],"acf":[],"_links":{"self":[{"href":"https:\/\/www.cca.ufpb.br\/bscca\/wp-json\/wp\/v2\/pages\/189","targetHints":{"allow":["GET"]}}],"collection":[{"href":"https:\/\/www.cca.ufpb.br\/bscca\/wp-json\/wp\/v2\/pages"}],"about":[{"href":"https:\/\/www.cca.ufpb.br\/bscca\/wp-json\/wp\/v2\/types\/page"}],"author":[{"embeddable":true,"href":"https:\/\/www.cca.ufpb.br\/bscca\/wp-json\/wp\/v2\/users\/63"}],"replies":[{"embeddable":true,"href":"https:\/\/www.cca.ufpb.br\/bscca\/wp-json\/wp\/v2\/comments?post=189"}],"version-history":[{"count":4,"href":"https:\/\/www.cca.ufpb.br\/bscca\/wp-json\/wp\/v2\/pages\/189\/revisions"}],"predecessor-version":[{"id":200,"href":"https:\/\/www.cca.ufpb.br\/bscca\/wp-json\/wp\/v2\/pages\/189\/revisions\/200"}],"wp:attachment":[{"href":"https:\/\/www.cca.ufpb.br\/bscca\/wp-json\/wp\/v2\/media?parent=189"}],"curies":[{"name":"wp","href":"https:\/\/api.w.org\/{rel}","templated":true}]}}