{"id":185,"date":"2025-04-01T10:38:03","date_gmt":"2025-04-01T13:38:03","guid":{"rendered":"https:\/\/www.cca.ufpb.br\/bscca2\/?page_id=185"},"modified":"2025-04-01T10:38:58","modified_gmt":"2025-04-01T13:38:58","slug":"abdon-felinto-milanez-filho","status":"publish","type":"page","link":"https:\/\/www.cca.ufpb.br\/bscca\/abdon-felinto-milanez-filho\/","title":{"rendered":"Abdon Felinto Milanez Filho"},"content":{"rendered":"\n<p><\/p>\n\n\n<div class=\"wp-block-image\">\n<figure class=\"aligncenter size-full is-resized\"><img loading=\"lazy\" decoding=\"async\" width=\"230\" height=\"230\" src=\"https:\/\/www.cca.ufpb.br\/bscca\/wp-content\/uploads\/sites\/128\/sites\/275\/2025\/04\/9845e75b-72a0-45e8-ba4a-40d2164eaf38.jpeg\" alt=\"\" class=\"wp-image-187\" style=\"width:267px;height:auto\" srcset=\"https:\/\/www.cca.ufpb.br\/bscca\/wp-content\/uploads\/sites\/128\/sites\/275\/2025\/04\/9845e75b-72a0-45e8-ba4a-40d2164eaf38.jpeg 230w, https:\/\/www.cca.ufpb.br\/bscca\/wp-content\/uploads\/sites\/128\/sites\/275\/2025\/04\/9845e75b-72a0-45e8-ba4a-40d2164eaf38-150x150.jpeg 150w\" sizes=\"auto, (max-width: 230px) 100vw, 230px\" \/><\/figure>\n<\/div>\n\n\n<p><\/p>\n\n\n\n<p><\/p>\n\n\n<p>Abdon Felinto Milanez nasceu no munic\u00edpio de Areia no dia 10 de agosto de 1858. Filho do pol\u00edtico Abdon Milanez e da dona Gracinda de Brito Cotegipe, Milanez, tem ascend\u00eancia portuguesa e italiana. Faleceu no dia 01 de abril de 1927.<\/p>\n<p>Uma pessoa muito inteligente, mudou-se para o Rio de Janeiro ainda muito jovem, tendo cursado medicina e formando-se como engenheiro civil em 1880. Iniciou sua carreira art\u00edstica como compositor teatral. Escrevia operetas e revistas representadas com sucesso nos teatros Sant\u2019Ana, Lucinda, Apolo, F\u00eanix, e outros. Sua primeira obra, a opereta \u201cDonzela Teodora\u201d, com libreto de Arthur Azevedo, estreou no Teatro Sant\u2019Ana, em mar\u00e7o de 1886.<\/p>\n<p>Como compositor, escreveu a \u00f3pera \u201cPrimizie\u201d, com libreto de Heitor Malagutti, onde estreou em 1904, no Rio de Janeiro. Comp\u00f4s ainda o \u201cHino da aboli\u00e7\u00e3o\u201d, a \u201cMarcha da imprensa\u201d, para orquestra e coros, e ainda m\u00fasicas sacras-missas, te-d\u00e9ums, ladainhas, que eram geralmente executadas na igreja da Cruz dos Militares. Um dos feitos incr\u00edveis como m\u00fasico, entre v\u00e1rias composi\u00e7\u00f5es, foi o criar a letra do Hino da Para\u00edba.<\/p>\n<p>Abdon Felinto Milanez criou partituras para operetas e revistas, comp\u00f4s marchas, valsas, quadrilhas, lundus, entre outros g\u00eaneros populares. Foi s\u00f3cio fundador do Instituto Hist\u00f3rico e Geogr\u00e1fico da Para\u00edba (IHGP) em 1925. Abdon foi agraciado com v\u00e1rias honras ao longo de sua carreira, entre elas Oficial da Ordem da Coroa, pelo rei Alberto I da B\u00e9lgica, e Cavalheiro da Ordem do M\u00e9rito, na It\u00e1lia.<\/p>\n<p>REFER\u00caNCIAS<\/p>\n<p>ABDON felinto Milanez. Invent\u00e1rio. Para\u00edba criativa. Jo\u00e3o Pessoa: UFPB, 2016. Dispon\u00edvel em: https:\/\/www.paraibacriativa.com.br\/artista\/abdon-felinto-milanez\/. Acesso em: 19 set. 2020.<br \/>.<br \/>LOPES, Raimundo H\u00e9lio. Abdon Felinto Milanez. Dispon\u00edvel em: http:\/\/cpdoc.fgv.br\/sites\/default\/files\/verbetes\/primeira-republica\/MILANEZ,%20Abdon%20Felinto.pdf. Acesso em: 19 set. 2020.<\/p>\n<p>Texto: Dami\u00e3o Ramos Oliveira da Silva<br \/>Revis\u00e3o: Jhonatan do Nascimento Silva<br \/>Foto: Site Para\u00edba criativa<\/p>","protected":false},"excerpt":{"rendered":"<p>Abdon Felinto Milanez nasceu no munic\u00edpio de Areia no dia 10 de agosto de 1858. Filho do pol\u00edtico Abdon Milanez e da dona Gracinda de Brito Cotegipe, Milanez, tem ascend\u00eancia portuguesa e italiana. Faleceu no dia 01 de abril de 1927. Uma pessoa muito inteligente, mudou-se para o Rio de Janeiro ainda muito jovem, tendo [&hellip;]<\/p>\n","protected":false},"author":63,"featured_media":0,"parent":0,"menu_order":0,"comment_status":"closed","ping_status":"closed","template":"","meta":{"_acf_changed":false,"footnotes":""},"class_list":["post-185","page","type-page","status-publish","hentry"],"acf":[],"_links":{"self":[{"href":"https:\/\/www.cca.ufpb.br\/bscca\/wp-json\/wp\/v2\/pages\/185","targetHints":{"allow":["GET"]}}],"collection":[{"href":"https:\/\/www.cca.ufpb.br\/bscca\/wp-json\/wp\/v2\/pages"}],"about":[{"href":"https:\/\/www.cca.ufpb.br\/bscca\/wp-json\/wp\/v2\/types\/page"}],"author":[{"embeddable":true,"href":"https:\/\/www.cca.ufpb.br\/bscca\/wp-json\/wp\/v2\/users\/63"}],"replies":[{"embeddable":true,"href":"https:\/\/www.cca.ufpb.br\/bscca\/wp-json\/wp\/v2\/comments?post=185"}],"version-history":[{"count":2,"href":"https:\/\/www.cca.ufpb.br\/bscca\/wp-json\/wp\/v2\/pages\/185\/revisions"}],"predecessor-version":[{"id":188,"href":"https:\/\/www.cca.ufpb.br\/bscca\/wp-json\/wp\/v2\/pages\/185\/revisions\/188"}],"wp:attachment":[{"href":"https:\/\/www.cca.ufpb.br\/bscca\/wp-json\/wp\/v2\/media?parent=185"}],"curies":[{"name":"wp","href":"https:\/\/api.w.org\/{rel}","templated":true}]}}