{"id":178,"date":"2025-04-01T10:33:10","date_gmt":"2025-04-01T13:33:10","guid":{"rendered":"https:\/\/www.cca.ufpb.br\/bscca2\/?page_id=178"},"modified":"2025-05-30T09:02:30","modified_gmt":"2025-05-30T12:02:30","slug":"ze-pituca-o-mestre-do-barro","status":"publish","type":"page","link":"https:\/\/www.cca.ufpb.br\/bscca\/ze-pituca-o-mestre-do-barro\/","title":{"rendered":"Z\u00e9 Pituca: o mestre do barro"},"content":{"rendered":"\n<p><\/p>\n\n\n<div class=\"wp-block-image\">\n<figure class=\"aligncenter size-full is-resized\"><img loading=\"lazy\" decoding=\"async\" width=\"230\" height=\"230\" src=\"https:\/\/www.cca.ufpb.br\/bscca\/wp-content\/uploads\/sites\/128\/sites\/275\/2025\/04\/9e7d1b06-a0cb-47c8-8b3c-b85c72d1bacd.png\" alt=\"\" class=\"wp-image-180\" style=\"width:268px;height:auto\" srcset=\"https:\/\/www.cca.ufpb.br\/bscca\/wp-content\/uploads\/sites\/128\/sites\/275\/2025\/04\/9e7d1b06-a0cb-47c8-8b3c-b85c72d1bacd.png 230w, https:\/\/www.cca.ufpb.br\/bscca\/wp-content\/uploads\/sites\/128\/sites\/275\/2025\/04\/9e7d1b06-a0cb-47c8-8b3c-b85c72d1bacd-150x150.png 150w\" sizes=\"auto, (max-width: 230px) 100vw, 230px\" \/><\/figure>\n<\/div>\n\n<p>\u00a0 \u00a0 \u00a0 \u00a0Jos\u00e9 F\u00e1bio Vicente da Silva, natural de Areia na Para\u00edba, tem 57 anos. Z\u00e9 Pituca, como \u00e9 conhecido, \u00e9 artista pl\u00e1stico e enche a terra de orgulho. Sua obra vem do barro que se deixa moldar em suas m\u00e3os transformando-se em arte cheia de encantos e detalhes. Z\u00e9 Pituca ganhou o apelido ainda crian\u00e7a, por andar sempre nu pela cidade, devido a falta de dinheiro para possuir roupas. Levou o barro da sua inf\u00e2ncia como profiss\u00e3o o destino daquele menino que nasceu no brejo paraibano.<\/p>\n\n<div class=\"wp-block-image\">\n<figure class=\"alignleft size-full is-resized\"><img loading=\"lazy\" decoding=\"async\" width=\"152\" height=\"200\" src=\"https:\/\/www.cca.ufpb.br\/bscca\/wp-content\/uploads\/sites\/128\/sites\/275\/2025\/04\/def9df43-9ddf-46e3-a009-36aeea003101.jpeg\" alt=\"\" class=\"wp-image-182\" style=\"aspect-ratio:9\/16;object-fit:cover;width:199px;height:auto\" \/><\/figure>\n<\/div>\n\n\n<p><\/p>\n\n\n\n<p>       Suas obras est\u00e3o expostas no Casar\u00e3o Jos\u00e9 Rufino, mas ele as vende no com\u00e9rcio da cidade, tamb\u00e9m ministra oficinas e participa de eventos com outros artistas.<\/p>\n\n\n\n<p>       Em 2013, Z\u00e9 Pituca ganhou o pr\u00eamio na Feira Nacional de Neg\u00f3cios do Artesanato (Fenearte) em Recife\/PE com a\u00a0pe\u00e7a intitulada Armagedon que possui 40cm de altura. Para ele falar do barro \u00e9 trazer de volta as mem\u00f3rias da inf\u00e2ncia pobre e se reencontrar com o artista estiloso de hoje.<\/p>\n\n\n\n<p><\/p>\n\n\n\n<p style=\"font-size:14px\"><strong>Texto: <\/strong>Edilson Targino de Melo Filho<br><strong>Revis\u00e3o: <\/strong>Juccia Nathielle do Nacimento Oliveira<\/p>\n","protected":false},"excerpt":{"rendered":"<p>\u00a0 \u00a0 \u00a0 \u00a0Jos\u00e9 F\u00e1bio Vicente da Silva, natural de Areia na Para\u00edba, tem 57 anos. Z\u00e9 Pituca, como \u00e9 conhecido, \u00e9 artista pl\u00e1stico e enche a terra de orgulho. Sua obra vem do barro que se deixa moldar em suas m\u00e3os transformando-se em arte cheia de encantos e detalhes. Z\u00e9 Pituca ganhou o apelido [&hellip;]<\/p>\n","protected":false},"author":63,"featured_media":0,"parent":0,"menu_order":0,"comment_status":"closed","ping_status":"closed","template":"","meta":{"_acf_changed":false,"footnotes":""},"class_list":["post-178","page","type-page","status-publish","hentry"],"acf":[],"_links":{"self":[{"href":"https:\/\/www.cca.ufpb.br\/bscca\/wp-json\/wp\/v2\/pages\/178","targetHints":{"allow":["GET"]}}],"collection":[{"href":"https:\/\/www.cca.ufpb.br\/bscca\/wp-json\/wp\/v2\/pages"}],"about":[{"href":"https:\/\/www.cca.ufpb.br\/bscca\/wp-json\/wp\/v2\/types\/page"}],"author":[{"embeddable":true,"href":"https:\/\/www.cca.ufpb.br\/bscca\/wp-json\/wp\/v2\/users\/63"}],"replies":[{"embeddable":true,"href":"https:\/\/www.cca.ufpb.br\/bscca\/wp-json\/wp\/v2\/comments?post=178"}],"version-history":[{"count":8,"href":"https:\/\/www.cca.ufpb.br\/bscca\/wp-json\/wp\/v2\/pages\/178\/revisions"}],"predecessor-version":[{"id":742,"href":"https:\/\/www.cca.ufpb.br\/bscca\/wp-json\/wp\/v2\/pages\/178\/revisions\/742"}],"wp:attachment":[{"href":"https:\/\/www.cca.ufpb.br\/bscca\/wp-json\/wp\/v2\/media?parent=178"}],"curies":[{"name":"wp","href":"https:\/\/api.w.org\/{rel}","templated":true}]}}