{"id":170,"date":"2025-04-01T10:30:11","date_gmt":"2025-04-01T13:30:11","guid":{"rendered":"https:\/\/www.cca.ufpb.br\/bscca2\/?page_id=170"},"modified":"2025-04-01T10:30:53","modified_gmt":"2025-04-01T13:30:53","slug":"hotel-bruxaxa","status":"publish","type":"page","link":"https:\/\/www.cca.ufpb.br\/bscca\/hotel-bruxaxa\/","title":{"rendered":"Hotel Bruxax\u00e1"},"content":{"rendered":"\n<p><\/p>\n\n\n<div class=\"wp-block-image\">\n<figure class=\"aligncenter size-full is-resized\"><img loading=\"lazy\" decoding=\"async\" width=\"400\" height=\"400\" src=\"https:\/\/www.cca.ufpb.br\/bscca\/wp-content\/uploads\/sites\/128\/sites\/275\/2025\/04\/35ad6fe0-2abd-4a3e-bd5b-b10c3ec6b82b.jpeg\" alt=\"\" class=\"wp-image-172\" style=\"width:406px;height:auto\" srcset=\"https:\/\/www.cca.ufpb.br\/bscca\/wp-content\/uploads\/sites\/128\/sites\/275\/2025\/04\/35ad6fe0-2abd-4a3e-bd5b-b10c3ec6b82b.jpeg 400w, https:\/\/www.cca.ufpb.br\/bscca\/wp-content\/uploads\/sites\/128\/sites\/275\/2025\/04\/35ad6fe0-2abd-4a3e-bd5b-b10c3ec6b82b-300x300.jpeg 300w, https:\/\/www.cca.ufpb.br\/bscca\/wp-content\/uploads\/sites\/128\/sites\/275\/2025\/04\/35ad6fe0-2abd-4a3e-bd5b-b10c3ec6b82b-150x150.jpeg 150w\" sizes=\"auto, (max-width: 400px) 100vw, 400px\" \/><\/figure>\n<\/div>\n\n<p>\u00a0<\/p>\n<p>Localizado na cidade de Areia, o Hotel Bruxax\u00e1 foi constru\u00eddo nos anos 80. Por muitos anos foi frequentado por turistas que buscavam o clima ameno do brejo paraibano tornando-se assim, um \u00edcone da cidade.<\/p>\n<p>Constru\u00eddo em uma \u00e1rea de aproximadamente 3.35 hectares, o edif\u00edcio de mais de 3.000 m\u00b2 encontra-se hoje abandonado. Por falta de pol\u00edticas voltadas para o turismo, seu funcionamento tornou-se invi\u00e1vel. Algumas tentativas de reabertura j\u00e1 foram feitas por uma empresa estatal e em meados dos anos 2010, at\u00e9 mesmo o Governo da Para\u00edba j\u00e1 tentou em parceria com o Governo Federal ceder o pr\u00e9dio para a implanta\u00e7\u00e3o do Campus Areia do Instituto Federal da Para\u00edba, por\u00e9m, tal medida n\u00e3o prosperou.<\/p>\n<p>O nome Bruxax\u00e1 remonta \u00e0 antiga designa\u00e7\u00e3o da cidade de Areia, Sert\u00e3o de Bruxax\u00e1. De acordo com Moraes (2008, p. 30) \u201ca cidade de Areia, cujo s\u00edtio de implanta\u00e7\u00e3o era conhecido em seus prim\u00f3rdio como Sert\u00e3o de Bruxax\u00e1, foi ocupada a partir do s\u00e9culo XVII pelos colonizadores\u201d. Ainda segundo Moraes (2008, p. 21), a origem do nome remonta \u00e0 fixa\u00e7\u00e3o tempor\u00e1ria de um grupo ind\u00edgena de nome Bruxax\u00e1 na \u00e1rea onde hoje se localiza a cidade de Areia \u201cpor viverem no interior da Capitania, os \u00edndios Bruxax\u00e1, da fam\u00edlia lingu\u00edstica Cariri, tiveram pouco contato com os europeus durante o primeiro s\u00e9culo de explora\u00e7\u00e3o\u201d.<\/p>\n<p>De acordo com o site Turismo em Foco, o Hotel Fazenda Bruxax\u00e1 dispunha de 34 quartos, lavanderia, orquid\u00e1rio e dois sal\u00f5es de conven\u00e7\u00f5es, um com 80 e o outro com 130 lugares, o que nos permite imaginar o que representava este hotel para a economia da cidade quando estava em pleno funcionamento, bem como a quantidade de hist\u00f3rias, mem\u00f3rias e de personagens que j\u00e1 percorreram suas depend\u00eancias. Hoje, em total abandono, ele est\u00e1 ocupado por algumas fam\u00edlias, dentre elas a de seu Jos\u00e9, que trabalhava no hotel como jardineiro, e que certamente carrega na mem\u00f3ria muitas hist\u00f3rias do local.<\/p>\n<p>REFER\u00caNCIAS<\/p>\n<p>MORAES, C. G. M. S. Areia-Para\u00edba: morfologia e desenvolvimento urbano (s\u00e9culos XVIII, XIX e XX). 2008. 223 f. Disserta\u00e7\u00e3o-(Mestrado em Desenvolvimento Urbano). Centro de Artes e Comunica\u00e7\u00e3o. Universidade Federal de Pernambuco, Recife, 2008. Dispon\u00edvel em: https:\/\/repositorio.ufpe.br\/bitstream\/123456789\/3056\/1\/arquivo2249_1.pdf. Acesso em 25 maio 2020.<\/p>\n<p>PASSOS, Rafael. Hotel Bruxax\u00e1: do glamour ao abandono. Turismo em Foco, 2018. Dispon\u00edvel em: https:\/\/turismoemfoco.com.br\/v1\/2018\/07\/31\/hotel-bruxaxa-do-glamour-ao-abandono\/. Acesso em 25 maio 2020.<br \/>.<br \/>Texto<br \/>Magn\u00f3lia Felix de Ara\u00fajo<br \/>Bibliotec\u00e1ria<br \/>.<br \/>Imagem<br \/>Rafael Passos<\/p>","protected":false},"excerpt":{"rendered":"<p>\u00a0 Localizado na cidade de Areia, o Hotel Bruxax\u00e1 foi constru\u00eddo nos anos 80. Por muitos anos foi frequentado por turistas que buscavam o clima ameno do brejo paraibano tornando-se assim, um \u00edcone da cidade. Constru\u00eddo em uma \u00e1rea de aproximadamente 3.35 hectares, o edif\u00edcio de mais de 3.000 m\u00b2 encontra-se hoje abandonado. Por falta [&hellip;]<\/p>\n","protected":false},"author":63,"featured_media":0,"parent":0,"menu_order":0,"comment_status":"closed","ping_status":"closed","template":"","meta":{"_acf_changed":false,"footnotes":""},"class_list":["post-170","page","type-page","status-publish","hentry"],"acf":[],"_links":{"self":[{"href":"https:\/\/www.cca.ufpb.br\/bscca\/wp-json\/wp\/v2\/pages\/170","targetHints":{"allow":["GET"]}}],"collection":[{"href":"https:\/\/www.cca.ufpb.br\/bscca\/wp-json\/wp\/v2\/pages"}],"about":[{"href":"https:\/\/www.cca.ufpb.br\/bscca\/wp-json\/wp\/v2\/types\/page"}],"author":[{"embeddable":true,"href":"https:\/\/www.cca.ufpb.br\/bscca\/wp-json\/wp\/v2\/users\/63"}],"replies":[{"embeddable":true,"href":"https:\/\/www.cca.ufpb.br\/bscca\/wp-json\/wp\/v2\/comments?post=170"}],"version-history":[{"count":2,"href":"https:\/\/www.cca.ufpb.br\/bscca\/wp-json\/wp\/v2\/pages\/170\/revisions"}],"predecessor-version":[{"id":173,"href":"https:\/\/www.cca.ufpb.br\/bscca\/wp-json\/wp\/v2\/pages\/170\/revisions\/173"}],"wp:attachment":[{"href":"https:\/\/www.cca.ufpb.br\/bscca\/wp-json\/wp\/v2\/media?parent=170"}],"curies":[{"name":"wp","href":"https:\/\/api.w.org\/{rel}","templated":true}]}}