{"id":142,"date":"2025-04-01T09:31:56","date_gmt":"2025-04-01T12:31:56","guid":{"rendered":"https:\/\/www.cca.ufpb.br\/bscca2\/?page_id=142"},"modified":"2025-05-30T10:45:13","modified_gmt":"2025-05-30T13:45:13","slug":"documentos","status":"publish","type":"page","link":"https:\/\/www.cca.ufpb.br\/bscca\/documentos\/","title":{"rendered":"Documentos"},"content":{"rendered":"\n<pre class=\"wp-block-verse has-text-align-center has-cyan-bluish-gray-background-color has-background has-medium-font-size\"><strong>DOCUMENTOS IMPORTANTES PARA CONCLUINTES <\/strong><\/pre>\n\n\n\n<p><\/p>\n\n\n\n<p><a href=\"https:\/\/docs.google.com\/document\/d\/105jWwLBWWC4OevvSKMj69lhuR0YI4sdR\/edit?usp=sharing&amp;ouid=103177461272345338759&amp;rtpof=true&amp;sd=true\" data-type=\"link\" data-id=\"https:\/\/docs.google.com\/document\/d\/105jWwLBWWC4OevvSKMj69lhuR0YI4sdR\/edit?usp=sharing&amp;ouid=103177461272345338759&amp;rtpof=true&amp;sd=true\" target=\"_blank\" rel=\"noreferrer noopener\">Termo de autoriza\u00e7\u00e3o de publica\u00e7\u00e3o &#8211; TCC (Gradua\u00e7\u00e3o)<\/a> &#8211; Autorizar publica\u00e7\u00e3o de Trabalhos de conclus\u00e3o de curso no Reposit\u00f3rio Institucional da UFPB.<\/p>\n\n\n\n<p><\/p>\n\n\n\n<pre class=\"wp-block-verse has-text-align-center has-cyan-bluish-gray-background-color has-background has-medium-font-size\"><strong>TEMPLATES - TRABALHOS DE CONCLUS\u00c3O DE CURSO<\/strong><\/pre>\n\n\n\n<p><\/p>\n\n\n\n<p><a href=\"https:\/\/docs.google.com\/document\/d\/1RsReYoDSoMwFEmTKdB2_mLj0aIoeCtRM\/edit?usp=sharing&amp;ouid=103177461272345338759&amp;rtpof=true&amp;sd=true\" data-type=\"link\" data-id=\"https:\/\/docs.google.com\/document\/d\/1RsReYoDSoMwFEmTKdB2_mLj0aIoeCtRM\/edit?usp=sharing&amp;ouid=103177461272345338759&amp;rtpof=true&amp;sd=true\" target=\"_blank\" rel=\"noreferrer noopener\">Template TCC<\/a> &#8211; Utilizado para qualquer tipo de Trabalho de Conclus\u00e3o de Curso.<\/p>\n\n\n\n<p><a href=\"https:\/\/docs.google.com\/document\/d\/1OwEn1NqyQQEADiMdKlxu3kADthFkDwn2\/edit?usp=sharing&amp;ouid=103177461272345338759&amp;rtpof=true&amp;sd=true\" data-type=\"link\" data-id=\"https:\/\/docs.google.com\/document\/d\/1OwEn1NqyQQEADiMdKlxu3kADthFkDwn2\/edit?usp=sharing&amp;ouid=103177461272345338759&amp;rtpof=true&amp;sd=true\" target=\"_blank\" rel=\"noreferrer noopener\">Template &#8211; Artigo Cient\u00edfico<\/a> &#8211; Utilizado para Trabalho de Conclus\u00e3o de Curso no formato de artigo cient\u00edfico.<\/p>\n\n\n\n<p><a href=\"https:\/\/docs.google.com\/document\/d\/1TS_4VCFxoO4CX9M1S2q6EVQLdb6rnEoy\/edit?usp=sharing&amp;ouid=103177461272345338759&amp;rtpof=true&amp;sd=true\" data-type=\"link\" data-id=\"https:\/\/docs.google.com\/document\/d\/1TS_4VCFxoO4CX9M1S2q6EVQLdb6rnEoy\/edit?usp=sharing&amp;ouid=103177461272345338759&amp;rtpof=true&amp;sd=true\" target=\"_blank\" rel=\"noreferrer noopener\">Template &#8211; Relato de Caso<\/a> &#8211; Utilizado para Trabalho de Conclus\u00e3o de Curso no formato de estudo de caso.<\/p>\n\n\n\n<p><a href=\"https:\/\/docs.google.com\/document\/d\/1tMYATolKHNolqbJhrg6YupcjAJ2wCxLa\/edit?usp=sharing&amp;ouid=103177461272345338759&amp;rtpof=true&amp;sd=true\" data-type=\"link\" data-id=\"https:\/\/docs.google.com\/document\/d\/1tMYATolKHNolqbJhrg6YupcjAJ2wCxLa\/edit?usp=sharing&amp;ouid=103177461272345338759&amp;rtpof=true&amp;sd=true\" target=\"_blank\" rel=\"noreferrer noopener\">Template &#8211; Revis\u00e3o de Literatura Sistem\u00e1tica<\/a> &#8211; Utilizado para Trabalho de Conclus\u00e3o de Curso no formato de revis\u00e3o de literatura sistem\u00e1tica.<\/p>\n\n\n\n<p><a href=\"https:\/\/docs.google.com\/document\/d\/1_V0U1gMFOsCpCCNMEcHms5c2LqHIg_31\/edit?usp=sharing&amp;ouid=103177461272345338759&amp;rtpof=true&amp;sd=true\" data-type=\"link\" data-id=\"https:\/\/docs.google.com\/document\/d\/1_V0U1gMFOsCpCCNMEcHms5c2LqHIg_31\/edit?usp=sharing&amp;ouid=103177461272345338759&amp;rtpof=true&amp;sd=true\" target=\"_blank\" rel=\"noreferrer noopener\">Template &#8211; Revis\u00e3o de Literatura Narrativa<\/a> &#8211; Utilizado para Trabalho de Conclus\u00e3o de Curso no formato de revis\u00e3o de literatura narrativa.<\/p>\n\n\n\n<p><a href=\"https:\/\/docs.google.com\/document\/d\/1aQ7g0Mp2dEntUHqA7eOVbzn1JbgTy5Nn\/edit?usp=sharing&amp;ouid=103177461272345338759&amp;rtpof=true&amp;sd=true\" data-type=\"link\" data-id=\"https:\/\/docs.google.com\/document\/d\/1aQ7g0Mp2dEntUHqA7eOVbzn1JbgTy5Nn\/edit?usp=sharing&amp;ouid=103177461272345338759&amp;rtpof=true&amp;sd=true\" target=\"_blank\" rel=\"noreferrer noopener\">Template Disserta\u00e7\u00f5es e Teses &#8211; P\u00f3s-Gradua\u00e7\u00e3o<\/a> &#8211; Utilizado para Trabalho de Conclus\u00e3o de Curso da P\u00f3s-Gradua\u00e7\u00e3o (Disserta\u00e7\u00f5es e Teses).<\/p>\n\n\n\n<p><\/p>\n\n\n\n<pre class=\"wp-block-verse has-text-align-center has-cyan-bluish-gray-background-color has-background has-medium-font-size\"><strong>MANUAIS E TUTORIAS<\/strong><\/pre>\n\n\n\n<p><\/p>\n\n\n\n<p><a href=\"http:\/\/www.cca.ufpb.br\/bscca\/wp-content\/uploads\/sites\/128\/sites\/275\/2025\/05\/ManualAutodepsitoSIGAAUFPBCORRIGIDO1.pdf\" data-type=\"link\" data-id=\"http:\/\/www.cca.ufpb.br\/bscca\/wp-content\/uploads\/sites\/128\/sites\/275\/2025\/05\/ManualAutodepsitoSIGAAUFPBCORRIGIDO1.pdf\" target=\"_blank\" rel=\"noreferrer noopener\">Manual de Auto dep\u00f3sito de Disserta\u00e7\u00f5es\/ Teses via SIGAA<\/a> &#8211; Apresenta os procedimentos necess\u00e1rios para o autodep\u00f3sito dos trabalhos acad\u00eamicos (teses e disserta\u00e7\u00f5es) via SIGAA.<\/p>\n\n\n\n<p><a href=\"http:\/\/www.cca.ufpb.br\/bscca\/wp-content\/uploads\/sites\/128\/sites\/275\/2025\/05\/Manual-TCC-Documento-unico-revisado-versao-21082023.pdf\" data-type=\"link\" data-id=\"http:\/\/www.cca.ufpb.br\/bscca\/wp-content\/uploads\/sites\/128\/sites\/275\/2025\/05\/Manual-TCC-Documento-unico-revisado-versao-21082023.pdf\" target=\"_blank\" rel=\"noreferrer noopener\">Manual para Elabora\u00e7\u00e3o de Trabalhos Acad\u00eamicos dos cursos de Gradua\u00e7\u00e3o do CCA\/UFPB<\/a> &#8211; Apresenta as diretrizes para elabora\u00e7\u00e3o dos Trabalhos de Conclus\u00e3o do Curso de gradua\u00e7\u00e3o do CCA\/UFPB.<\/p>\n\n\n\n<p><\/p>\n\n\n\n<pre class=\"wp-block-verse has-text-align-center has-cyan-bluish-gray-background-color has-background has-medium-font-size\"><strong>OUTROS DOCUMENTOS IMPORTANTES<\/strong><\/pre>\n\n\n\n<p><\/p>\n\n\n\n<p><a href=\"https:\/\/docs.google.com\/document\/d\/1MiJmTqNJAUAlEBiIfq9LVZc3TpkeJsVl\/edit?usp=sharing&amp;ouid=103177461272345338759&amp;rtpof=true&amp;sd=true\" data-type=\"link\" data-id=\"https:\/\/docs.google.com\/document\/d\/1v3JKiBWKKGAasaRNfNHmYuXhImYQtB0y\/edit?usp=drive_link&amp;ouid=103177461272345338759&amp;rtpof=true&amp;sd=true\" target=\"_blank\" rel=\"noreferrer noopener\">Termo de doa\u00e7\u00e3o de materiais bibliogr\u00e1ficos<\/a> &#8211; Transferir os direitos sobre o material doado \u00e0 Biblioteca Setorial do CCA.<\/p>\n\n\n\n<p><a href=\"http:\/\/www.cca.ufpb.br\/bscca\/wp-content\/uploads\/sites\/128\/sites\/275\/2025\/05\/folderbiblioteca1-1.pdf\" data-type=\"link\" data-id=\"http:\/\/www.cca.ufpb.br\/bscca\/wp-content\/uploads\/sites\/128\/sites\/275\/2025\/05\/folderbiblioteca1-1.pdf\" target=\"_blank\" rel=\"noreferrer noopener\">Folder Biblioteca Setorial CCA<\/a> &#8211; Material com os principais servi\u00e7os e produtos oferecidas pela Biblioteca Setorial do CCA<\/p>\n\n\n\n<p><a href=\"http:\/\/www.cca.ufpb.br\/bscca\/wp-content\/uploads\/sites\/128\/sites\/275\/2025\/05\/PlanodecontingnciaBSCCAvers11042022-3.pdf\" data-type=\"link\" data-id=\"http:\/\/www.cca.ufpb.br\/bscca\/wp-content\/uploads\/sites\/128\/sites\/275\/2025\/05\/PlanodecontingnciaBSCCAvers11042022-3.pdf\" target=\"_blank\" rel=\"noreferrer noopener\">Plano de Conting\u00eancia BS CCA<\/a> &#8211; Documento que disponibiliza informa\u00e7\u00f5es sobre procedimentos preventivos e corretivos que garantam \u00e0 comunidade acad\u00eamica o pleno acesso aos servi\u00e7os e produtos da biblioteca.\u00a0<\/p>\n\n\n\n<p><a href=\"https:\/\/repositorio.ufpb.br\/jspui\/handle\/123456789\/26854\" data-type=\"link\" data-id=\"https:\/\/repositorio.ufpb.br\/jspui\/handle\/123456789\/26854\" target=\"_blank\" rel=\"noreferrer noopener\">Carta de Servi\u00e7os ao Usu\u00e1rio<\/a> &#8211; Documento que apresenta todos os servi\u00e7os e produtos de informa\u00e7\u00e3o oferecidos pela Biblioteca Setorial.\u00a0<\/p>\n\n\n\n<p><a href=\"http:\/\/www.cca.ufpb.br\/bscca\/wp-content\/uploads\/sites\/128\/sites\/275\/2025\/05\/OrientaesparaindicaesBibliogrficasparaPPCsePlanosdeEnsino.pdf\" data-type=\"link\" data-id=\"http:\/\/www.cca.ufpb.br\/bscca\/wp-content\/uploads\/sites\/128\/sites\/275\/2025\/05\/OrientaesparaindicaesBibliogrficasparaPPCsePlanosdeEnsino.pdf\" target=\"_blank\" rel=\"noreferrer noopener\">Orienta\u00e7\u00f5es para Indica\u00e7\u00f5es bibliogr\u00e1ficas em PPC&#8217;s e Planos de Ensino<\/a> &#8211; Documento que apresenta algumas orienta\u00e7\u00f5es para sinalizar aos docentes os melhores caminhos na indica\u00e7\u00e3o de bibliografias nos Planos de Ensino e nos Projeto Pedag\u00f3gicos dos Cursos.\u00a0<\/p>\n\n\n\n<p><\/p>\n\n\n\n<pre class=\"wp-block-verse has-text-align-center has-cyan-bluish-gray-background-color has-background has-medium-font-size\"><strong>MATERIAIS UTILIZADOS NAS PALESTRAS\/OFICINAS\/TREINAMENTOS <\/strong><\/pre>\n\n\n\n<p><\/p>\n\n\n\n<p><a href=\"https:\/\/drive.google.com\/file\/d\/1Ll2yN63P_xafVbjq8WFUVLpqDYtA1Hv2\/view?usp=sharing\" data-type=\"link\" data-id=\"https:\/\/drive.google.com\/file\/d\/1Ll2yN63P_xafVbjq8WFUVLpqDYtA1Hv2\/view?usp=sharing\" target=\"_blank\" rel=\"noreferrer noopener\">PDF &#8211; Pr\u00e1ticas de ensino cr\u00edtico em bibliotecas<\/a> &#8211; Material utilizado na Webconfer\u00eancia &#8220;Pr\u00e1ticas de ensino cr\u00edtico em bibliotecas [&#8230;]&#8221;, realizada no dia 16 de abril de 2020, por Andrea Doyle.<\/p>\n\n\n\n<p><a href=\"https:\/\/drive.google.com\/file\/d\/1iQ137Bv1yCfnLnQjNI7bybgcyaHNtPE-\/view?usp=sharing\" data-type=\"link\" data-id=\"https:\/\/drive.google.com\/file\/d\/1iQ137Bv1yCfnLnQjNI7bybgcyaHNtPE-\/view?usp=sharing\" target=\"_blank\" rel=\"noreferrer noopener\">PDF &#8211; Pr\u00e1ticas informacionais e a produ\u00e7\u00e3o acad\u00eamica para diversidade <\/a>&#8211; Material utilizado na Webconfer\u00eancia &#8220;Pr\u00e1ticas informacionais [&#8230;]&#8221;, realizada no dia 30 de abril de 2020, por Laelson Felipe<\/p>\n\n\n\n<p><a href=\"https:\/\/drive.google.com\/file\/d\/16Rmh2vjh9SaUZ9TM5P-aK6_L6BeyUB16\/view?usp=sharing\" data-type=\"link\" data-id=\"https:\/\/drive.google.com\/file\/d\/16Rmh2vjh9SaUZ9TM5P-aK6_L6BeyUB16\/view?usp=sharing\" target=\"_blank\" rel=\"noreferrer noopener\">PDF &#8211; Extens\u00e3o em normaliza\u00e7\u00e3o<\/a> &#8211; Material utilizado na Webconfer\u00eancia &#8220;Extens\u00e3o em normaliza\u00e7\u00e3o: a\u00e7\u00f5es metodologias e estrat\u00e9gias&#8221;, realizada no dia 05 de maio de 2020, por Alzira Karla.<\/p>\n\n\n\n<p><a href=\"https:\/\/drive.google.com\/file\/d\/1CxMeVNGNRQXugR_EOmEyOiMwMHpypirS\/view?usp=sharing\" data-type=\"link\" data-id=\"https:\/\/drive.google.com\/file\/d\/1CxMeVNGNRQXugR_EOmEyOiMwMHpypirS\/view?usp=sharing\" target=\"_blank\" rel=\"noreferrer noopener\">PDF &#8211; Preven\u00e7\u00e3o contra covid-19<\/a> &#8211; Material utilizado na WebConfer\u00eancia &#8220;Enfrentamento ao corona v\u00edrus a partir de um estilo de vida ativo e saud\u00e1vel&#8221;, realizada no dia 08 de maio de 2020, por Lourival Gomes.<\/p>\n\n\n\n<p><a href=\"https:\/\/drive.google.com\/file\/d\/10mmhn1sVk1zCRac4yFN0uVtzJp7MTaUj\/view?usp=sharing\" data-type=\"link\" data-id=\"https:\/\/drive.google.com\/file\/d\/10mmhn1sVk1zCRac4yFN0uVtzJp7MTaUj\/view?usp=sharing\" target=\"_blank\" rel=\"noreferrer noopener\">PDF &#8211; Ansiedade em tempos de pandemia<\/a> &#8211; Material utilizado na WebConfer\u00eancia &#8220;Enfrentamento ao corona v\u00edrus a partir de um estilo de vida ativo e saud\u00e1vel&#8221;, realizada no dia 08 de maio de 2020, por Juliana Fagundes.<\/p>\n\n\n\n<p><a href=\"https:\/\/drive.google.com\/file\/d\/1T6Im81iiv78A8-RAGjW7973jpLS_0BKM\/view?usp=sharing\" data-type=\"link\" data-id=\"https:\/\/drive.google.com\/file\/d\/1T6Im81iiv78A8-RAGjW7973jpLS_0BKM\/view?usp=sharing\" target=\"_blank\" rel=\"noreferrer noopener\">PDF -Nutri\u00e7\u00e3o e sa\u00fade<\/a> &#8211; Material utilizado na WebConfer\u00eancia &#8220;Enfrentamento ao corona v\u00edrus a partir de um estilo de vida ativo e saud\u00e1vel&#8221;, realizada no dia 08 de maio de 2020, por Karina Ara\u00fajo.<\/p>\n\n\n\n<p><a href=\"https:\/\/drive.google.com\/file\/d\/13ZB3FmPEPl9kTdpzO8GtuwdwqMpXkRyy\/view?usp=sharing\" data-type=\"link\" data-id=\"https:\/\/drive.google.com\/file\/d\/13ZB3FmPEPl9kTdpzO8GtuwdwqMpXkRyy\/view?usp=sharing\" target=\"_blank\" rel=\"noreferrer noopener\">PDF &#8211; Contribui\u00e7\u00e3o para um estilo de vida saud\u00e1vel<\/a> &#8211; Material utilizado na WebConfer\u00eancia &#8220;Enfrentamento ao corona v\u00edrus a partir de um estilo de vida ativo e saud\u00e1vel&#8221;, realizada no dia 08 de maio de 2020, por Lorena Candido.<\/p>\n\n\n\n<p><a href=\"https:\/\/drive.google.com\/file\/d\/1jHWrHFI7NcD1-EsgwKB1RCAAyfiK12Gx\/view?usp=sharing\" data-type=\"link\" data-id=\"https:\/\/drive.google.com\/file\/d\/1jHWrHFI7NcD1-EsgwKB1RCAAyfiK12Gx\/view?usp=sharing\" target=\"_blank\" rel=\"noreferrer noopener\">PDF &#8211; Fake news e mem\u00f3ria<\/a> &#8211; Indica\u00e7\u00e3o de refer\u00eancias feita por Bernardina Freire na WebConfer\u00eancia &#8220;Fake news e mem\u00f3ria&#8221;, realizada no dia 22 de maio de 2020.<\/p>\n\n\n\n<p><a href=\"https:\/\/drive.google.com\/file\/d\/1wx_HIaxKLARLZX7jmWdexmHjE9bTCxyJ\/view?usp=sharing\" data-type=\"link\" data-id=\"https:\/\/drive.google.com\/file\/d\/1wx_HIaxKLARLZX7jmWdexmHjE9bTCxyJ\/view?usp=sharing\" target=\"_blank\" rel=\"noreferrer noopener\">PDF &#8211; Design da pesquisa <\/a>&#8211; Material utilizado na WebConfer\u00eancia &#8220;Design da pesquisa: como elaborar um projeto?&#8221;, realizada no dia 09 de junho de 2020, por Gabriela Tavares.<\/p>\n\n\n\n<p><a href=\"https:\/\/drive.google.com\/file\/d\/1N1pF0JMF6JlIn2iPsrYGwXyhTNrL7ceW\/view?usp=sharing\" data-type=\"link\" data-id=\"https:\/\/drive.google.com\/file\/d\/1N1pF0JMF6JlIn2iPsrYGwXyhTNrL7ceW\/view?usp=sharing\" target=\"_blank\" rel=\"noreferrer noopener\">PDF &#8211; Introdu\u00e7\u00e3o aos servi\u00e7os de Informa\u00e7\u00e3o da BS CCA<\/a> &#8211; Material utilizado no treinamento &#8220;Introdu\u00e7\u00e3o aos servi\u00e7os de Informa\u00e7\u00e3o da Biblioteca Setorial&#8221;<\/p>\n\n\n\n<p><a href=\"https:\/\/drive.google.com\/file\/d\/1j3MsPnIrT4lUoXG-Aj8JrBCnVtP4L1nz\/view?usp=sharing\" data-type=\"link\" data-id=\"https:\/\/drive.google.com\/file\/d\/1j3MsPnIrT4lUoXG-Aj8JrBCnVtP4L1nz\/view?usp=sharing\" target=\"_blank\" rel=\"noreferrer noopener\">PDF &#8211; Cole\u00e7\u00f5es Especiais e hist\u00f3ricas<\/a> &#8211; Material utilizado na mesa &#8220;Cole\u00e7\u00f5es especiais e hist\u00f3ricas&#8221;, na II Semana do Livro e da Biblioteca, por Ana Virg\u00ednia Pinheiro, no dia 31 de outubro de 2022.<\/p>\n\n\n\n<p><a href=\"https:\/\/drive.google.com\/file\/d\/1ACcN2YavmuKP3C9uno9JB_JEDKwOj1bE\/view?usp=sharing\" data-type=\"link\" data-id=\"https:\/\/drive.google.com\/file\/d\/1ACcN2YavmuKP3C9uno9JB_JEDKwOj1bE\/view?usp=sharing\" target=\"_blank\" rel=\"noreferrer noopener\">PDF &#8211; Tessitura Hist\u00f3rica de lugares de mem\u00f3ria da UFBA<\/a> &#8211; Material utilizado na mesa &#8220;Lugares de mem\u00f3rias e bibliotecas universit\u00e1rias&#8221;, na II Semana do Livro e da Biblioteca, por Maria Alice Santos Ribeiro, no dia 01 de novembro de 2022.<\/p>\n\n\n\n<p><a href=\"https:\/\/drive.google.com\/file\/d\/1iqZBuHh8R2aY56NHVWC2vWuk-6LCi0zK\/view?usp=sharing\" data-type=\"link\" data-id=\"https:\/\/drive.google.com\/file\/d\/1iqZBuHh8R2aY56NHVWC2vWuk-6LCi0zK\/view?usp=sharing\" target=\"_blank\" rel=\"noreferrer noopener\">PDF &#8211; Biblioteca de Obras Raras \u00c1tila Almeida<\/a>: breve considera\u00e7\u00f5es &#8211; Material utilizado na mesa &#8220;Lugares de mem\u00f3rias e bibliotecas universit\u00e1rias&#8221;, na II Semana do Livro e da Biblioteca, por Ana Carolina Souza da Silva Arag\u00e3o e Val\u00e9ria Soares e Silva, no dia 01 de novembro de 2022.<\/p>\n\n\n\n<p><a href=\"https:\/\/drive.google.com\/file\/d\/1dpmxcOgswAV7x2tCJ7IyRDjt9OORsOr3\/view?usp=sharing\" data-type=\"link\" data-id=\"https:\/\/drive.google.com\/file\/d\/1dpmxcOgswAV7x2tCJ7IyRDjt9OORsOr3\/view?usp=sharing\" target=\"_blank\" rel=\"noreferrer noopener\">PDF &#8211; Biblioteca Setorial Francisco Tancredo Torres<\/a> &#8211; Material utilizado na mesa &#8220;Lugares de mem\u00f3rias e bibliotecas universit\u00e1rias&#8221;, na II Semana do Livro e da Biblioteca, por Juccia Nathielle de Oliveira, no dia 01 de novembro de 2022.<\/p>\n\n\n\n<p><a href=\"https:\/\/drive.google.com\/file\/d\/1GvpMLDOnEyWxjgcELXO_E_wW-TDDA3Ur\/view?usp=sharing\" data-type=\"link\" data-id=\"https:\/\/drive.google.com\/file\/d\/1GvpMLDOnEyWxjgcELXO_E_wW-TDDA3Ur\/view?usp=sharing\" target=\"_blank\" rel=\"noreferrer noopener\">PDF &#8211; Salvaguarda e Difus\u00e3o de Cole\u00e7\u00f5es Bibliogr\u00e1ficas Especiais <\/a>&#8211; Material utilizado na mesa &#8220;Cole\u00e7\u00f5es especiais e hist\u00f3ricas&#8221;, na II Semana do Livro e da Biblioteca, por Din\u00e1 Ara\u00fajo, no dia 31 de outubro de 2022.<\/p>\n","protected":false},"excerpt":{"rendered":"<p>DOCUMENTOS IMPORTANTES PARA CONCLUINTES Termo de autoriza\u00e7\u00e3o de publica\u00e7\u00e3o &#8211; TCC (Gradua\u00e7\u00e3o) &#8211; Autorizar publica\u00e7\u00e3o de Trabalhos de conclus\u00e3o de curso no Reposit\u00f3rio Institucional da UFPB. TEMPLATES &#8211; TRABALHOS DE CONCLUS\u00c3O DE CURSO Template TCC &#8211; Utilizado para qualquer tipo de Trabalho de Conclus\u00e3o de Curso. Template &#8211; Artigo Cient\u00edfico &#8211; Utilizado para Trabalho de [&hellip;]<\/p>\n","protected":false},"author":63,"featured_media":0,"parent":0,"menu_order":0,"comment_status":"closed","ping_status":"closed","template":"","meta":{"_acf_changed":false,"footnotes":""},"class_list":["post-142","page","type-page","status-publish","hentry"],"acf":[],"_links":{"self":[{"href":"https:\/\/www.cca.ufpb.br\/bscca\/wp-json\/wp\/v2\/pages\/142","targetHints":{"allow":["GET"]}}],"collection":[{"href":"https:\/\/www.cca.ufpb.br\/bscca\/wp-json\/wp\/v2\/pages"}],"about":[{"href":"https:\/\/www.cca.ufpb.br\/bscca\/wp-json\/wp\/v2\/types\/page"}],"author":[{"embeddable":true,"href":"https:\/\/www.cca.ufpb.br\/bscca\/wp-json\/wp\/v2\/users\/63"}],"replies":[{"embeddable":true,"href":"https:\/\/www.cca.ufpb.br\/bscca\/wp-json\/wp\/v2\/comments?post=142"}],"version-history":[{"count":23,"href":"https:\/\/www.cca.ufpb.br\/bscca\/wp-json\/wp\/v2\/pages\/142\/revisions"}],"predecessor-version":[{"id":744,"href":"https:\/\/www.cca.ufpb.br\/bscca\/wp-json\/wp\/v2\/pages\/142\/revisions\/744"}],"wp:attachment":[{"href":"https:\/\/www.cca.ufpb.br\/bscca\/wp-json\/wp\/v2\/media?parent=142"}],"curies":[{"name":"wp","href":"https:\/\/api.w.org\/{rel}","templated":true}]}}