{"id":133,"date":"2025-04-01T09:25:49","date_gmt":"2025-04-01T12:25:49","guid":{"rendered":"https:\/\/www.cca.ufpb.br\/bscca2\/?page_id=133"},"modified":"2025-07-02T10:05:06","modified_gmt":"2025-07-02T13:05:06","slug":"orientacoes-para-deposito-de-tese-dissertacao-pos-graduacao","status":"publish","type":"page","link":"https:\/\/www.cca.ufpb.br\/bscca\/orientacoes-para-deposito-de-tese-dissertacao-pos-graduacao\/","title":{"rendered":"Orienta\u00e7\u00f5es para dep\u00f3sito de Tese\/Disserta\u00e7\u00e3o (P\u00f3s-Gradua\u00e7\u00e3o)"},"content":{"rendered":"\n<figure class=\"wp-block-gallery has-nested-images columns-default is-cropped wp-block-gallery-1 is-layout-flex wp-block-gallery-is-layout-flex\">\n<figure class=\"wp-block-image size-large\"><img loading=\"lazy\" decoding=\"async\" width=\"724\" height=\"1024\" data-id=\"355\" src=\"https:\/\/www.cca.ufpb.br\/bscca\/wp-content\/uploads\/sites\/128\/sites\/275\/2025\/04\/30-724x1024.png\" alt=\"\" class=\"wp-image-355\" srcset=\"https:\/\/www.cca.ufpb.br\/bscca\/wp-content\/uploads\/sites\/128\/sites\/275\/2025\/04\/30-724x1024.png 724w, https:\/\/www.cca.ufpb.br\/bscca\/wp-content\/uploads\/sites\/128\/sites\/275\/2025\/04\/30-212x300.png 212w, https:\/\/www.cca.ufpb.br\/bscca\/wp-content\/uploads\/sites\/128\/sites\/275\/2025\/04\/30-768x1086.png 768w, https:\/\/www.cca.ufpb.br\/bscca\/wp-content\/uploads\/sites\/128\/sites\/275\/2025\/04\/30-1086x1536.png 1086w, https:\/\/www.cca.ufpb.br\/bscca\/wp-content\/uploads\/sites\/128\/sites\/275\/2025\/04\/30-1448x2048.png 1448w, https:\/\/www.cca.ufpb.br\/bscca\/wp-content\/uploads\/sites\/128\/sites\/275\/2025\/04\/30-scaled.png 1810w\" sizes=\"auto, (max-width: 724px) 100vw, 724px\" \/><\/figure>\n<\/figure>\n\n\n\n<p><\/p>\n\n\n\n<figure class=\"wp-block-image size-large\"><a href=\"https:\/\/drive.google.com\/file\/d\/1Jlh7KcGp2X5-YRttKlvs4ROv8Hi1I5uu\/view?usp=sharing\" target=\"_blank\" rel=\" noreferrer noopener\"><img loading=\"lazy\" decoding=\"async\" width=\"1024\" height=\"122\" src=\"https:\/\/www.cca.ufpb.br\/bscca\/wp-content\/uploads\/sites\/128\/sites\/275\/2025\/04\/Material-Site-BS-CCA-Novo-1024x122.png\" alt=\"\" class=\"wp-image-357\" srcset=\"https:\/\/www.cca.ufpb.br\/bscca\/wp-content\/uploads\/sites\/128\/sites\/275\/2025\/04\/Material-Site-BS-CCA-Novo-1024x122.png 1024w, https:\/\/www.cca.ufpb.br\/bscca\/wp-content\/uploads\/sites\/128\/sites\/275\/2025\/04\/Material-Site-BS-CCA-Novo-300x36.png 300w, https:\/\/www.cca.ufpb.br\/bscca\/wp-content\/uploads\/sites\/128\/sites\/275\/2025\/04\/Material-Site-BS-CCA-Novo-768x91.png 768w, https:\/\/www.cca.ufpb.br\/bscca\/wp-content\/uploads\/sites\/128\/sites\/275\/2025\/04\/Material-Site-BS-CCA-Novo-1536x183.png 1536w, https:\/\/www.cca.ufpb.br\/bscca\/wp-content\/uploads\/sites\/128\/sites\/275\/2025\/04\/Material-Site-BS-CCA-Novo-2048x244.png 2048w\" sizes=\"auto, (max-width: 1024px) 100vw, 1024px\" \/><\/a><\/figure>\n\n\n\n<p><\/p>\n\n\n\n<figure class=\"wp-block-image size-large\"><a href=\"https:\/\/conhecimento.sti.ufpb.br\/books\/autodeposito-de-teses-e-dissertacoes\" target=\"_blank\" rel=\" noreferrer noopener\"><img loading=\"lazy\" decoding=\"async\" width=\"1024\" height=\"122\" src=\"https:\/\/www.cca.ufpb.br\/bscca\/wp-content\/uploads\/sites\/128\/sites\/275\/2025\/07\/Material-Site-BS-CCA-Novo-7-1024x122.png\" alt=\"\" class=\"wp-image-786\" srcset=\"https:\/\/www.cca.ufpb.br\/bscca\/wp-content\/uploads\/sites\/128\/sites\/275\/2025\/07\/Material-Site-BS-CCA-Novo-7-1024x122.png 1024w, https:\/\/www.cca.ufpb.br\/bscca\/wp-content\/uploads\/sites\/128\/sites\/275\/2025\/07\/Material-Site-BS-CCA-Novo-7-300x36.png 300w, https:\/\/www.cca.ufpb.br\/bscca\/wp-content\/uploads\/sites\/128\/sites\/275\/2025\/07\/Material-Site-BS-CCA-Novo-7-768x91.png 768w, https:\/\/www.cca.ufpb.br\/bscca\/wp-content\/uploads\/sites\/128\/sites\/275\/2025\/07\/Material-Site-BS-CCA-Novo-7-1536x183.png 1536w, https:\/\/www.cca.ufpb.br\/bscca\/wp-content\/uploads\/sites\/128\/sites\/275\/2025\/07\/Material-Site-BS-CCA-Novo-7.png 2000w\" sizes=\"auto, (max-width: 1024px) 100vw, 1024px\" \/><\/a><\/figure>\n\n\n\n<p><\/p>\n","protected":false},"excerpt":{"rendered":"","protected":false},"author":63,"featured_media":0,"parent":0,"menu_order":0,"comment_status":"closed","ping_status":"closed","template":"","meta":{"_acf_changed":false,"footnotes":""},"class_list":["post-133","page","type-page","status-publish","hentry"],"acf":[],"_links":{"self":[{"href":"https:\/\/www.cca.ufpb.br\/bscca\/wp-json\/wp\/v2\/pages\/133","targetHints":{"allow":["GET"]}}],"collection":[{"href":"https:\/\/www.cca.ufpb.br\/bscca\/wp-json\/wp\/v2\/pages"}],"about":[{"href":"https:\/\/www.cca.ufpb.br\/bscca\/wp-json\/wp\/v2\/types\/page"}],"author":[{"embeddable":true,"href":"https:\/\/www.cca.ufpb.br\/bscca\/wp-json\/wp\/v2\/users\/63"}],"replies":[{"embeddable":true,"href":"https:\/\/www.cca.ufpb.br\/bscca\/wp-json\/wp\/v2\/comments?post=133"}],"version-history":[{"count":6,"href":"https:\/\/www.cca.ufpb.br\/bscca\/wp-json\/wp\/v2\/pages\/133\/revisions"}],"predecessor-version":[{"id":787,"href":"https:\/\/www.cca.ufpb.br\/bscca\/wp-json\/wp\/v2\/pages\/133\/revisions\/787"}],"wp:attachment":[{"href":"https:\/\/www.cca.ufpb.br\/bscca\/wp-json\/wp\/v2\/media?parent=133"}],"curies":[{"name":"wp","href":"https:\/\/api.w.org\/{rel}","templated":true}]}}