{"id":106,"date":"2025-04-01T09:15:47","date_gmt":"2025-04-01T12:15:47","guid":{"rendered":"https:\/\/www.cca.ufpb.br\/bscca2\/?page_id=106"},"modified":"2025-05-26T12:22:29","modified_gmt":"2025-05-26T15:22:29","slug":"normalizacao-documentaria","status":"publish","type":"page","link":"https:\/\/www.cca.ufpb.br\/bscca\/normalizacao-documentaria\/","title":{"rendered":"Normaliza\u00e7\u00e3o Document\u00e1ria"},"content":{"rendered":"<p><img loading=\"lazy\" decoding=\"async\" class=\" wp-image-107 aligncenter\" src=\"http:\/\/www.cca.ufpb.br\/bscca\/wp-content\/uploads\/sites\/128\/sites\/275\/2025\/04\/copy2_of_12-212x300.png\" alt=\"\" width=\"812\" height=\"1149\" srcset=\"https:\/\/www.cca.ufpb.br\/bscca\/wp-content\/uploads\/sites\/128\/sites\/275\/2025\/04\/copy2_of_12-212x300.png 212w, https:\/\/www.cca.ufpb.br\/bscca\/wp-content\/uploads\/sites\/128\/sites\/275\/2025\/04\/copy2_of_12-724x1024.png 724w, https:\/\/www.cca.ufpb.br\/bscca\/wp-content\/uploads\/sites\/128\/sites\/275\/2025\/04\/copy2_of_12-768x1086.png 768w, https:\/\/www.cca.ufpb.br\/bscca\/wp-content\/uploads\/sites\/128\/sites\/275\/2025\/04\/copy2_of_12-1086x1536.png 1086w, https:\/\/www.cca.ufpb.br\/bscca\/wp-content\/uploads\/sites\/128\/sites\/275\/2025\/04\/copy2_of_12.png 1414w\" sizes=\"auto, (max-width: 812px) 100vw, 812px\" \/><\/p>\n\n\n<p><\/p>\n\n\n\n<figure class=\"wp-block-image size-large\"><img loading=\"lazy\" decoding=\"async\" width=\"724\" height=\"1024\" src=\"https:\/\/www.cca.ufpb.br\/bscca\/wp-content\/uploads\/sites\/128\/sites\/275\/2025\/05\/13-724x1024.png\" alt=\"\" class=\"wp-image-605\" srcset=\"https:\/\/www.cca.ufpb.br\/bscca\/wp-content\/uploads\/sites\/128\/sites\/275\/2025\/05\/13-724x1024.png 724w, https:\/\/www.cca.ufpb.br\/bscca\/wp-content\/uploads\/sites\/128\/sites\/275\/2025\/05\/13-212x300.png 212w, https:\/\/www.cca.ufpb.br\/bscca\/wp-content\/uploads\/sites\/128\/sites\/275\/2025\/05\/13-768x1086.png 768w, https:\/\/www.cca.ufpb.br\/bscca\/wp-content\/uploads\/sites\/128\/sites\/275\/2025\/05\/13-1086x1536.png 1086w, https:\/\/www.cca.ufpb.br\/bscca\/wp-content\/uploads\/sites\/128\/sites\/275\/2025\/05\/13.png 1414w\" sizes=\"auto, (max-width: 724px) 100vw, 724px\" \/><\/figure>\n\n\n\n<p><\/p>\n\n\n\n<figure class=\"wp-block-image size-large\"><img loading=\"lazy\" decoding=\"async\" width=\"724\" height=\"1024\" src=\"https:\/\/www.cca.ufpb.br\/bscca\/wp-content\/uploads\/sites\/128\/sites\/275\/2025\/05\/14-724x1024.png\" alt=\"\" class=\"wp-image-606\" srcset=\"https:\/\/www.cca.ufpb.br\/bscca\/wp-content\/uploads\/sites\/128\/sites\/275\/2025\/05\/14-724x1024.png 724w, https:\/\/www.cca.ufpb.br\/bscca\/wp-content\/uploads\/sites\/128\/sites\/275\/2025\/05\/14-212x300.png 212w, https:\/\/www.cca.ufpb.br\/bscca\/wp-content\/uploads\/sites\/128\/sites\/275\/2025\/05\/14-768x1086.png 768w, https:\/\/www.cca.ufpb.br\/bscca\/wp-content\/uploads\/sites\/128\/sites\/275\/2025\/05\/14-1086x1536.png 1086w, https:\/\/www.cca.ufpb.br\/bscca\/wp-content\/uploads\/sites\/128\/sites\/275\/2025\/05\/14.png 1414w\" sizes=\"auto, (max-width: 724px) 100vw, 724px\" \/><\/figure>\n\n\n\n<p><\/p>\n","protected":false},"excerpt":{"rendered":"","protected":false},"author":63,"featured_media":0,"parent":0,"menu_order":0,"comment_status":"closed","ping_status":"closed","template":"","meta":{"_acf_changed":false,"footnotes":""},"class_list":["post-106","page","type-page","status-publish","hentry"],"acf":[],"_links":{"self":[{"href":"https:\/\/www.cca.ufpb.br\/bscca\/wp-json\/wp\/v2\/pages\/106","targetHints":{"allow":["GET"]}}],"collection":[{"href":"https:\/\/www.cca.ufpb.br\/bscca\/wp-json\/wp\/v2\/pages"}],"about":[{"href":"https:\/\/www.cca.ufpb.br\/bscca\/wp-json\/wp\/v2\/types\/page"}],"author":[{"embeddable":true,"href":"https:\/\/www.cca.ufpb.br\/bscca\/wp-json\/wp\/v2\/users\/63"}],"replies":[{"embeddable":true,"href":"https:\/\/www.cca.ufpb.br\/bscca\/wp-json\/wp\/v2\/comments?post=106"}],"version-history":[{"count":4,"href":"https:\/\/www.cca.ufpb.br\/bscca\/wp-json\/wp\/v2\/pages\/106\/revisions"}],"predecessor-version":[{"id":607,"href":"https:\/\/www.cca.ufpb.br\/bscca\/wp-json\/wp\/v2\/pages\/106\/revisions\/607"}],"wp:attachment":[{"href":"https:\/\/www.cca.ufpb.br\/bscca\/wp-json\/wp\/v2\/media?parent=106"}],"curies":[{"name":"wp","href":"https:\/\/api.w.org\/{rel}","templated":true}]}}